{"id":4857,"date":"2024-05-31T15:48:06","date_gmt":"2024-05-31T13:48:06","guid":{"rendered":"http:\/\/psychoanalyse-duesseldorf.de.w020562b.kasserver.com\/cms\/?page_id=4857"},"modified":"2025-03-25T15:49:25","modified_gmt":"2025-03-25T14:49:25","slug":"abteilung-ap-tp","status":"publish","type":"page","link":"https:\/\/www.psychoanalyse-duesseldorf.de\/?page_id=4857","title":{"rendered":"Abteilung AP\/TP"},"content":{"rendered":"\n<div class=\"wp-block-columns tw-cols-card tw-cols-card-shadow is-layout-flex wp-container-core-columns-is-layout-d0b3c9c8 wp-block-columns-is-layout-flex\">\n<div class=\"wp-block-column is-layout-flow wp-block-column-is-layout-flow\" style=\"--col-width:100%;flex-basis:100%\">\n<div class=\"wp-block-group\"><div class=\"wp-block-group__inner-container is-layout-constrained wp-block-group-is-layout-constrained\">\n<h3 class=\"wp-block-heading\">Leitung des Ausschusses f\u00fcr Aus- und Weiterbildung<\/h3>\n\n\n\n<p>Dr. med. Ingeborg Lackinger Karger<br>Am Rittersberg 47<br>40595 D\u00fcsseldorf<br>Tel.: +49 211 7822504<br>E-Mail: <a href=\"mailto:lackingerkarger@arcor.de\">lackingerkarger@arcor.de<\/a><\/p>\n\n\n\n<h3 class=\"wp-block-heading\">Mitglieder des Aus- und Weiterbildungsausschusses (WBA)<\/h3>\n\n\n\n<ul class=\"wp-block-list is-style-tw-no-bullet\">\n<li>Zenon Hottelet<\/li>\n\n\n\n<li>Roswita Huber-Schaffrath<\/li>\n\n\n\n<li>Josefine Lorenzen<\/li>\n\n\n\n<li>Bettina Mudrich<\/li>\n\n\n\n<li>Andrea Schleu<\/li>\n\n\n\n<li>Michael Skutta<\/li>\n\n\n\n<li>Eva Tr\u00fcbel<\/li>\n<\/ul>\n\n\n\n<h3 class=\"wp-block-heading\">Organisation des Vorlesungsverzeichnisses<\/h3>\n\n\n\n<ul class=\"wp-block-list is-style-tw-no-bullet\">\n<li>Josefine Lorenzen<\/li>\n\n\n\n<li>Bettina Mudrich<\/li>\n\n\n\n<li>Lara Winter<\/li>\n<\/ul>\n\n\n\n<h3 class=\"wp-block-heading\">Zur Weiterbildung Erm\u00e4chtigte der \u00c4rztekammer Nordrhein<\/h3>\n\n\n\n<p>Dr. med. Ingeborg Lackinger Karger<br>Am Rittersberg 47<br>40595 D\u00fcsseldorf<br>Tel.: +49 211 7822504<br>E-Mail: <a href=\"mailto:lackingerkarger@arcor.de\">lackingerkarger@arcor.de<\/a><\/p>\n\n\n\n<p>Dr. med. Dipl.-Psych. Josefine Lorenzen<br>Kaiserswerther Str. 45<br>40477 D\u00fcsseldorf<br>Tel.: +49 211 16456593<br>E-Mail: <a href=\"mailto:josefine.lorenzen@t-online.de\">josefine.lorenzen@t-online.de<\/a><\/p>\n\n\n\n<h3 class=\"wp-block-heading\">Kandidat_innenvertretung Psychoanalyse und Psychotherapie<\/h3>\n\n\n\n<p>Andreas Normann<br>Katharina Richter<br>E-Mail f\u00fcr beide: <a href=\"mailto:kandidaten_psa_tp@ipd-net.de\" target=\"_blank\" rel=\"noreferrer noopener\">kandidaten_psa_tp@ipd-net.de<\/a><\/p>\n\n\n\n<h3 class=\"wp-block-heading\">Ambulanz<\/h3>\n\n\n\n<p>Freiligrathstr. 13<br>40479 D\u00fcsseldorf<br>Tel.: +49 211 1719918<br>Fax: +49 211 17129839<br>E-Mail: <a href=\"mailto:%20PSA-Ambulanz@ipd-net.de\"><u>PSA-Ambulanz@ipd-net.de<\/u><\/a><\/p>\n\n\n\n<h3 class=\"wp-block-heading\">Ambulanzleitung<\/h3>\n\n\n\n<p>Eva Tr\u00fcbel<br>Ostersbaum 86<br>42107 Wuppertal<br>E-Mail: <a href=\"mailto:etruebel@gmx.de\">etruebel@gmx.de<\/a><\/p>\n\n\n\n<h3 class=\"wp-block-heading\">Stellvertretende Leitung der Ambulanz<\/h3>\n\n\n\n<p>Friederike Augustin Moretti<br>M\u00fchlheimer Str. 176<br>47057 Duisburg<br>Tel.: +49 203 93319125<br>E-Mail: <a href=\"mailto:%20friederike.augustin-moretti@t-online.de\"><u>friederike.augustin-moretti@t-online.de<\/u><\/a><\/p>\n\n\n\n<h3 class=\"wp-block-heading\">Ambulanzsekretariat<\/h3>\n\n\n\n<p>Dr. phil. Erdogan Aksu<br>Tel.: +49 211 1719918<br>Fax: +49 211 17129839<br>E-Mail: <a href=\"mailto:%20PSA-Ambulanz@ipd-net.de\"><u>PSA-Ambulanz@ipd-net.de<\/u><\/a><\/p>\n\n\n\n<h3 class=\"wp-block-heading\">Sprechzeit und Anmeldung f\u00fcr Patient_innen<\/h3>\n\n\n\n<p>montags 17.30 \u2013 20.30 Uhr<\/p>\n\n\n\n<h3 class=\"wp-block-heading\">Ambulanzsprecherin<\/h3>\n\n\n\n<p>Valentina Niccolai<br>E-Mail: <a href=\"mailto:vale.niccolai@gmail.com\">vale.niccolai@gmail.com<\/a><\/p>\n<\/div><\/div>\n<\/div>\n<\/div>\n\n\n\n<div class=\"wp-block-buttons has-custom-font-size has-extra-small-font-size is-content-justification-right is-layout-flex wp-container-core-buttons-is-layout-a6d96f85 wp-block-buttons-is-layout-flex\">\n<div class=\"wp-block-button\"><a class=\"wp-block-button__link has-white-color has-text-color has-background has-link-color wp-element-button\" href=\"https:\/\/www.psychoanalyse-duesseldorf.de\/cms\/?page_id=4495\" style=\"background-color:#891039\">Zur\u00fcck zu &#8222;Gremien&#8220;<\/a><\/div>\n<\/div>\n","protected":false},"excerpt":{"rendered":"<p>Leitung des Ausschusses f\u00fcr Aus- und Weiterbildung Dr. med. Ingeborg Lackinger KargerAm Rittersberg 4740595 D\u00fcsseldorfTel.: +49 211 7822504E-Mail: lackingerkarger@arcor.de Mitglieder des Aus- und Weiterbildungsausschusses (WBA) Organisation des Vorlesungsverzeichnisses Zur Weiterbildung Erm\u00e4chtigte der \u00c4rztekammer Nordrhein Dr. med. Ingeborg Lackinger KargerAm Rittersberg 4740595 D\u00fcsseldorfTel.: +49 211 7822504E-Mail: lackingerkarger@arcor.de Dr. med. Dipl.-Psych. Josefine LorenzenKaiserswerther Str. 4540477 D\u00fcsseldorfTel.: +49&hellip; <a class=\"more-link\" href=\"https:\/\/www.psychoanalyse-duesseldorf.de\/?page_id=4857\"><span class=\"screen-reader-text\">Abteilung AP\/TP<\/span> weiterlesen<\/a><\/p>\n","protected":false},"author":2,"featured_media":0,"parent":0,"menu_order":0,"comment_status":"closed","ping_status":"closed","template":"","meta":{"footnotes":""},"class_list":["post-4857","page","type-page","status-publish","hentry","entry"],"_links":{"self":[{"href":"https:\/\/www.psychoanalyse-duesseldorf.de\/index.php?rest_route=\/wp\/v2\/pages\/4857","targetHints":{"allow":["GET"]}}],"collection":[{"href":"https:\/\/www.psychoanalyse-duesseldorf.de\/index.php?rest_route=\/wp\/v2\/pages"}],"about":[{"href":"https:\/\/www.psychoanalyse-duesseldorf.de\/index.php?rest_route=\/wp\/v2\/types\/page"}],"author":[{"embeddable":true,"href":"https:\/\/www.psychoanalyse-duesseldorf.de\/index.php?rest_route=\/wp\/v2\/users\/2"}],"replies":[{"embeddable":true,"href":"https:\/\/www.psychoanalyse-duesseldorf.de\/index.php?rest_route=%2Fwp%2Fv2%2Fcomments&post=4857"}],"version-history":[{"count":7,"href":"https:\/\/www.psychoanalyse-duesseldorf.de\/index.php?rest_route=\/wp\/v2\/pages\/4857\/revisions"}],"predecessor-version":[{"id":5201,"href":"https:\/\/www.psychoanalyse-duesseldorf.de\/index.php?rest_route=\/wp\/v2\/pages\/4857\/revisions\/5201"}],"wp:attachment":[{"href":"https:\/\/www.psychoanalyse-duesseldorf.de\/index.php?rest_route=%2Fwp%2Fv2%2Fmedia&parent=4857"}],"curies":[{"name":"wp","href":"https:\/\/api.w.org\/{rel}","templated":true}]}}