{"id":4843,"date":"2024-05-31T15:35:05","date_gmt":"2024-05-31T13:35:05","guid":{"rendered":"http:\/\/psychoanalyse-duesseldorf.de.w020562b.kasserver.com\/cms\/?page_id=4843"},"modified":"2026-01-20T15:10:27","modified_gmt":"2026-01-20T14:10:27","slug":"vorstand","status":"publish","type":"page","link":"https:\/\/www.psychoanalyse-duesseldorf.de\/?page_id=4843","title":{"rendered":"Vorstand"},"content":{"rendered":"\n<div class=\"wp-block-columns tw-cols-card tw-cols-card-shadow is-layout-flex wp-container-core-columns-is-layout-d0b3c9c8 wp-block-columns-is-layout-flex\">\n<div class=\"wp-block-column is-layout-flow wp-block-column-is-layout-flow\" style=\"--col-width:100%;flex-basis:100%\">\n<div class=\"wp-block-group\"><div class=\"wp-block-group__inner-container is-layout-constrained wp-block-group-is-layout-constrained\">\n<h3 class=\"wp-block-heading\">Vorsitzende<\/h3>\n\n\n\n<p>Dipl.-Psych. Bettina Mudrich (DGPT)<br>Nachbarsweg 70<br>45481 M\u00fclheim<br>Tel.: +49 0172 2562360<br>E-Mail: <a href=\"mailto:b.mudrich@posteo.de\">b.mudrich@posteo.de<\/a><\/p>\n\n\n\n<h3 class=\"wp-block-heading\">Leiterin des Ausschusses f\u00fcr Aus- und Weiterbildung Psychoanalyse und Psychotherapie<\/h3>\n\n\n\n<p>Dr. med. Ingeborg Lackinger Karger (DGPT\/DPG\/IPA)<br>Am Rittersberg 47<br>40595 D\u00fcsseldorf<br>Tel.: +49 211 7822506<br>E-Mail: <a href=\"mailto:lackingerkarger@arcor.de\">lackingerkarger@arcor.de<\/a><\/p>\n\n\n\n<h3 class=\"wp-block-heading\">Leiterin des Ausschusses f\u00fcr Aus- und Weiterbildung AKJP<\/h3>\n\n\n\n<p>Dipl. Soz.-P\u00e4d. Verena Sanders (VAKJP)<br>L\u00fctticher Str. 281 d<br>52074 Aachen<br>Tel.: +49 241 99700609<br>E-Mail: <a href=\"mailto:info@therapie-sanders.de\" target=\"_blank\" rel=\"noreferrer noopener\">info@therapie-sanders.de<\/a><\/p>\n\n\n\n<p><\/p>\n\n\n\n<p><\/p>\n<\/div><\/div>\n<\/div>\n<\/div>\n\n\n\n<div class=\"wp-block-buttons has-custom-font-size has-extra-small-font-size is-content-justification-right is-layout-flex wp-container-core-buttons-is-layout-a6d96f85 wp-block-buttons-is-layout-flex\">\n<div class=\"wp-block-button\"><a class=\"wp-block-button__link has-white-color has-text-color has-background has-link-color wp-element-button\" href=\"https:\/\/www.psychoanalyse-duesseldorf.de\/cms\/?page_id=4495\" style=\"background-color:#891039\">Zur\u00fcck zu &#8222;Gremien&#8220;<\/a><\/div>\n<\/div>\n\n\n\n<p><\/p>\n","protected":false},"excerpt":{"rendered":"<p>Vorsitzende Dipl.-Psych. Bettina Mudrich (DGPT)Nachbarsweg 7045481 M\u00fclheimTel.: +49 0172 2562360E-Mail: b.mudrich@posteo.de Leiterin des Ausschusses f\u00fcr Aus- und Weiterbildung Psychoanalyse und Psychotherapie Dr. med. Ingeborg Lackinger Karger (DGPT\/DPG\/IPA)Am Rittersberg 4740595 D\u00fcsseldorfTel.: +49 211 7822506E-Mail: lackingerkarger@arcor.de Leiterin des Ausschusses f\u00fcr Aus- und Weiterbildung AKJP Dipl. Soz.-P\u00e4d. Verena Sanders (VAKJP)L\u00fctticher Str. 281 d52074 AachenTel.: +49 241 99700609E-Mail: info@therapie-sanders.de<\/p>\n","protected":false},"author":2,"featured_media":0,"parent":0,"menu_order":0,"comment_status":"closed","ping_status":"closed","template":"","meta":{"footnotes":""},"class_list":["post-4843","page","type-page","status-publish","hentry","entry"],"_links":{"self":[{"href":"https:\/\/www.psychoanalyse-duesseldorf.de\/index.php?rest_route=\/wp\/v2\/pages\/4843","targetHints":{"allow":["GET"]}}],"collection":[{"href":"https:\/\/www.psychoanalyse-duesseldorf.de\/index.php?rest_route=\/wp\/v2\/pages"}],"about":[{"href":"https:\/\/www.psychoanalyse-duesseldorf.de\/index.php?rest_route=\/wp\/v2\/types\/page"}],"author":[{"embeddable":true,"href":"https:\/\/www.psychoanalyse-duesseldorf.de\/index.php?rest_route=\/wp\/v2\/users\/2"}],"replies":[{"embeddable":true,"href":"https:\/\/www.psychoanalyse-duesseldorf.de\/index.php?rest_route=%2Fwp%2Fv2%2Fcomments&post=4843"}],"version-history":[{"count":7,"href":"https:\/\/www.psychoanalyse-duesseldorf.de\/index.php?rest_route=\/wp\/v2\/pages\/4843\/revisions"}],"predecessor-version":[{"id":5288,"href":"https:\/\/www.psychoanalyse-duesseldorf.de\/index.php?rest_route=\/wp\/v2\/pages\/4843\/revisions\/5288"}],"wp:attachment":[{"href":"https:\/\/www.psychoanalyse-duesseldorf.de\/index.php?rest_route=%2Fwp%2Fv2%2Fmedia&parent=4843"}],"curies":[{"name":"wp","href":"https:\/\/api.w.org\/{rel}","templated":true}]}}