{"id":46,"date":"2016-12-27T18:15:39","date_gmt":"2016-12-27T17:15:39","guid":{"rendered":"http:\/\/psychoanalyse-duesseldorf.de.w020562b.kasserver.com\/cms\/cms\/?page_id=46"},"modified":"2024-09-05T16:01:03","modified_gmt":"2024-09-05T14:01:03","slug":"kontakt","status":"publish","type":"page","link":"https:\/\/www.psychoanalyse-duesseldorf.de\/?page_id=46","title":{"rendered":"Kontakt"},"content":{"rendered":"\n<div class=\"wp-block-columns tw-cols-card tw-cols-card-shadow is-layout-flex wp-container-core-columns-is-layout-d0b3c9c8 wp-block-columns-is-layout-flex\">\n<div class=\"wp-block-column is-layout-flow wp-block-column-is-layout-flow\" style=\"--col-width:100%;flex-basis:100%\">\n<div class=\"wp-block-group\"><div class=\"wp-block-group__inner-container is-layout-constrained wp-block-group-is-layout-constrained\">\n<p class=\"has-h-3-font-size\">Anschrift<\/p>\n\n\n\n<p>Institut f\u00fcr Psychoanalyse und Psychotherapie D\u00fcsseldorf e.V.<br>Freiligrathstr. 13<br>40479 D\u00fcsseldorf<\/p>\n\n\n\n<p class=\"has-h-3-font-size\">Sekretariat<\/p>\n\n\n\n<p>Barbara Franke, M.A.<\/p>\n\n\n\n<p>Tel.: +49 211 1719917<br>Fax: +49 211 17129839<\/p>\n\n\n\n<p>Sprechzeit: montags 15:30 bis 20:30 Uhr<br><\/p>\n\n\n\n<p>Abweichungen von den o. g. Zeiten sind dem automatischen Anrufbeantworter des Institutes zu entnehmen.<\/p>\n\n\n\n<p>Oder senden Sie uns eine E-Mail an: <a rel=\"noopener noreferrer\" href=\"mailto:sekretariat@ipd-net.de\" target=\"_blank\">sekretariat@ipd-net.de<\/a><\/p>\n<\/div><\/div>\n<\/div>\n<\/div>\n","protected":false},"excerpt":{"rendered":"<p>Anschrift Institut f\u00fcr Psychoanalyse und Psychotherapie D\u00fcsseldorf e.V.Freiligrathstr. 1340479 D\u00fcsseldorf Sekretariat Barbara Franke, M.A. Tel.: +49 211 1719917Fax: +49 211 17129839 Sprechzeit: montags 15:30 bis 20:30 Uhr Abweichungen von den o. g. Zeiten sind dem automatischen Anrufbeantworter des Institutes zu entnehmen. Oder senden Sie uns eine E-Mail an: sekretariat@ipd-net.de<\/p>\n","protected":false},"author":1,"featured_media":0,"parent":0,"menu_order":8,"comment_status":"closed","ping_status":"closed","template":"","meta":{"footnotes":""},"class_list":["post-46","page","type-page","status-publish","hentry","entry"],"_links":{"self":[{"href":"https:\/\/www.psychoanalyse-duesseldorf.de\/index.php?rest_route=\/wp\/v2\/pages\/46","targetHints":{"allow":["GET"]}}],"collection":[{"href":"https:\/\/www.psychoanalyse-duesseldorf.de\/index.php?rest_route=\/wp\/v2\/pages"}],"about":[{"href":"https:\/\/www.psychoanalyse-duesseldorf.de\/index.php?rest_route=\/wp\/v2\/types\/page"}],"author":[{"embeddable":true,"href":"https:\/\/www.psychoanalyse-duesseldorf.de\/index.php?rest_route=\/wp\/v2\/users\/1"}],"replies":[{"embeddable":true,"href":"https:\/\/www.psychoanalyse-duesseldorf.de\/index.php?rest_route=%2Fwp%2Fv2%2Fcomments&post=46"}],"version-history":[{"count":7,"href":"https:\/\/www.psychoanalyse-duesseldorf.de\/index.php?rest_route=\/wp\/v2\/pages\/46\/revisions"}],"predecessor-version":[{"id":5112,"href":"https:\/\/www.psychoanalyse-duesseldorf.de\/index.php?rest_route=\/wp\/v2\/pages\/46\/revisions\/5112"}],"wp:attachment":[{"href":"https:\/\/www.psychoanalyse-duesseldorf.de\/index.php?rest_route=%2Fwp%2Fv2%2Fmedia&parent=46"}],"curies":[{"name":"wp","href":"https:\/\/api.w.org\/{rel}","templated":true}]}}