{"id":4516,"date":"2024-04-29T15:56:35","date_gmt":"2024-04-29T13:56:35","guid":{"rendered":"http:\/\/psychoanalyse-duesseldorf.de.w020562b.kasserver.com\/cms\/?page_id=4516"},"modified":"2024-07-19T13:19:04","modified_gmt":"2024-07-19T11:19:04","slug":"kooperationspartner","status":"publish","type":"page","link":"https:\/\/www.psychoanalyse-duesseldorf.de\/?page_id=4516","title":{"rendered":"Kooperationspartner"},"content":{"rendered":"\n<div class=\"wp-block-columns alignwide is-layout-flex wp-container-core-columns-is-layout-d0b3c9c8 wp-block-columns-is-layout-flex\">\n<div class=\"wp-block-column is-layout-flow wp-block-column-is-layout-flow\">\n<div class=\"wp-block-columns tw-cols-card tw-cols-card-shadow is-layout-flex wp-container-core-columns-is-layout-d0b3c9c8 wp-block-columns-is-layout-flex\">\n<div class=\"wp-block-column is-layout-flow wp-block-column-is-layout-flow\" style=\"--col-width:100%;flex-basis:100%\">\n<div class=\"wp-block-group\"><div class=\"wp-block-group__inner-container is-layout-constrained wp-block-group-is-layout-constrained\">\n<div class=\"wp-block-columns is-layout-flex wp-container-core-columns-is-layout-d0b3c9c8 wp-block-columns-is-layout-flex\">\n<div class=\"wp-block-column is-layout-flow wp-block-column-is-layout-flow\" style=\"--col-width:100%;flex-basis:100%\">\n<div class=\"wp-block-group\"><div class=\"wp-block-group__inner-container is-layout-constrained wp-block-group-is-layout-constrained\">\n<h3 class=\"wp-block-heading\">Programm der D\u00fcsseldorfer Arbeitsgruppe der Deutschen Psychoanalytischen Gesellschaft e. V.<\/h3>\n\n\n\n<p>Die D\u00fcsseldorfer Arbeitsgruppe der DPG veranstaltet in den R\u00e4umen des IPD f\u00fcr ihre Mitglieder und G\u00e4ste der DPG-AG sowie f\u00fcr Mitglieder und (bei manchen Veranstaltungen auch f\u00fcr) Kandidat_innen des IPD Vortr\u00e4ge und kasuistische Vorstellungen in der Regel am 3. Montag eines Monats. Veranstaltungsbeginn ist 20.00 Uhr. Die Einzelheiten sind den gesonderten Einladungsschreiben zu entnehmen.<\/p>\n\n\n\n<p>Am fachlichen Austausch interessierte Psychoanalytiker_innen k\u00f6nnen auf Antrag Mitglied werden.<\/p>\n\n\n\n<p>Weitere Informationen finden sich unter <a href=\"https:\/\/www.dpg-duesseldorf.de\/\">www.dpg-duesseldorf.de<\/a><\/p>\n\n\n\n<div class=\"wp-block-group has-subtle-background-color has-background\"><div class=\"wp-block-group__inner-container is-layout-constrained wp-block-group-is-layout-constrained\">\n<p class=\"has-text-align-center has-large-font-size\">Das aktuelle Programm finden Sie hier:<\/p>\n\n\n\n<div class=\"wp-block-buttons is-content-justification-center is-layout-flex wp-container-core-buttons-is-layout-a89b3969 wp-block-buttons-is-layout-flex\">\n<div class=\"wp-block-button\"><a class=\"wp-block-button__link has-white-color has-text-color has-background has-link-color wp-element-button\" href=\"https:\/\/www.psychoanalyse-duesseldorf.de\/cms\/wp-content\/uploads\/2024\/07\/Jahresprogramm_2024_DPG-AG.pdf\" style=\"background-color:#891039\" target=\"_blank\" rel=\"noreferrer noopener\">Download<\/a><\/div>\n<\/div>\n<\/div><\/div>\n<\/div><\/div>\n<\/div>\n<\/div>\n<\/div><\/div>\n<\/div>\n<\/div>\n<\/div>\n\n\n\n<div class=\"wp-block-column is-layout-flow wp-block-column-is-layout-flow\">\n<div class=\"wp-block-columns tw-cols-card tw-cols-card-shadow is-layout-flex wp-container-core-columns-is-layout-d0b3c9c8 wp-block-columns-is-layout-flex\">\n<div class=\"wp-block-column is-layout-flow wp-block-column-is-layout-flow\" style=\"--col-width:100%;flex-basis:100%\">\n<div class=\"wp-block-group\"><div class=\"wp-block-group__inner-container is-layout-constrained wp-block-group-is-layout-constrained\">\n<h3 class=\"wp-block-heading\">Veranstaltungen des Psychoonkologischen Netzwerks D\u00fcsseldorf<\/h3>\n\n\n\n<p> Alle Veranstaltungen finden online \u00fcber die digitale Plattform ZOOM statt. Die Teilnahme ist kostenfrei und nur nach Voranmeldung m\u00f6glich.<\/p>\n\n\n\n<p>Bitte senden Sie eine formlose Anmeldung an <a href=\"mailto:PSO-Netzwerk@med.uni-duesseldorf.de\">PSO-Netzwerk@med.uni-duesseldorf.de<\/a> . Sie erhalten dann mit der Anmeldebest\u00e4tigung den Veranstaltungslink zugeschickt.<\/p>\n\n\n\n<p>Eine Zertifizierung als Fortbildung bei der \u00c4rztekammer Nordrhein ist beantragt.<\/p>\n\n\n\n<div class=\"wp-block-group has-subtle-background-color has-background\"><div class=\"wp-block-group__inner-container is-layout-constrained wp-block-group-is-layout-constrained\">\n<p class=\"has-text-align-center has-large-font-size\">Das aktuelle Programm finden Sie hier:<\/p>\n\n\n\n<div class=\"wp-block-buttons is-content-justification-center is-layout-flex wp-container-core-buttons-is-layout-a89b3969 wp-block-buttons-is-layout-flex\">\n<div class=\"wp-block-button\"><a class=\"wp-block-button__link has-white-color has-text-color has-background has-link-color wp-element-button\" href=\"https:\/\/www.psychoanalyse-duesseldorf.de\/cms\/wp-content\/uploads\/2024\/05\/POND-2024-final.pdf\" style=\"background-color:#891030\" target=\"_blank\" rel=\"noreferrer noopener\">Download<\/a><\/div>\n<\/div>\n<\/div><\/div>\n<\/div><\/div>\n<\/div>\n<\/div>\n<\/div>\n<\/div>\n","protected":false},"excerpt":{"rendered":"<p>Programm der D\u00fcsseldorfer Arbeitsgruppe der Deutschen Psychoanalytischen Gesellschaft e. V. Die D\u00fcsseldorfer Arbeitsgruppe der DPG veranstaltet in den R\u00e4umen des IPD f\u00fcr ihre Mitglieder und G\u00e4ste der DPG-AG sowie f\u00fcr Mitglieder und (bei manchen Veranstaltungen auch f\u00fcr) Kandidat_innen des IPD Vortr\u00e4ge und kasuistische Vorstellungen in der Regel am 3. Montag eines Monats. Veranstaltungsbeginn ist 20.00&hellip; <a class=\"more-link\" href=\"https:\/\/www.psychoanalyse-duesseldorf.de\/?page_id=4516\"><span class=\"screen-reader-text\">Kooperationspartner<\/span> weiterlesen<\/a><\/p>\n","protected":false},"author":2,"featured_media":0,"parent":40,"menu_order":5,"comment_status":"closed","ping_status":"closed","template":"","meta":{"footnotes":""},"class_list":["post-4516","page","type-page","status-publish","hentry","entry"],"_links":{"self":[{"href":"https:\/\/www.psychoanalyse-duesseldorf.de\/index.php?rest_route=\/wp\/v2\/pages\/4516","targetHints":{"allow":["GET"]}}],"collection":[{"href":"https:\/\/www.psychoanalyse-duesseldorf.de\/index.php?rest_route=\/wp\/v2\/pages"}],"about":[{"href":"https:\/\/www.psychoanalyse-duesseldorf.de\/index.php?rest_route=\/wp\/v2\/types\/page"}],"author":[{"embeddable":true,"href":"https:\/\/www.psychoanalyse-duesseldorf.de\/index.php?rest_route=\/wp\/v2\/users\/2"}],"replies":[{"embeddable":true,"href":"https:\/\/www.psychoanalyse-duesseldorf.de\/index.php?rest_route=%2Fwp%2Fv2%2Fcomments&post=4516"}],"version-history":[{"count":6,"href":"https:\/\/www.psychoanalyse-duesseldorf.de\/index.php?rest_route=\/wp\/v2\/pages\/4516\/revisions"}],"predecessor-version":[{"id":5067,"href":"https:\/\/www.psychoanalyse-duesseldorf.de\/index.php?rest_route=\/wp\/v2\/pages\/4516\/revisions\/5067"}],"up":[{"embeddable":true,"href":"https:\/\/www.psychoanalyse-duesseldorf.de\/index.php?rest_route=\/wp\/v2\/pages\/40"}],"wp:attachment":[{"href":"https:\/\/www.psychoanalyse-duesseldorf.de\/index.php?rest_route=%2Fwp%2Fv2%2Fmedia&parent=4516"}],"curies":[{"name":"wp","href":"https:\/\/api.w.org\/{rel}","templated":true}]}}