{"id":4510,"date":"2024-04-29T15:53:47","date_gmt":"2024-04-29T13:53:47","guid":{"rendered":"http:\/\/psychoanalyse-duesseldorf.de.w020562b.kasserver.com\/cms\/?page_id=4510"},"modified":"2026-03-18T16:42:30","modified_gmt":"2026-03-18T15:42:30","slug":"dgpt-vakjp-institute-nrw","status":"publish","type":"page","link":"https:\/\/www.psychoanalyse-duesseldorf.de\/?page_id=4510","title":{"rendered":"DGPT \/ VAKJP Institute NRW"},"content":{"rendered":"\n<div class=\"wp-block-columns alignwide is-layout-flex wp-container-core-columns-is-layout-d0b3c9c8 wp-block-columns-is-layout-flex\">\n<div class=\"wp-block-column is-layout-flow wp-block-column-is-layout-flow\">\n<div class=\"wp-block-columns tw-cols-card tw-cols-card-shadow is-layout-flex wp-container-core-columns-is-layout-d0b3c9c8 wp-block-columns-is-layout-flex\">\n<div class=\"wp-block-column is-layout-flow wp-block-column-is-layout-flow\" style=\"--col-width:100%;flex-basis:100%\">\n<div class=\"wp-block-group\"><div class=\"wp-block-group__inner-container is-layout-constrained wp-block-group-is-layout-constrained\">\n<h2 class=\"wp-block-heading\">Instituts\u00fcbergreifende Seminarangebote der DGPT- und VAKJP-Institute NRW<\/h2>\n\n\n\n<p><strong>Die Angebote verstehen sich als gemeinsame Seminarangebote der kooperierenden DGPT- und VAKJP-Institute f\u00fcr ihre Aus- und Weiterbildungskandidat_innen und -teilnehmer_innen.<\/strong><\/p>\n\n\n\n<p>Jedes Quartal wird dieses gemeinsame Vorlesungsverzeichnis aktualisiert und per Mail versandt.<\/p>\n\n\n\n<p>Wir hoffen, dass wir Ihnen als Kandidat_innen interessante Veranstaltungen zug\u00e4nglich machen k\u00f6nnen, Sie Einblicke in die Ausbildungskultur und \u2013struktur anderer Institute gewinnen und sind auf Ihre R\u00fcckmeldungen gespannt!<\/p>\n\n\n\n<p>Bitte beachten Sie die Anmeldemodalit\u00e4ten pro Seminar und bringen Sie zu jeder der Veranstaltungen eine von Ihnen unterzeichnete Schweigepflichtserkl\u00e4rung mit, die Sie im jeweils anbietenden Institut zur Ablage abgeben. Die Datei dazu erhalten Sie mit dem Quartalsprogramm.<br>Denken Sie daran Ihr Studienbuch mitzunehmen. Sollten Sie es vergessen haben, k\u00f6nnen Sie sich die betreffende Veranstaltung \u00fcber unsere Teilnahmebescheinigung von den betreffenden Dozent_innen vor Ort abzeichnen lassen und mitnehmen.<\/p>\n\n\n\n<p>Bitte beachten Sie auch, dass die Veranstaltungen ggf. kurzfristig auf Online- oder Hybrid-(d.h. Pr\u00e4senz+Online)-Formate umgestellt werden k\u00f6nnen. Sie erhalten in diesem Fall nach Ihrer Anmeldung weiterf\u00fchrende Infos vom entsprechenden Institut.<\/p>\n<\/div><\/div>\n<\/div>\n<\/div>\n<\/div>\n\n\n\n<div class=\"wp-block-column is-layout-flow wp-block-column-is-layout-flow\">\n<div class=\"wp-block-columns tw-cols-card tw-cols-card-shadow is-layout-flex wp-container-core-columns-is-layout-d0b3c9c8 wp-block-columns-is-layout-flex\">\n<div class=\"wp-block-column is-layout-flow wp-block-column-is-layout-flow\" style=\"--col-width:100%;flex-basis:100%\">\n<div class=\"wp-block-group\"><div class=\"wp-block-group__inner-container is-layout-constrained wp-block-group-is-layout-constrained\">\n<div class=\"wp-block-group has-subtle-background-color has-background\"><div class=\"wp-block-group__inner-container is-layout-constrained wp-block-group-is-layout-constrained\">\n<p class=\"has-text-align-center has-large-font-size\">Die aktuellen Seminare finden Sie hier:<\/p>\n\n\n\n<div class=\"wp-block-buttons is-content-justification-center is-layout-flex wp-container-core-buttons-is-layout-a89b3969 wp-block-buttons-is-layout-flex\">\n<div class=\"wp-block-button\"><a class=\"wp-block-button__link has-white-color has-text-color has-background has-link-color wp-element-button\" href=\"https:\/\/www.psychoanalyse-duesseldorf.de\/cms\/wp-content\/uploads\/2026\/03\/DGPT-Institute-NRW-Semesterprogramm_SoSe-2026.pdf\" style=\"background-color:#891039\" target=\"_blank\" rel=\"noreferrer noopener\">Download<\/a><\/div>\n<\/div>\n<\/div><\/div>\n\n\n\n<div style=\"height:16px\" aria-hidden=\"true\" class=\"wp-block-spacer\"><\/div>\n\n\n\n<div class=\"wp-block-group has-subtle-background-color has-background\"><div class=\"wp-block-group__inner-container is-layout-constrained wp-block-group-is-layout-constrained\">\n<p class=\"has-text-align-center has-large-font-size\">Eine Schweigepflichtserkl\u00e4rungsvorlage finden Sie hier:<\/p>\n\n\n\n<div class=\"wp-block-buttons is-content-justification-center is-layout-flex wp-container-core-buttons-is-layout-a89b3969 wp-block-buttons-is-layout-flex\">\n<div class=\"wp-block-button\"><a class=\"wp-block-button__link has-white-color has-text-color has-background has-link-color wp-element-button\" href=\"https:\/\/www.psychoanalyse-duesseldorf.de\/cms\/wp-content\/uploads\/2026\/03\/Schweigepflichtserklaerung-SoSe-2026.pdf\" style=\"background-color:#891039\" target=\"_blank\" rel=\"noreferrer noopener\">Download<\/a><\/div>\n<\/div>\n<\/div><\/div>\n\n\n\n<div style=\"height:16px\" aria-hidden=\"true\" class=\"wp-block-spacer\"><\/div>\n\n\n\n<div class=\"wp-block-group has-subtle-background-color has-background\"><div class=\"wp-block-group__inner-container is-layout-constrained wp-block-group-is-layout-constrained\">\n<p class=\"has-text-align-center has-large-font-size\">Und eine allgemeine Teilnahmebescheinigung finden Sie hier:<\/p>\n\n\n\n<div class=\"wp-block-buttons is-content-justification-center is-layout-flex wp-container-core-buttons-is-layout-a89b3969 wp-block-buttons-is-layout-flex\">\n<div class=\"wp-block-button\"><a class=\"wp-block-button__link has-white-color has-text-color has-background has-link-color wp-element-button\" href=\"https:\/\/www.psychoanalyse-duesseldorf.de\/cms\/wp-content\/uploads\/2025\/04\/Teilnahmebescheinigung.pdf\" style=\"background-color:#891039\" target=\"_blank\" rel=\"noreferrer noopener\">Download<\/a><\/div>\n<\/div>\n<\/div><\/div>\n<\/div><\/div>\n<\/div>\n<\/div>\n<\/div>\n<\/div>\n","protected":false},"excerpt":{"rendered":"<p>Instituts\u00fcbergreifende Seminarangebote der DGPT- und VAKJP-Institute NRW Die Angebote verstehen sich als gemeinsame Seminarangebote der kooperierenden DGPT- und VAKJP-Institute f\u00fcr ihre Aus- und Weiterbildungskandidat_innen und -teilnehmer_innen. Jedes Quartal wird dieses gemeinsame Vorlesungsverzeichnis aktualisiert und per Mail versandt. Wir hoffen, dass wir Ihnen als Kandidat_innen interessante Veranstaltungen zug\u00e4nglich machen k\u00f6nnen, Sie Einblicke in die Ausbildungskultur und&hellip; <a class=\"more-link\" href=\"https:\/\/www.psychoanalyse-duesseldorf.de\/?page_id=4510\"><span class=\"screen-reader-text\">DGPT \/ VAKJP Institute NRW<\/span> weiterlesen<\/a><\/p>\n","protected":false},"author":2,"featured_media":0,"parent":40,"menu_order":2,"comment_status":"closed","ping_status":"closed","template":"","meta":{"footnotes":""},"class_list":["post-4510","page","type-page","status-publish","hentry","entry"],"_links":{"self":[{"href":"https:\/\/www.psychoanalyse-duesseldorf.de\/index.php?rest_route=\/wp\/v2\/pages\/4510","targetHints":{"allow":["GET"]}}],"collection":[{"href":"https:\/\/www.psychoanalyse-duesseldorf.de\/index.php?rest_route=\/wp\/v2\/pages"}],"about":[{"href":"https:\/\/www.psychoanalyse-duesseldorf.de\/index.php?rest_route=\/wp\/v2\/types\/page"}],"author":[{"embeddable":true,"href":"https:\/\/www.psychoanalyse-duesseldorf.de\/index.php?rest_route=\/wp\/v2\/users\/2"}],"replies":[{"embeddable":true,"href":"https:\/\/www.psychoanalyse-duesseldorf.de\/index.php?rest_route=%2Fwp%2Fv2%2Fcomments&post=4510"}],"version-history":[{"count":16,"href":"https:\/\/www.psychoanalyse-duesseldorf.de\/index.php?rest_route=\/wp\/v2\/pages\/4510\/revisions"}],"predecessor-version":[{"id":5314,"href":"https:\/\/www.psychoanalyse-duesseldorf.de\/index.php?rest_route=\/wp\/v2\/pages\/4510\/revisions\/5314"}],"up":[{"embeddable":true,"href":"https:\/\/www.psychoanalyse-duesseldorf.de\/index.php?rest_route=\/wp\/v2\/pages\/40"}],"wp:attachment":[{"href":"https:\/\/www.psychoanalyse-duesseldorf.de\/index.php?rest_route=%2Fwp%2Fv2%2Fmedia&parent=4510"}],"curies":[{"name":"wp","href":"https:\/\/api.w.org\/{rel}","templated":true}]}}