{"id":38,"date":"2016-12-27T18:14:25","date_gmt":"2016-12-27T17:14:25","guid":{"rendered":"http:\/\/psychoanalyse-duesseldorf.de.w020562b.kasserver.com\/cms\/cms\/?page_id=38"},"modified":"2026-01-14T12:15:59","modified_gmt":"2026-01-14T11:15:59","slug":"psychotherapie","status":"publish","type":"page","link":"https:\/\/www.psychoanalyse-duesseldorf.de\/?page_id=38","title":{"rendered":"Therapieplatzsuche"},"content":{"rendered":"\n<div class=\"wp-block-columns alignwide is-layout-flex wp-container-core-columns-is-layout-d0b3c9c8 wp-block-columns-is-layout-flex\">\n<div class=\"wp-block-column is-vertically-aligned-top is-layout-flow wp-block-column-is-layout-flow\">\n<div class=\"wp-block-columns tw-cols-card tw-cols-card-shadow is-layout-flex wp-container-core-columns-is-layout-d0b3c9c8 wp-block-columns-is-layout-flex\">\n<div class=\"wp-block-column is-layout-flow wp-block-column-is-layout-flow\" style=\"--col-width:100%;flex-basis:100%\">\n<h2 class=\"wp-block-heading has-h-3-font-size\">In unseren beiden Ambulanzen gibt es Angebote f\u00fcr Therapieplatzsuchende<\/h2>\n<\/div>\n<\/div>\n\n\n\n<div class=\"wp-block-columns tw-cols-card tw-cols-card-shadow is-layout-flex wp-container-core-columns-is-layout-d0b3c9c8 wp-block-columns-is-layout-flex\">\n<div class=\"wp-block-column is-layout-flow wp-block-column-is-layout-flow\" style=\"--col-width:100%;flex-basis:100%\">\n<figure class=\"wp-block-image size-full\"><img loading=\"lazy\" decoding=\"async\" width=\"1024\" height=\"683\" src=\"https:\/\/www.psychoanalyse-duesseldorf.de\/cms\/wp-content\/uploads\/2024\/07\/IPD_137_Therapeut_in.jpg\" alt=\"\" class=\"wp-image-4970\" srcset=\"https:\/\/www.psychoanalyse-duesseldorf.de\/cms\/wp-content\/uploads\/2024\/07\/IPD_137_Therapeut_in.jpg 1024w, https:\/\/www.psychoanalyse-duesseldorf.de\/cms\/wp-content\/uploads\/2024\/07\/IPD_137_Therapeut_in-300x200.jpg 300w, https:\/\/www.psychoanalyse-duesseldorf.de\/cms\/wp-content\/uploads\/2024\/07\/IPD_137_Therapeut_in-768x512.jpg 768w\" sizes=\"auto, (max-width: 1024px) 100vw, 1024px\" \/><\/figure>\n<\/div>\n<\/div>\n\n\n\n<div class=\"wp-block-columns tw-cols-card tw-cols-card-shadow is-layout-flex wp-container-core-columns-is-layout-d0b3c9c8 wp-block-columns-is-layout-flex\">\n<div class=\"wp-block-column is-vertically-aligned-top is-layout-flow wp-block-column-is-layout-flow\" style=\"--col-width:100%;flex-basis:100%\">\n<div class=\"wp-block-group\"><div class=\"wp-block-group__inner-container is-layout-constrained wp-block-group-is-layout-constrained\">\n<h2 class=\"wp-block-heading has-h-3-font-size\">Psychotherapeutische Ambulanzen<\/h2>\n\n\n\n<p>Wenn Sie f\u00fcr sich oder Ihr Kind einen Therapieplatz suchen, k\u00f6nnen Sie sich telefonisch in der jeweiligen Ambulanz anmelden. Ihre Daten werden dort im Sekretariat aufgenommen, und Sie erhalten baldm\u00f6glichst bei einem Therapeuten oder einer Therapeutin einen Termin f\u00fcr ein Erstgespr\u00e4ch. In diesem Gespr\u00e4ch geht es darum, gemeinsam Ihr Anliegen und Ihre Problematik genauer zu erfassen, eine erste diagnostische Einsch\u00e4tzung zu finden und Ihnen ein geeignetes Therapieverfahren zu empfehlen.<\/p>\n\n\n\n<p>Da auch bei uns nur eine begrenzte Zahl von Behandlungspl\u00e4tzen zur Verf\u00fcgung steht, k\u00f6nnen wir nicht immer einen Therapieplatz anbieten, Ihnen aber auf jeden Fall bei der weiteren Suche <strong>sachkundig, qualifiziert und ohne zus\u00e4tzlichen Kostenaufwand<\/strong> behilflich sein. Psychotherapeutische Behandlungen, die in den Ambulanzen stattfinden, werden zu den gleichen Bedingungen wie bei niedergelassener Psychotherapeut_innen <strong>von den gesetzlichen Krankenkassen finanziert<\/strong>. Die Behandlung von Privatversicherten ist nicht m\u00f6glich.<\/p>\n\n\n\n<p><strong>Ambulanz f\u00fcr Erwachsene<\/strong><br>Freiligrathstr. 13, 40479 D\u00fcsseldorf<br>E-Mail: <a href=\"mailto:psa-ambulanz@ipd-net.de\"><u>psa-ambulanz@ipd-net.de<\/u><\/a><\/p>\n\n\n\n<p>Sprechzeiten des Sekretariats (Herr Aksu):<br>montags 17.30 \u2013 20.30 Uhr<br>Tel. 0211 171 99 18<\/p>\n\n\n\n<p><strong>Ambulanz f\u00fcr analytische Kinder- und Jugendlichenpsychotherapie<\/strong><br>Freiligrathstr. 13, 40479 D\u00fcsseldorf<br><\/p>\n<\/div><\/div>\n<\/div>\n<\/div>\n<\/div>\n\n\n\n<div class=\"wp-block-column is-vertically-aligned-top is-layout-flow wp-block-column-is-layout-flow\">\n<div class=\"wp-block-columns tw-cols-card tw-cols-card-shadow is-layout-flex wp-container-core-columns-is-layout-d0b3c9c8 wp-block-columns-is-layout-flex\">\n<div class=\"wp-block-column is-layout-flow wp-block-column-is-layout-flow\" style=\"--col-width:100%;flex-basis:100%\">\n<div class=\"wp-block-group\"><div class=\"wp-block-group__inner-container is-layout-constrained wp-block-group-is-layout-constrained\">\n<h2 class=\"wp-block-heading has-h-3-font-size\">Hinweise f\u00fcr die Psychotherapieplatzsuche<\/h2>\n\n\n\n<p>Bei der Kassen\u00e4rztlichen Vereinigung Nordrhein <a href=\"https:\/\/patienten.kvno.de\/praxissuche\" target=\"_blank\" rel=\"noreferrer noopener\">patienten.kvno.de\/praxissuche<\/a> k\u00f6nnen Sie \u00fcber Ihren Standort oder an einem Zielort den Umkreis bestimmen. Es sind alle \u00e4rztlichen und psychologischen Psychotherapeut_innen mit und ohne eine Kassenzulassung f\u00fcr gesetzlich Versicherte aufgef\u00fchrt.<\/p>\n\n\n\n<p>Sie k\u00f6nnen unter \u201eFilter ausw\u00e4hlen\u201c Ihre Suchkriterien festlegen:<\/p>\n\n\n\n<p>\u201ePsychotherapieverfahren\u201c (analytisch, systemisch, tiefenpsychologisch, verhaltenstherapeutisch jeweils nach der Altersgruppe f\u00fcr Erwachsene oder Kinder- und Jugendliche)<\/p>\n\n\n\n<p>das Geschlecht des\/der Therapeut_in<\/p>\n\n\n\n<p>Therapiesprachen<\/p>\n\n\n\n<p>Barrierekriterien.<\/p>\n\n\n\n<p>Unter <a href=\"https:\/\/www.psychotherapiesuche.116117.de\/\" target=\"_blank\" rel=\"noreferrer noopener\">www.psychotherapiesuche.116117.de<\/a> k\u00f6nnen Sie \u00fcber Ihren Standort oder an einem Zielort den Umkreis bestimmen. Es sind alle \u00e4rztlichen und psychologischen Psychotherapeut_innen mit einer Kassenzulassung f\u00fcr gesetzlich Versicherte aufgef\u00fchrt.<\/p>\n\n\n\n<p>Unter den Treffern k\u00f6nnen Sie unter \u201eWeitere Suchkriterien\u201c unter<\/p>\n\n\n\n<p>\u201ePsychotherapie\u201c das Verfahren (analytisch, systemisch, tiefenpsychologisch, verhaltenstherapeutisch);<\/p>\n\n\n\n<p>die Altersgruppe (Erwachsene oder Kinder- und Jugendliche) und das Setting (Einzeltherapie, Gruppentherapie) w\u00e4hlen.<\/p>\n\n\n\n<p><strong>F\u00fcr Erwachsene:<\/strong><\/p>\n\n\n\n<p>Bei der Deutschen Gesellschaft f\u00fcr Psychoanalyse, Psychotherapie, Psychosomatik und Tiefenpsychologie <a href=\"https:\/\/dgpt.de\/\" target=\"_blank\" rel=\"noreferrer noopener\">dgpt.de<\/a> k\u00f6nnen Sie nach Therapeut_innen f\u00fcr Erwachsene in den psychoanalytisch begr\u00fcndeten Verfahren suchen, die nach den Standards dieser Gesellschaft ausgebildet wurden.<\/p>\n\n\n\n<p>Sie k\u00f6nnen unter \u201eTherapeutensuche\u201c nach Postleitzahl und Namen suchen und au\u00dferdem nach spezifischen Methoden und Behandlungssprachen.<\/p>\n\n\n\n<p><strong>F\u00fcr Kinder und Jugendliche:<\/strong><\/p>\n\n\n\n<p>Bei der Vereinigung f\u00fcr analytische und tiefenpsychologisch fundierte Kinder- und Jugendlichen-Psychotherapie <a href=\"https:\/\/vakjp.de\/\" target=\"_blank\" rel=\"noreferrer noopener\">vakjp.de<\/a> k\u00f6nnen Sie nach Therapeut_innen f\u00fcr Kinder und Jugendliche in den psychoanalytisch begr\u00fcndeten Verfahren suchen, die nach den Standards dieser Gesellschaft ausgebildet wurden.<\/p>\n\n\n\n<p> Sie k\u00f6nnen unter \u201ePsychotherapie\u201c im \u201eTherapeutenverzeichnis\u201c nach Postleitzahl, Ort und Namen suchen.<\/p>\n<\/div><\/div>\n<\/div>\n<\/div>\n\n\n\n<div class=\"wp-block-columns tw-cols-card tw-cols-card-shadow is-layout-flex wp-container-core-columns-is-layout-d0b3c9c8 wp-block-columns-is-layout-flex\">\n<div class=\"wp-block-column is-layout-flow wp-block-column-is-layout-flow\" style=\"--col-width:100%;flex-basis:100%\">\n<h2 class=\"wp-block-heading has-h-3-font-size\"><figure class=\"wp-block-image size-full\"><img loading=\"lazy\" decoding=\"async\" width=\"1024\" height=\"683\" class=\"wp-image-4479\" src=\"https:\/\/www.psychoanalyse-duesseldorf.de\/cms\/wp-content\/uploads\/2024\/04\/IPD_355_Analyse_5.jpg\" alt=\"\" srcset=\"https:\/\/www.psychoanalyse-duesseldorf.de\/cms\/wp-content\/uploads\/2024\/04\/IPD_355_Analyse_5.jpg 1024w, https:\/\/www.psychoanalyse-duesseldorf.de\/cms\/wp-content\/uploads\/2024\/04\/IPD_355_Analyse_5-300x200.jpg 300w, https:\/\/www.psychoanalyse-duesseldorf.de\/cms\/wp-content\/uploads\/2024\/04\/IPD_355_Analyse_5-768x512.jpg 768w\" sizes=\"auto, (max-width: 1024px) 100vw, 1024px\" \/><\/figure><\/h2>\n<\/div>\n<\/div>\n<\/div>\n<\/div>\n\n\n\n<div class=\"wp-block-columns tw-cols-card tw-cols-card-shadow is-layout-flex wp-container-core-columns-is-layout-d0b3c9c8 wp-block-columns-is-layout-flex\">\n<div class=\"wp-block-column is-layout-flow wp-block-column-is-layout-flow\">\n<div class=\"wp-block-group has-subtle-background-color has-background\"><div class=\"wp-block-group__inner-container is-layout-constrained wp-block-group-is-layout-constrained\">\n<p class=\"has-text-align-center has-large-font-size\">Hinweise als PDF-Datei<\/p>\n\n\n\n<div class=\"wp-block-buttons is-content-justification-center is-layout-flex wp-container-core-buttons-is-layout-a89b3969 wp-block-buttons-is-layout-flex\">\n<div class=\"wp-block-button\"><a class=\"wp-block-button__link has-white-color has-text-color has-background has-link-color wp-element-button\" href=\"https:\/\/www.psychoanalyse-duesseldorf.de\/cms\/wp-content\/uploads\/2024\/07\/Hinweise-Psychotherapieplatzsuche.pdf\" style=\"background-color:#891039\" target=\"_blank\" rel=\"noreferrer noopener\">Download<\/a><\/div>\n<\/div>\n<\/div><\/div>\n<\/div>\n<\/div>\n","protected":false},"excerpt":{"rendered":"<p>In unseren beiden Ambulanzen gibt es Angebote f\u00fcr Therapieplatzsuchende Psychotherapeutische Ambulanzen Wenn Sie f\u00fcr sich oder Ihr Kind einen Therapieplatz suchen, k\u00f6nnen Sie sich telefonisch in der jeweiligen Ambulanz anmelden. Ihre Daten werden dort im Sekretariat aufgenommen, und Sie erhalten baldm\u00f6glichst bei einem Therapeuten oder einer Therapeutin einen Termin f\u00fcr ein Erstgespr\u00e4ch. In diesem Gespr\u00e4ch&hellip; <a class=\"more-link\" href=\"https:\/\/www.psychoanalyse-duesseldorf.de\/?page_id=38\"><span class=\"screen-reader-text\">Therapieplatzsuche<\/span> weiterlesen<\/a><\/p>\n","protected":false},"author":1,"featured_media":0,"parent":0,"menu_order":6,"comment_status":"closed","ping_status":"closed","template":"","meta":{"footnotes":""},"class_list":["post-38","page","type-page","status-publish","hentry","entry"],"_links":{"self":[{"href":"https:\/\/www.psychoanalyse-duesseldorf.de\/index.php?rest_route=\/wp\/v2\/pages\/38","targetHints":{"allow":["GET"]}}],"collection":[{"href":"https:\/\/www.psychoanalyse-duesseldorf.de\/index.php?rest_route=\/wp\/v2\/pages"}],"about":[{"href":"https:\/\/www.psychoanalyse-duesseldorf.de\/index.php?rest_route=\/wp\/v2\/types\/page"}],"author":[{"embeddable":true,"href":"https:\/\/www.psychoanalyse-duesseldorf.de\/index.php?rest_route=\/wp\/v2\/users\/1"}],"replies":[{"embeddable":true,"href":"https:\/\/www.psychoanalyse-duesseldorf.de\/index.php?rest_route=%2Fwp%2Fv2%2Fcomments&post=38"}],"version-history":[{"count":34,"href":"https:\/\/www.psychoanalyse-duesseldorf.de\/index.php?rest_route=\/wp\/v2\/pages\/38\/revisions"}],"predecessor-version":[{"id":5275,"href":"https:\/\/www.psychoanalyse-duesseldorf.de\/index.php?rest_route=\/wp\/v2\/pages\/38\/revisions\/5275"}],"wp:attachment":[{"href":"https:\/\/www.psychoanalyse-duesseldorf.de\/index.php?rest_route=%2Fwp%2Fv2%2Fmedia&parent=38"}],"curies":[{"name":"wp","href":"https:\/\/api.w.org\/{rel}","templated":true}]}}