{"id":3777,"date":"2022-05-19T19:21:40","date_gmt":"2022-05-19T17:21:40","guid":{"rendered":"http:\/\/psychoanalyse-duesseldorf.de.w020562b.kasserver.com\/cms\/?page_id=3777"},"modified":"2026-01-20T15:17:36","modified_gmt":"2026-01-20T14:17:36","slug":"lehrende","status":"publish","type":"page","link":"https:\/\/www.psychoanalyse-duesseldorf.de\/?page_id=3777","title":{"rendered":"Lehrende"},"content":{"rendered":"\n<div class=\"wp-block-columns tw-cols-card tw-cols-card-shadow is-layout-flex wp-container-core-columns-is-layout-d0b3c9c8 wp-block-columns-is-layout-flex\">\n<div class=\"wp-block-column is-layout-flow wp-block-column-is-layout-flow\" style=\"--col-width:100%;flex-basis:100%\">\n<p class=\"has-extra-small-font-size\"><strong>La<\/strong> = Lehranalytiker_in \u2013 (La) = keine neuen Lehranalysen<br><strong>LTh<\/strong> = Lehrtherapeut_in \u2013 (LTh) = keine neuen Lehrtherapien<br><strong>Se<\/strong> = Selbsterfahrungsleiter_in AKJP<br><strong>Su<\/strong> = Supervisor_in \u2013 (Su) = keine neuen Supervisionen<br><strong>Do<\/strong> = Dozent_in \u2013 (Do) = im Co-Teaching<br><strong>Lb<\/strong> = Lehrbeauftragte_r<br><strong>Gd<\/strong> = Gastdozent_in<\/p>\n<\/div>\n<\/div>\n\n\n\n<div class=\"wp-block-columns tw-cols-card tw-cols-card-shadow is-layout-flex wp-container-core-columns-is-layout-d0b3c9c8 wp-block-columns-is-layout-flex\">\n<div class=\"wp-block-column is-layout-flow wp-block-column-is-layout-flow\" style=\"--col-width:100%;flex-basis:100%\">\n<div class=\"wp-block-group\"><div class=\"wp-block-group__inner-container is-layout-constrained wp-block-group-is-layout-constrained\">\n<div class=\"wp-block-columns is-layout-flex wp-container-core-columns-is-layout-d0b3c9c8 wp-block-columns-is-layout-flex\">\n<div class=\"wp-block-column is-layout-flow wp-block-column-is-layout-flow\" style=\"--col-width:100%;flex-basis:100%\">\n<div class=\"wp-block-group has-subtle-background-color has-background\"><div class=\"wp-block-group__inner-container is-layout-constrained wp-block-group-is-layout-constrained\">\n<p class=\"has-text-align-center has-large-font-size\">Liste der Lehrenden als PDF-Datei<\/p>\n\n\n\n<div class=\"wp-block-buttons is-content-justification-center is-layout-flex wp-container-core-buttons-is-layout-749adb30 wp-block-buttons-is-layout-flex\">\n<div class=\"wp-block-button\"><a class=\"wp-block-button__link has-white-color has-text-color has-background has-link-color has-text-align-left wp-element-button\" href=\"https:\/\/www.psychoanalyse-duesseldorf.de\/cms\/wp-content\/uploads\/2025\/09\/Lehrende.pdf\" style=\"background-color:#891039\" target=\"_blank\" rel=\"noreferrer noopener\">Download<\/a><\/div>\n<\/div>\n<\/div><\/div>\n<\/div>\n<\/div>\n<\/div><\/div>\n<\/div>\n<\/div>\n\n\n\n<div class=\"wp-block-columns alignwide tw-cols-card tw-cols-card-shadow is-layout-flex wp-container-core-columns-is-layout-d0b3c9c8 wp-block-columns-is-layout-flex\">\n<div class=\"wp-block-column is-layout-flow wp-block-column-is-layout-flow\" style=\"--col-width:100%;flex-basis:100%\">\n<figure class=\"wp-block-table\"><table><thead><tr><th><strong>Name<\/strong><\/th><th><strong>Qualifikation<\/strong><\/th><\/tr><\/thead><tbody><tr><td>Adler-Corman, Petra, Dipl.-P\u00e4d. (VAKJP\/DPG\/DGIP)<br>Freiligrathstr. 27, 40479 D\u00fcsseldorf<br>Tel.: 02 11 \/ 40 37 45<br>E-Mail: adler-corman@t-online.de<\/td><td>Se Su Do<\/td><\/tr><tr><td>Akkanen-vom Stein, Eeva-Kristiina, \u00c4rztin (DGPT)<br>K\u00f6nigstr. 47,42929 Wermelskirchen<br>Tel.: 021 96 \/ 84 976<br>E-Mail: akkanen-vomstein@avst.de<\/td><td>(La) (Su) (Do)<\/td><\/tr><tr><td>Althaus, Johanna (VAKJP)<br>Weststr. 15, 42697 Solingen<br>Tel.\/Fax: 02 12 \/ 38 36 753<br>E-Mail: johanna-althaus@t-online.de<\/td><td>Se Su Do<\/td><\/tr><tr><td>Augustin-Moretti, Friederike, Dipl.-Psych. (DGPT)<br>M\u00fclheimer Str. 176, 47057 Duisburg<br>Tel.: 02 03 \/ 93 31 91 25<br>E-Mail: friederike.augustin-moretti@t-online.de<\/td><td>(Do)<\/td><\/tr><tr><td>Bothe, Marsina Christin, M. Sc. (DGPT)<br>Gl\u00fcckauf-Ring 4, 45699 Herten<br>E-Mail: bothe-psa@gmx.de<\/td><td>(Do)<\/td><\/tr><tr><td>Brauweiler, Frank (VAKJP)<br>Elsener M\u00fchle 2, 41515 Grevenbroich<br>Tel.: 021 81 \/ 81 85 98<br>E-Mail: praxisbrauweiler@web.de<\/td><td>Lb<\/td><\/tr><tr><td>Buchheim, Silvana, Dipl.-Psych. (DGPT)<br>Neubr\u00fcckstr. 4, 40213 D\u00fcsseldorf<br>Tel.: 02 11 \/ 15 96 49 63<br>E-Mail: buchheim.mail@t-online.de<\/td><td>Do<\/td><\/tr><tr><td>Dr.&nbsp;phil. Degen, Michael P., Dipl.-Psych. (DGPT\/D3G)<br>Theresienstr. 28, 50931 K\u00f6ln<br>Tel.: 02 21 \/ 40 11 59<br>E-Mail: michael.degen@gmx.net<\/td><td>(Do)<\/td><\/tr><tr><td>Dr.&nbsp;med. Cabezon-Horn, Ismael (DGPT)<br>Hofaue 41-45, 42103 Wuppertal<br>Tel.: 02 02 \/ 94 60 89 90<br>E-Mail: info@kjp-halabi.de<br>Homepage: www.kjp-halabi.de<\/td><td>Do<\/td><\/tr><tr><td>Einig, Eva-Maria, Dipl.-Psych. et Theol. (DGPT)<br>Schillerstr. 37 \u2013 39, 44623 Herne<br>Tel.: 023 23 \/ 98 71 886<br>E-Mail: e-m.einig@psychoanalyse-einig.de<\/td><td>(La) Su Do<\/td><\/tr><tr><td>Einig, Hans-Werner, Dipl.-Psych. et Theol. (DGPT)<br>Schillerstr. 37 \u2013 39, 44623 Herne<br>Tel.: 023 23 \/ 98 87 420<br>E-Mail: w.einig@einig-psychoanalyse.de<\/td><td>(La) Su Do<\/td><\/tr><tr><td>Engelhardt, Gabriele, Dipl.-Soz.p\u00e4d. (VAKJP)<br>Sankt-Hubertus-Ring 48, 40589 D\u00fcsseldorf<br>Tel.: 02 11 \/ 23 92 04 88<br>E-Mail: engelhardt-praxis@web.de<\/td><td>Se Su Do<\/td><\/tr><tr><td>Dr.&nbsp;phil. Ferchland-Malzahn, Editha, Dipl.-Psych.<br>(DGPT\/DPG\/IPA\/D3G)<br>Schleckheimer Str. 96, 52076 Aachen<br>Tel.: 024 08 \/ 17 94 \u2013 Fax: 024 08 \/ 14 62 006<br>E-Mail: e.ferchland@malzahn.org<\/td><td>(La) (Su) (Do)<\/td><\/tr><tr><td>Prof.&nbsp;Dr.&nbsp;med. Franz, Matthias (DGPT\/DPG\/D3G)<br>Abteilung Psychosomatische Medizin und Psychotherapie am Alexius\/Josef Krankenhaus Neuss<br>Nordkanalallee 99, 41464 Neuss<br>Tel.: 021 31 \/ 52 92 86 12<br>E-Mail: Prof.Dr.M.Franz@t-online.de<br>Homepage: https:\/\/www.prof-m-franz.de<\/td><td>(La) Su Do<\/td><\/tr><tr><td>Geck von Kaenel, Irmtraut (VAKJP\/DGAP\/AGAP)<br>E-Mail: irmtraut.geck@gmx.de<\/td><td>Do<\/td><\/tr><tr><td>Haffer, Amelie, Dipl.-Soz.p\u00e4d. (VAKJP)<br>Westfalenstr. 285, 45276 Essen<br>Tel.: 02 01 \/ 79 42 79<br>E-Mail: praxis@amelie-haffer.de<br>Homepage: www.amelie-haffer.de<\/td><td>Se Su Do<\/td><\/tr><tr><td>Dr.&nbsp;med. Hartkamp, Norbert (DGPT\/D3G)<br>Rheinstr. 37, 42697 Solingen-Ohligs<br>Tel.: 02 12 \/ 22 17 72 70 \u2013 mobil: 0151 \/ 70 52 08 06<br>E-Mail: hartkamp@pthweb.de<\/td><td>La Su Do<\/td><\/tr><tr><td>Hartmann, Thomas (VAKJP)<br>Graf-Bernadotte-Str. 34, 45133 Essen<br>Tel.: 02 01 \/ 17 00 268<br>E-Mail: praxis.thomashartmann@t-online.de<\/td><td>Se Su Do<\/td><\/tr><tr><td>Univ.-Prof.&nbsp;Dr.&nbsp;med. Dr.&nbsp;theol. Heuft, Gereon (DGPT)<br>Klinik f\u00fcr Psychosomatik und Psychotherapie Universit\u00e4tsklinikum M\u00fcnster (UKM)<br>Albert-Schweitzer-Campus 1, Geb\u00e4ude A9, 48149 M\u00fcnster<br>Tel.: 0251 \/ 83 52 419<br>E-Mail: gereon.heuft@ukmuenster.de<\/td><td>La Su Do<\/td><\/tr><tr><td>Hohendahl, E. Hermann, Dipl.-P\u00e4d. (VAKJP)<br>Heckstr. 18, 45239 Essen<br>Tel.: 02 01 \/ 61 58 77 67<br>E-Mail: hohendahlh@t-online.de<\/td><td>Se Su Do<\/td><\/tr><tr><td>H\u00f6ffe, Peter<br>Am M\u00fchlenbach 104, 45147 Essen<br>Tel.: 0201 \/ 74 58 58<br>E-Mail: p.hoeffe@gmx.de<\/td><td>Gd<\/td><\/tr><tr><td>Dr.&nbsp;med. Horn, Elke (DGPT\/DPG\/IPA\/D3G)<br>Ackerstrasse 144g, Haus C, 40233 D\u00fcsseldorf<br>Tel.: 02 11 \/ 20 00 600<br>E-Mail: praxis@elke-horn.de<\/td><td>(La) Su Do<\/td><\/tr><tr><td>Hottelet, Sabine (VAKJP)<br>Bismarckstr. 93, 41061 M\u00f6nchengladbach<br>Tel.: 021 61 \/ 67 89 574<br>E-Mail: shottelet@web.de<\/td><td>Se Su Do<\/td><\/tr><tr><td>Hottelet, Zenon, Dipl.-Psych. (DGPT\/DPG)<br>B\u00f6kelstr. 182, 41063 M\u00f6nchengladbach<br>Tel.: 021 61 \/ 46 63 66<br>E-Mail: z.-hottelet@t-online.de<\/td><td>La Su Do<\/td><\/tr><tr><td>Dr.&nbsp;med. Huber-Schaffrath, Roswita (DGPT)<br>Holbeinstr. 1, 41063 M\u00f6nchengladbach<br>Tel.: 021 61 \/ 95 59 15<br>E-Mail: huber.schaffrath@gmail.com<\/td><td>(La) SuTP Do<\/td><\/tr><tr><td>Dr.&nbsp;med. Karger, Andr\u00e9, MME (DGPT)<br>Am Rittersberg 47, 40595 D\u00fcsseldorf<br>Tel.: 02 11 \/ 78 22 504<br>E-Mail: karger@uni-duesseldorf.de<\/td><td>LTh SuTP Do<\/td><\/tr><tr><td>Kessler, Henry, Dipl.-Psych. (DGPT\/DPG)<br>Malkastenstra\u00dfe 5, 40211 D\u00fcsseldorf<br>Tel.: 02 11 \/ 35 58 14 70<br>E-Mail: praxis@henrykessler.de<\/td><td>(La) Su Do<\/td><\/tr><tr><td>Dr.&nbsp;med. Klose, Bernd (DGPT)<br>Hofstra\u00dfe 10, 40723 Hilden<br>Tel.: 02 103 \/ 41 83 850<br>E-Mail: kontakt@klose-psa.de<\/td><td>(La) (Su) Do<\/td><\/tr><tr><td>Krobok, Ute \u00c4rztin (DGPT)<br>Wilhelm-Ziemons-Str. 75, 52078 Aachen<br>Tel.: 02 41 \/ 87 80 51<br>E-Mail: ute@krobok.de<\/td><td>Do<\/td><\/tr><tr><td>Prof.&nbsp;Dr.&nbsp;med. Kruse, Johannes (DGPT)<br>Klinik f\u00fcr Psychosomatik und Psychotherapie<br>Universit\u00e4t Giessen<br>Friedrichstr. 33, 35392 Giessen<br>Tel.: 06 41 \/ 99 45 600<br>E-Mail: johannes.kruse@psycho.med.uni-giessen.de<\/td><td>(La) (Su) Do<\/td><\/tr><tr><td>Dr.&nbsp;med. Lackinger Karger, Ingeborg (DGPT\/DPG\/IPA)<br>Am Rittersberg 47, 40595 D\u00fcsseldorf<br>Tel.: 02 11 \/ 78 22 506<br>E-Mail: lackingerkarger@arcor.de<br>Homepage: www.dr-med-ilk.de<\/td><td>La Su Do<\/td><\/tr><tr><td>PD Dr.&nbsp;med. Langenbach, Michael (DGPT \/ DPG)<br>Lindenthalg\u00fcrtel 28, 50935 K\u00f6ln<br>Tel.: 0160 \/ 79 53 454<br>E-Mail: praxisml@posteo.de<\/td><td>La Su Do<\/td><\/tr><tr><td>Dr.&nbsp;med. Lauer, Maria (DGPT)<br>D\u00f6rperweg 33, 40670 Meerbusch<br>Tel.: 021 59 \/ 44 95<br>E-Mail: marialauer@t-online.de<\/td><td>(La) (Su) (Do)<\/td><\/tr><tr><td>Dr.&nbsp;med. Lorenzen, Josefine, Dipl.-Psych. (DGPT)<br>Kaiserswerther Str. 45, 40477 D\u00fcsseldorf<br>Tel.: 02 11 \/ 16 45 65 93, mobil: 0174 \/ 74 86 982<br>E-Mail: josefine.lorenzen@t-online.de<br>Homepage: www.josefinelorenzen.de<\/td><td>La Su Do<\/td><\/tr><tr><td>Mudrich, Bettina, Dipl.-Psych. (DGPT)<br>Nachbarsweg 70, 45481 M\u00fclheim<br>Tel.: 0172 \/ 2562360<br>E-Mail: b.mudrich@posteo.de<\/td><td>(La) Su Do<\/td><\/tr><tr><td>Napiontek, Birgit, Dipl.-Soz.arb. (VAKJP)<br>Hofstra\u00dfe 10, 40723 Hilden<br>Tel.: 02 103 \/ 41 83 852<br>E-Mail: info@praxis-napiontek.com<\/td><td>Se (Su) Do<\/td><\/tr><tr><td>Dr.&nbsp;phil. Nitzschke, Bernd, Dipl.-Psych. (DGPT)<br>Am Wehrhahn 67, 40211 D\u00fcsseldorf<br>Tel.: 02 11 \/ 44 47 01<br>E-Mail: bernd.nitzschke@t-online.de<br>Homepage: www.werkblatt.at\/nitzschke\/index.html<\/td><td>(La) Su Do<\/td><\/tr><tr><td>Dr.&nbsp;med. Peteler, Helga<br>Adlerstra\u00dfe 1, 41469 Neuss<br>Tel.: 021 37 \/ 33 74 690<br>E-Mail: peteler-spp@t-online.de<\/td><td>Gd<\/td><\/tr><tr><td>Petri, Johannes, Dipl.-Psych. (DGPT\/DPG\/D3G)<br>Rosastr. 57, 45130 Essen<br>Tel.: 02 01 \/ 78 80 92<br>E-Mail: johannes.petri@arcor.de<\/td><td>La Su Do<\/td><\/tr><tr><td>Pf\u00e4fflin, Johannes, Dipl.-Psych. (DGPT)<br>H\u00fcttenstr. 1, 40699 Erkrath<br>Tel.: 021 04 \/ 39 165<br>E-Mail: j.pfaefflin@gmx.de<\/td><td>Do<\/td><\/tr><tr><td>Piechotta, Beatrice, \u00c4rztin (DGPT\/DPG)<br>Rosmarinstr. 12 L, 40235 D\u00fcsseldorf<br>Tel.: 02 11 \/ 44 10 32<br>E-Mail: bpiechotta@t-online.de<\/td><td>(La) (Su) Do<\/td><\/tr><tr><td>Pohlmann, Werner, Dipl.-Psych. (DGPT\/DPG)<br>Praxis: Berrenrather Str. 134, 50937 K\u00f6ln<br>Tel.: 02 21 \/ 42 59 71<br>E-Mail: pohlmann.werner@web.de<\/td><td>(La) (Su) (Do)<\/td><\/tr><tr><td>Quitmann, Gudrun, Dipl.-Soz. (VAKJP)<br>Couvenstr. 2, 40211 D\u00fcsseldorf<br>Tel.: 02 11 \/ 66 96 117<br>E-Mail: gudrunquitmann@t-online.de<\/td><td>Se Su Do<\/td><\/tr><tr><td>Dr.&nbsp;med. Rosanowski, Claudia (DGPT\/DPG)<br>Am Wasserturm 10, 40597 D\u00fcsseldorf<br>Tel.: 02 11 \/ 71 99 49<br>E-Mail: dr.c.rosanowski@t-online.de<br>Homepage: www.praxis-rosanowski.de<\/td><td>(La) Su Do<\/td><\/tr><tr><td>Rosenbaum, Kevin, Dipl.-Soz.arb. (VAKJP)<br>Bahnhofstr. 12, 59423 Unna<br>Tel.: 023 03 \/ 77 20 30<br>E-Mail: praxis@psychotherapie-rosenbaum.de<\/td><td>Lb<\/td><\/tr><tr><td>Dr.&nbsp;med. Rosenfeld, Stefanie (DGPT\/DPG\/IPA)<br>Frida-Kahlo-Str. 5, 41352 Korschenbroich<br>Tel.: 021 61 \/ 64 41 18<br>Bagelstr. 104, 40479 D\u00fcsseldorf<br>Tel.:  0171 \/ 75 75 320<br>E-Mail: dr.st.rosenfeld@icloud.com<\/td><td>La Su Do<\/td><\/tr><tr><td>Dr.&nbsp;med. Rust, Manfred (DGPT\/DPG)<br>Karth\u00e4usertr. 51, 53129 Bonn<br>Tel.: 02 28 \/ 92 66 85 85 \u2013 mobil: 0171 \/ 367 11 24<br>E-Mail: manfred.rust@t-online.de<\/td><td>(La) Su Do<\/td><\/tr><tr><td>Sand, Mechthild (VAKJP\/D3G)<br>Lindenhof 30c, 45481 M\u00fclheim<br>Tel.: 02 08 \/ 48 26 02 \u2013 mobil: 0179 \/ 39 22 229<br>E-Mail: m-sand@t-online.de<\/td><td>Se Su Do<\/td><\/tr><tr><td>Sanders, Verena, Dipl.-Soz.p\u00e4d. (VAKJP)<br>Fronhofstr. 9, 52146 W\u00fcrselen<br>Tel.: 024 05 \/ 47 91 92<br>E-Mail: info@therapie-sanders.de<\/td><td>Se Su Do<\/td><\/tr><tr><td>Prof.&nbsp;Dr.&nbsp;med. Schepker, Renate (KJPP)<br>Tel.: 07 51 \/ 76 01 27 89<br>E-Mail: renate.schepker@zfp-zentrum.de<\/td><td>Se Su Do<\/td><\/tr><tr><td>Dr. med. Scherer, Stephan (DPG, IPV, DGPT, D3G, GASi)<br>Pottkamp 23, 48149 M\u00fcnster<br>Tel.: 0251 \/ 97446348<br>E-Mail: sts-scherer@web.de<\/td><td>(Do)<\/td><\/tr><tr><td>Dr.&nbsp;med. Schleu, Andrea (DGPT)<br>R\u00fcttenscheider Platz 3, 45130 Essen<br>Tel.: 02 01 \/ 10 54 893<br>E-Mail: schleu.a@gmail.com<\/td><td>LTh SuTP Do<\/td><\/tr><tr><td>Schlieper, Susanne, Dipl.-Psych. (VAKJP)<br>Beethovenstr. 36, 40233 D\u00fcsseldorf<br>Tel.: 02 11 \/ 22 96 23 75<br>E-Mail: sd.schlieper@web.de<\/td><td>Se Su Do<\/td><\/tr><tr><td>Skutta, Michael, Arzt (DGPT\/DPG)<br>Klever Str. 33, 40477 D\u00fcsseldorf<br>Tel.: 0211 \/ 49 25 094<br>E-Mail: mskutta@gmx.de<\/td><td>Do<\/td><\/tr><tr><td>Strehlau, Sigrid (VAKJP)<br>Ferdinand-Thun-Str. 16, 42289 Wuppertal<br>Tel.: 02 02 \/ 59 95 14<br>E-Mail: sigrid.strehlau@t-online.de<\/td><td>Se Su Do<\/td><\/tr><tr><td>Struck, Ingeborg, Dipl.-Psych. (DGPT)<br>K\u00e4rntener Str. 1, 42697 Solingen<br>Tel.: 02 12 \/ 23 31 462<br>E-Mail: inge-struck@t-online.de<\/td><td>(Do)<\/td><\/tr><tr><td>Swyter, Volker, Dipl.-Psych. (DGPT)<br>Jessestr. 19, 50823 K\u00f6ln<br>Tel.: 02 21 \/ 73 74 20<br>E-Mail: v.swyter@t-online.de<\/td><td>(La) (Su) Do<\/td><\/tr><tr><td>Tangen-Petraitis, Christoph, Dipl.-Psych.<br>(DGPT\/DPG\/D3G)<br>Schubertstr. 46, 51375 Leverkusen<br>Tel.: 02 14 \/ 85 54 540<br>E-Mail: tangen-petraitis@t-online.de<\/td><td>La Su Do<\/td><\/tr><tr><td>Tr\u00fcbel, Eva, \u00c4rztin (DGPT)<br>Ostersbaum 86, 42107 Wuppertal<br>Tel.: 02 02 \/ 45 35 75<br>E-Mail: etruebel@gmx.de<\/td><td>Do<\/td><\/tr><tr><td>Dr.&nbsp;med. von der Stein, Bertram (DGPT\/DPG\/D3G)<br>Quettinghofstr. 10 a, 50769 K\u00f6ln<br>Tel.: 02 21 \/ 78 31 66<br>E-Mail: dr.von.der.stein@netcologne.de<\/td><td>La Su Do<\/td><\/tr><tr><td>Winter, Stefan, Arzt (DGPT)<br>Friedrich-Ebert-Str. 34, 42103 Wuppertal<br>Tel: 02 02 \/ 49 62 545<br>E-Mail: praxiswinter@t-online.de<\/td><td>La Su Do<\/td><\/tr><tr><td>PD Dr.&nbsp;med. W\u00f6ller, Wolfgang (DGPT\/DPG)<br>Muffendorfer Hauptstr. 7F, 53177 Bonn<br>Tel.: 02 28 \/ 96 10 96 85<br>E-Mail: wolfgang.woeller@gmx.de<\/td><td>(La) (Su) Do<\/td><\/tr><tr><td>Zimmermann, Marion, Dipl.-Heilp\u00e4d. (VAKJP)<br>Lindenallee 41, 47533 Kleve<br>Tel.: 028 21 \/ 97 96 366<br>E-Mail: zimmermann.marion@googlemail.com<\/td><td><\/td><\/tr><\/tbody><\/table><\/figure>\n<\/div>\n<\/div>\n\n\n\n<div class=\"wp-block-columns tw-cols-card tw-cols-card-shadow is-layout-flex wp-container-core-columns-is-layout-d0b3c9c8 wp-block-columns-is-layout-flex\">\n<div class=\"wp-block-column is-layout-flow wp-block-column-is-layout-flow\" style=\"--col-width:100%;flex-basis:100%\">\n<p class=\"has-extra-small-font-size\">DGPT = Deutsche Gesellschaft f\u00fcr Psychoanalyse, Psychotherapie, Psychosomatik und Tiefenpsychologie<br>DPG  = Deutsche Psychoanalytische Gesellschaft<br>DPV| = Deutsche Psychoanalytische Vereinigung<br>D3G  = Deutsche Gesellschaft f\u00fcr Gruppenanalyse und Gruppenpsychotherapie<br>IPA  = International Psychoanalytic Association<\/p>\n<\/div>\n<\/div>\n","protected":false},"excerpt":{"rendered":"<p>La = Lehranalytiker_in \u2013 (La) = keine neuen LehranalysenLTh = Lehrtherapeut_in \u2013 (LTh) = keine neuen LehrtherapienSe = Selbsterfahrungsleiter_in AKJPSu = Supervisor_in \u2013 (Su) = keine neuen SupervisionenDo = Dozent_in \u2013 (Do) = im Co-TeachingLb = Lehrbeauftragte_rGd = Gastdozent_in Liste der Lehrenden als PDF-Datei Name Qualifikation Adler-Corman, Petra, Dipl.-P\u00e4d. (VAKJP\/DPG\/DGIP)Freiligrathstr. 27, 40479 D\u00fcsseldorfTel.: 02 11&hellip; <a class=\"more-link\" href=\"https:\/\/www.psychoanalyse-duesseldorf.de\/?page_id=3777\"><span class=\"screen-reader-text\">Lehrende<\/span> weiterlesen<\/a><\/p>\n","protected":false},"author":2,"featured_media":0,"parent":19,"menu_order":4,"comment_status":"closed","ping_status":"closed","template":"","meta":{"footnotes":""},"class_list":["post-3777","page","type-page","status-publish","hentry","entry"],"_links":{"self":[{"href":"https:\/\/www.psychoanalyse-duesseldorf.de\/index.php?rest_route=\/wp\/v2\/pages\/3777","targetHints":{"allow":["GET"]}}],"collection":[{"href":"https:\/\/www.psychoanalyse-duesseldorf.de\/index.php?rest_route=\/wp\/v2\/pages"}],"about":[{"href":"https:\/\/www.psychoanalyse-duesseldorf.de\/index.php?rest_route=\/wp\/v2\/types\/page"}],"author":[{"embeddable":true,"href":"https:\/\/www.psychoanalyse-duesseldorf.de\/index.php?rest_route=\/wp\/v2\/users\/2"}],"replies":[{"embeddable":true,"href":"https:\/\/www.psychoanalyse-duesseldorf.de\/index.php?rest_route=%2Fwp%2Fv2%2Fcomments&post=3777"}],"version-history":[{"count":47,"href":"https:\/\/www.psychoanalyse-duesseldorf.de\/index.php?rest_route=\/wp\/v2\/pages\/3777\/revisions"}],"predecessor-version":[{"id":5292,"href":"https:\/\/www.psychoanalyse-duesseldorf.de\/index.php?rest_route=\/wp\/v2\/pages\/3777\/revisions\/5292"}],"up":[{"embeddable":true,"href":"https:\/\/www.psychoanalyse-duesseldorf.de\/index.php?rest_route=\/wp\/v2\/pages\/19"}],"wp:attachment":[{"href":"https:\/\/www.psychoanalyse-duesseldorf.de\/index.php?rest_route=%2Fwp%2Fv2%2Fmedia&parent=3777"}],"curies":[{"name":"wp","href":"https:\/\/api.w.org\/{rel}","templated":true}]}}