{"id":36,"date":"2016-12-27T18:14:00","date_gmt":"2016-12-27T17:14:00","guid":{"rendered":"http:\/\/psychoanalyse-duesseldorf.de.w020562b.kasserver.com\/cms\/cms\/?page_id=36"},"modified":"2024-05-31T17:21:25","modified_gmt":"2024-05-31T15:21:25","slug":"fortbildung","status":"publish","type":"page","link":"https:\/\/www.psychoanalyse-duesseldorf.de\/?page_id=36","title":{"rendered":"Fortbildung"},"content":{"rendered":"\n<div class=\"wp-block-columns alignwide is-layout-flex wp-container-core-columns-is-layout-d0b3c9c8 wp-block-columns-is-layout-flex\">\n<div class=\"wp-block-column is-layout-flow wp-block-column-is-layout-flow\">\n<div class=\"wp-block-columns tw-cols-card tw-cols-card-shadow is-layout-flex wp-container-core-columns-is-layout-d0b3c9c8 wp-block-columns-is-layout-flex\">\n<div class=\"wp-block-column is-layout-flow wp-block-column-is-layout-flow\" style=\"--col-width:100%;flex-basis:100%\">\n<div class=\"wp-block-group\"><div class=\"wp-block-group__inner-container is-layout-constrained wp-block-group-is-layout-constrained\">\n<h2 class=\"wp-block-heading\">Fortbildung f\u00fcr Fachleute<\/h2>\n\n\n\n<p>F\u00fcr Psychiater_innen, Psychotherapeut_innen, \u00c4rzt_innen unterschiedlicher Fachrichtungen und Angeh\u00f6rige anderer akademischer Berufsgruppen bietet das D\u00fcsseldorfer psychoanalytische Institut Fortbildungsveranstaltungen an.<\/p>\n\n\n\n<p>\u00c4rzt_innen und Psycholog_innen k\u00f6nnen so die geforderten Fortbildungsnachweise (CME-Nachweis) erbringen, f\u00fcr Angeh\u00f6rige anderer Berufsgruppen steht die Ausweitung ihrer pers\u00f6nlichen und interaktionellen Kompetenzen im Vordergrund.<\/p>\n\n\n\n<p>Bereits mit einer Fachkunde approbierte Psycholog_innen k\u00f6nnen weitere Fachkunden in tiefenpsychologisch fundierter und\/oder psychoanalytischer Psychotherapie bzw. Gruppentherapie erwerben. Dabei werden nat\u00fcrlich Teile der ersten Fachkunde anerkannt. Sie finden allgemeine Informationen dazu unter \u201eAus- und Weiterbildung \u2013 Zur Behandlung von Erwachsenen\u201c. Da dies auch von Ihren individuellen Voraussetzungen abh\u00e4ngt, wenden Sie sich bitte an die Weiterbildungsleitung, um zu kl\u00e4ren, welche Anforderungen f\u00fcr den Erwerb der weiteren Fachkunde f\u00fcr Sie gelten.<\/p>\n\n\n\n<p>F\u00fcr spezielle Fortbildungen im Bereich der Analytisch begr\u00fcndeten Supervision und der Organisations- und Personalberatung kooperiert das Institut mit seinen Partnerorganisationen innerhalb der D\u00fcsseldorfer Akademie f\u00fcr Psychoanalyse und Psychosomatik.<\/p>\n<\/div><\/div>\n<\/div>\n<\/div>\n<\/div>\n\n\n\n<div class=\"wp-block-column is-layout-flow wp-block-column-is-layout-flow\">\n<div class=\"wp-block-columns tw-cols-card tw-cols-card-shadow is-layout-flex wp-container-core-columns-is-layout-d0b3c9c8 wp-block-columns-is-layout-flex\">\n<div class=\"wp-block-column is-layout-flow wp-block-column-is-layout-flow\" style=\"--col-width:100%;flex-basis:100%\">\n<div class=\"wp-block-group\"><div class=\"wp-block-group__inner-container is-layout-constrained wp-block-group-is-layout-constrained\">\n<h2 class=\"wp-block-heading\">Fortbildung f\u00fcr Gasth\u00f6rer_innen<\/h2>\n\n\n\n<p>An zahlreichen Seminarangeboten, die als \u201cf\u00fcr alle H\u00f6rer_innen\u201d in unserem Semesterprogramm gekennzeichnet sind, k\u00f6nnen Sie als Gasth\u00f6rer_innen teilnehmen,.<\/p>\n\n\n\n<p>Als Gasth\u00f6rer_in melden sich bitte vor der ersten Veranstaltung im Sekretariat an. Sie erhalten dann ein Studienbuch und \u00fcberweisen unaufgefordert am Semesterende 15,- \u20ac pro DStd. auf das Institutskonto. Um sich bei den Dozent_innen anmelden zu k\u00f6nnen, finden Sie deren Mailadressen unter \u201e\u00dcber das IPD \u2013 Lehrende\u201c<\/p>\n\n\n\n<p>Auch als Student_in k\u00f6nnen Sie an bestimmten Veranstaltungen kostenlos teilnehmen, wenn Sie sich \u00fcber psychoanalytische Psychotherapie informieren wollen oder sich f\u00fcr eine Ausbildung an unserem Institut interessieren.<\/p>\n\n\n\n<p>Als Gasth\u00f6rer_in oder Student_in melden Sie sich bitte zun\u00e4chst im Sekretariat bei Frau Franke an.<\/p>\n\n\n\n<p>E-Mail an: <a href=\"mailto:sekretariat@ipd-net.de\">sekretariat@ipd-net.de<\/a><\/p>\n<\/div><\/div>\n<\/div>\n<\/div>\n\n\n\n<div class=\"wp-block-columns tw-cols-card tw-cols-card-shadow is-layout-flex wp-container-core-columns-is-layout-d0b3c9c8 wp-block-columns-is-layout-flex\">\n<div class=\"wp-block-column is-layout-flow wp-block-column-is-layout-flow\" style=\"--col-width:100%;flex-basis:100%\">\n<div class=\"wp-block-group\"><div class=\"wp-block-group__inner-container is-layout-constrained wp-block-group-is-layout-constrained\">\n<p><strong>Kontaktdaten<\/strong><\/p>\n\n\n\n<ul class=\"wp-block-list\">\n<li><strong>Der Lehrenden<\/strong> finden Sie \u00fcber <a href=\"https:\/\/www.psychoanalyse-duesseldorf.de\/cms\/?page_id=3777\">diesen Link<\/a> oder unter \u201e\u00dcber das IPD\u201c<\/li>\n<\/ul>\n<\/div><\/div>\n<\/div>\n<\/div>\n<\/div>\n<\/div>\n","protected":false},"excerpt":{"rendered":"<p>Fortbildung f\u00fcr Fachleute F\u00fcr Psychiater_innen, Psychotherapeut_innen, \u00c4rzt_innen unterschiedlicher Fachrichtungen und Angeh\u00f6rige anderer akademischer Berufsgruppen bietet das D\u00fcsseldorfer psychoanalytische Institut Fortbildungsveranstaltungen an. \u00c4rzt_innen und Psycholog_innen k\u00f6nnen so die geforderten Fortbildungsnachweise (CME-Nachweis) erbringen, f\u00fcr Angeh\u00f6rige anderer Berufsgruppen steht die Ausweitung ihrer pers\u00f6nlichen und interaktionellen Kompetenzen im Vordergrund. Bereits mit einer Fachkunde approbierte Psycholog_innen k\u00f6nnen weitere Fachkunden in&hellip; <a class=\"more-link\" href=\"https:\/\/www.psychoanalyse-duesseldorf.de\/?page_id=36\"><span class=\"screen-reader-text\">Fortbildung<\/span> weiterlesen<\/a><\/p>\n","protected":false},"author":1,"featured_media":0,"parent":0,"menu_order":5,"comment_status":"closed","ping_status":"closed","template":"","meta":{"footnotes":""},"class_list":["post-36","page","type-page","status-publish","hentry","entry"],"_links":{"self":[{"href":"https:\/\/www.psychoanalyse-duesseldorf.de\/index.php?rest_route=\/wp\/v2\/pages\/36","targetHints":{"allow":["GET"]}}],"collection":[{"href":"https:\/\/www.psychoanalyse-duesseldorf.de\/index.php?rest_route=\/wp\/v2\/pages"}],"about":[{"href":"https:\/\/www.psychoanalyse-duesseldorf.de\/index.php?rest_route=\/wp\/v2\/types\/page"}],"author":[{"embeddable":true,"href":"https:\/\/www.psychoanalyse-duesseldorf.de\/index.php?rest_route=\/wp\/v2\/users\/1"}],"replies":[{"embeddable":true,"href":"https:\/\/www.psychoanalyse-duesseldorf.de\/index.php?rest_route=%2Fwp%2Fv2%2Fcomments&post=36"}],"version-history":[{"count":6,"href":"https:\/\/www.psychoanalyse-duesseldorf.de\/index.php?rest_route=\/wp\/v2\/pages\/36\/revisions"}],"predecessor-version":[{"id":4890,"href":"https:\/\/www.psychoanalyse-duesseldorf.de\/index.php?rest_route=\/wp\/v2\/pages\/36\/revisions\/4890"}],"wp:attachment":[{"href":"https:\/\/www.psychoanalyse-duesseldorf.de\/index.php?rest_route=%2Fwp%2Fv2%2Fmedia&parent=36"}],"curies":[{"name":"wp","href":"https:\/\/api.w.org\/{rel}","templated":true}]}}