{"id":252,"date":"2016-12-29T11:43:03","date_gmt":"2016-12-29T10:43:03","guid":{"rendered":"http:\/\/psychoanalyse-duesseldorf.de.w020562b.kasserver.com\/cms\/cms\/?page_id=252"},"modified":"2025-08-21T22:29:42","modified_gmt":"2025-08-21T20:29:42","slug":"impressum","status":"publish","type":"page","link":"https:\/\/www.psychoanalyse-duesseldorf.de\/?page_id=252","title":{"rendered":"Impressum"},"content":{"rendered":"\n<div class=\"wp-block-columns tw-cols-card tw-cols-card-shadow is-layout-flex wp-container-core-columns-is-layout-d0b3c9c8 wp-block-columns-is-layout-flex\">\n<div class=\"wp-block-column is-layout-flow wp-block-column-is-layout-flow\" style=\"--col-width:100%;flex-basis:100%\">\n<div class=\"wp-block-group\"><div class=\"wp-block-group__inner-container is-layout-constrained wp-block-group-is-layout-constrained\">\n<p>Institut f\u00fcr Psychoanalyse und Psychotherapie D\u00fcsseldorf e.V.<br>Freiligrathstra\u00dfe 13<br>40479 D\u00fcsseldorf<\/p>\n\n\n\n<p>Vereinsregister: VR 5990<br>Registergericht: Amtsgericht D\u00fcsseldorf<\/p>\n\n\n\n<p><strong>Vertreten durch:<\/strong><br>Frau Dipl.-Psych. Bettina Mudrich (Vorsitzende)<br><\/p>\n\n\n\n<h3 class=\"wp-block-heading\">Kontakt<\/h3>\n\n\n\n<p>Telefon: +49 211 1719 917<br>Telefax: +49 211 1712 9839<br>E-Mail: <a href=\"mailto:sekretariat@ipd-net.de\">sekretariat@ipd-net.de<\/a><\/p>\n\n\n\n<h3 class=\"wp-block-heading\">Aufsichtsbeh\u00f6rde<\/h3>\n\n\n\n<p>Bezirksregierung D\u00fcsseldorf<br>Landespr\u00fcfungsamt f\u00fcr Medizin, Psychotherapie und Pharmazie<br>Am Bonneshof 35<br>40474 D\u00fcsseldorf<\/p>\n\n\n\n<ul class=\"wp-block-list\">\n<li><a href=\"https:\/\/www.brd.nrw.de\/themen\/gesundheit-soziales\/landespruefungsamt-fuer-medizin-psychotherapie-und-pharmazie\" target=\"_blank\" rel=\"noreferrer noopener\">https:\/\/www.brd.nrw.de\/themen\/gesundheit-soziales\/landespruefungsamt-fuer-medizin-psychotherapie-und-pharmazie<\/a><\/li>\n<\/ul>\n\n\n\n<p><strong>Zust\u00e4ndige Landesdatenschutzbeauftragte:<\/strong><\/p>\n\n\n\n<p>Frau Bettina Gayck<br>Postfach 200444<br>40102 D\u00fcsseldorf<br>Tel.: +49 211 38424 0<br>E-Mail: <a href=\"mailto:poststelle@ldi.nrw.de\"><u>poststelle@ldi.nrw.de<\/u><\/a><\/p>\n\n\n\n<h3 class=\"wp-block-heading\">Berufsbezeichnung und berufsrechtliche Regelungen<\/h3>\n\n\n\n<p><strong>Berufsbezeichnung:<\/strong><\/p>\n\n\n\n<ul class=\"wp-block-list\">\n<li>\u00c4rztinnen und \u00c4rzte<\/li>\n\n\n\n<li>Psychologische Psychotherapeuten<\/li>\n\n\n\n<li>Kinder- und Jugendlichenpsychotherapeuten<\/li>\n<\/ul>\n\n\n\n<p><strong>Zust\u00e4ndige Kammer:<\/strong><\/p>\n\n\n\n<ul class=\"wp-block-list\">\n<li>\u00c4rztekammer Nordrhein<\/li>\n\n\n\n<li>Kammer f\u00fcr Psychologische Psychotherapeuten und Kinder- und Jugendlichenpsychotherapeuten Nordrhein-Westfalen<\/li>\n<\/ul>\n\n\n\n<p><strong>Verliehen in:<\/strong><\/p>\n\n\n\n<ul class=\"wp-block-list\">\n<li>Deutschland<\/li>\n<\/ul>\n\n\n\n<p><strong>Es gelten folgende berufsrechtliche Regelungen:<\/strong><\/p>\n\n\n\n<ul class=\"wp-block-list\">\n<li>Berufsordnung f\u00fcr die nordrheinischen \u00c4rztinnen und \u00c4rzte, Heilberufsgesetz NRW<\/li>\n\n\n\n<li>Berufsordnung der Kammer f\u00fcr Psychologische Psychotherapeuten und<br>Kinder- und Jugendlichenpsychotherapeuten Nordrhein-Westfalen<\/li>\n\n\n\n<li>Heilberufsgesetz NRW<\/li>\n<\/ul>\n\n\n\n<p><strong>Regelungen einsehbar unter:<\/strong><\/p>\n\n\n\n<ul class=\"wp-block-list\">\n<li><a href=\"https:\/\/www.aekno.de\/aerzte\/berufsordnung\" target=\"_blank\" rel=\"noreferrer noopener\">https:\/\/www.aekno.de\/aerzte\/berufsordnung<\/a><\/li>\n\n\n\n<li><a href=\"https:\/\/www.ptk-nrw.de\/fileadmin\/user_upload\/downloads\/02_kammer\/recht\/Berufsordnung_PTK_NRW_Stand_21.10.2022.pdf\" target=\"_blank\" rel=\"noreferrer noopener\">https:\/\/www.ptk-nrw.de\/fileadmin\/user_upload\/downloads\/02_kammer\/recht\/Berufsordnung_PTK_NRW_Stand_21.10.2022.pdf<\/a><\/li>\n\n\n\n<li><a href=\"https:\/\/recht.nrw.de\/lmi\/owa\/br_bes_text?anw_nr=2&amp;bes_id=4895&amp;aufgehoben=N&amp;keyword=heilberufsgesetz\" target=\"_blank\" rel=\"noreferrer noopener\">https:\/\/recht.nrw.de\/lmi\/owa\/br_bes_text?anw_nr=2&amp;bes_id=4895&amp;aufgehoben=N&amp;keyword=heilberufsgesetz<\/a><\/li>\n<\/ul>\n\n\n\n<h3 class=\"wp-block-heading\">Redaktionell Verantwortliche<\/h3>\n\n\n\n<p>Frau Dipl.-Psych. Bettina Mudrich<br><br>(Adresse wie oben)<\/p>\n\n\n\n<h3 class=\"wp-block-heading\">Administration<\/h3>\n\n\n\n<p>Stephan Reus<br>Internet: <a href=\"https:\/\/stephan-reus.de\/digitalprojekt\" target=\"_blank\" rel=\"noreferrer noopener\">https:\/\/stephan-reus.de\/digitalprojekt<\/a><\/p>\n\n\n\n<h3 class=\"wp-block-heading\">Bildquellen<\/h3>\n\n\n\n<p>Die Fotos wurden von Johannes P\u00f6ttgens (<a href=\"https:\/\/www.poettgens.de\/\" target=\"_blank\" rel=\"noreferrer noopener\">www.poettgens.de<\/a>) erstellt. Die Urheberrechte obliegen dem IPD.<\/p>\n\n\n\n<h3 class=\"wp-block-heading\">Verbraucher\u00adstreit\u00adbeilegung\/Universal\u00adschlichtungs\u00adstelle<\/h3>\n\n\n\n<p>Wir sind nicht bereit oder verpflichtet, an Streitbeilegungsverfahren vor einer Verbraucherschlichtungsstelle teilzunehmen.<\/p>\n<\/div><\/div>\n<\/div>\n<\/div>\n","protected":false},"excerpt":{"rendered":"<p>Institut f\u00fcr Psychoanalyse und Psychotherapie D\u00fcsseldorf e.V.Freiligrathstra\u00dfe 1340479 D\u00fcsseldorf Vereinsregister: VR 5990Registergericht: Amtsgericht D\u00fcsseldorf Vertreten durch:Frau Dipl.-Psych. Bettina Mudrich (Vorsitzende) Kontakt Telefon: +49 211 1719 917Telefax: +49 211 1712 9839E-Mail: sekretariat@ipd-net.de Aufsichtsbeh\u00f6rde Bezirksregierung D\u00fcsseldorfLandespr\u00fcfungsamt f\u00fcr Medizin, Psychotherapie und PharmazieAm Bonneshof 3540474 D\u00fcsseldorf Zust\u00e4ndige Landesdatenschutzbeauftragte: Frau Bettina GayckPostfach 20044440102 D\u00fcsseldorfTel.: +49 211 38424 0E-Mail: poststelle@ldi.nrw.de Berufsbezeichnung&hellip; <a class=\"more-link\" href=\"https:\/\/www.psychoanalyse-duesseldorf.de\/?page_id=252\"><span class=\"screen-reader-text\">Impressum<\/span> weiterlesen<\/a><\/p>\n","protected":false},"author":1,"featured_media":0,"parent":0,"menu_order":9,"comment_status":"closed","ping_status":"closed","template":"","meta":{"footnotes":""},"class_list":["post-252","page","type-page","status-publish","hentry","entry"],"_links":{"self":[{"href":"https:\/\/www.psychoanalyse-duesseldorf.de\/index.php?rest_route=\/wp\/v2\/pages\/252","targetHints":{"allow":["GET"]}}],"collection":[{"href":"https:\/\/www.psychoanalyse-duesseldorf.de\/index.php?rest_route=\/wp\/v2\/pages"}],"about":[{"href":"https:\/\/www.psychoanalyse-duesseldorf.de\/index.php?rest_route=\/wp\/v2\/types\/page"}],"author":[{"embeddable":true,"href":"https:\/\/www.psychoanalyse-duesseldorf.de\/index.php?rest_route=\/wp\/v2\/users\/1"}],"replies":[{"embeddable":true,"href":"https:\/\/www.psychoanalyse-duesseldorf.de\/index.php?rest_route=%2Fwp%2Fv2%2Fcomments&post=252"}],"version-history":[{"count":14,"href":"https:\/\/www.psychoanalyse-duesseldorf.de\/index.php?rest_route=\/wp\/v2\/pages\/252\/revisions"}],"predecessor-version":[{"id":5242,"href":"https:\/\/www.psychoanalyse-duesseldorf.de\/index.php?rest_route=\/wp\/v2\/pages\/252\/revisions\/5242"}],"wp:attachment":[{"href":"https:\/\/www.psychoanalyse-duesseldorf.de\/index.php?rest_route=%2Fwp%2Fv2%2Fmedia&parent=252"}],"curies":[{"name":"wp","href":"https:\/\/api.w.org\/{rel}","templated":true}]}}