{"id":242,"date":"2016-12-29T09:24:05","date_gmt":"2016-12-29T08:24:05","guid":{"rendered":"http:\/\/psychoanalyse-duesseldorf.de.w020562b.kasserver.com\/cms\/cms\/?page_id=242"},"modified":"2024-07-06T07:32:08","modified_gmt":"2024-07-06T05:32:08","slug":"foerderverein","status":"publish","type":"page","link":"https:\/\/www.psychoanalyse-duesseldorf.de\/?page_id=242","title":{"rendered":"F\u00f6rderverein"},"content":{"rendered":"\n<div class=\"wp-block-columns alignwide is-layout-flex wp-container-core-columns-is-layout-d0b3c9c8 wp-block-columns-is-layout-flex\">\n<div class=\"wp-block-column is-layout-flow wp-block-column-is-layout-flow\">\n<div class=\"wp-block-columns tw-cols-card tw-cols-card-shadow is-layout-flex wp-container-core-columns-is-layout-d0b3c9c8 wp-block-columns-is-layout-flex\">\n<div class=\"wp-block-column is-layout-flow wp-block-column-is-layout-flow\" style=\"--col-width:100%;flex-basis:100%\">\n<div class=\"wp-block-group\"><div class=\"wp-block-group__inner-container is-layout-constrained wp-block-group-is-layout-constrained\">\n<p>Der Verein setzt sich zum Ziel, in erster Linie die Arbeit des Instituts f\u00fcr Psychoanalyse und Psychotherapie e.V. zu unterst\u00fctzen, zu begleiten und zu f\u00f6rdern, das Institut bei der Wahrnehmung seiner Interessen in der \u00d6ffentlichkeit zu unterst\u00fctzen und psychisch bed\u00fcrftigen Kindern, Jugendlichen und Erwachsenen durch geeignete Ma\u00dfnahmen therapeutische Hilfe gezielt zu erm\u00f6glichen.<\/p>\n\n\n\n<p>Dies soll geschehen durch \u00d6ffentlichkeitsarbeit, Fort- und Weiterbildung relevanter Berufsgruppen, Unterst\u00fctzung praxisbezogener wissenschaftlicher Forschung und F\u00f6rderung von Projekten f\u00fcr die oben erw\u00e4hnten Zwecke, die anderweitig nicht finanziert werden.<\/p>\n\n\n\n<p>Der Verein verfolgt ausschlie\u00dflich und unmittelbar gemeinn\u00fctzige Zwecke im Sinne des Abschnittes \u201csteuerbeg\u00fcnstigte Zwecke\u201d der Abgabenordnung (\u00a7\u00a7 51 ff).<\/p>\n\n\n\n<p>Sie k\u00f6nnen die Arbeit des F\u00f6rdervereins unterst\u00fctzen, indem Sie Mitglied werden. Der Mitgliedsbeitrag betr\u00e4gt 30 Euro pro Jahr. Sie k\u00f6nnen uns aber gerne mit einer einmaligen Spende f\u00f6rdern.<\/p>\n<\/div><\/div>\n<\/div>\n<\/div>\n<\/div>\n\n\n\n<div class=\"wp-block-column is-layout-flow wp-block-column-is-layout-flow\">\n<div class=\"wp-block-columns tw-cols-card tw-cols-card-shadow is-layout-flex wp-container-core-columns-is-layout-d0b3c9c8 wp-block-columns-is-layout-flex\">\n<div class=\"wp-block-column is-layout-flow wp-block-column-is-layout-flow\" style=\"--col-width:100%;flex-basis:100%\">\n<div class=\"wp-block-group\"><div class=\"wp-block-group__inner-container is-layout-constrained wp-block-group-is-layout-constrained\">\n<div class=\"wp-block-group\"><div class=\"wp-block-group__inner-container is-layout-constrained wp-block-group-is-layout-constrained\">\n<p>Verein der Freunde und F\u00f6rderer des Instituts f\u00fcr Psychoanalyse und Psychotherapie e.V.<br>Freiligrathstr. 13<br>40479 D\u00fcsseldorf<br>E-Mail: <a href=\"mailto:zoeke.greve@t-online.de\">zoeke.greve@t-online.de<\/a><\/p>\n\n\n\n<div class=\"wp-block-group has-subtle-background-color has-background\"><div class=\"wp-block-group__inner-container is-layout-constrained wp-block-group-is-layout-constrained\">\n<p class=\"has-large-font-size\">Kontoverbindung:<\/p>\n\n\n\n<p>ApoBank<br>IBAN: DE81 3006 0601 0005 3315 66<\/p>\n<\/div><\/div>\n<\/div><\/div>\n\n\n\n<div class=\"wp-block-group has-subtle-background-color has-background\"><div class=\"wp-block-group__inner-container is-layout-constrained wp-block-group-is-layout-constrained\">\n<p class=\"has-text-align-center has-large-font-size\">Die Satzung des F\u00f6rdervereins finden Sie hier:<\/p>\n\n\n\n<div class=\"wp-block-buttons is-content-justification-center is-layout-flex wp-container-core-buttons-is-layout-a89b3969 wp-block-buttons-is-layout-flex\">\n<div class=\"wp-block-button\"><a class=\"wp-block-button__link has-white-color has-text-color has-background has-link-color wp-element-button\" href=\"https:\/\/www.psychoanalyse-duesseldorf.de\/cms\/wp-content\/uploads\/2023\/12\/Satzung-IPD-Foerderverein.pdf\" style=\"background-color:#891039\" target=\"_blank\" rel=\"noreferrer noopener\">Download<\/a><\/div>\n<\/div>\n<\/div><\/div>\n<\/div><\/div>\n<\/div>\n<\/div>\n<\/div>\n<\/div>\n\n\n\n<ul class=\"is-style-tw-arrow wp-block-list\">\n<li><\/li>\n<\/ul>\n","protected":false},"excerpt":{"rendered":"<p>Der Verein setzt sich zum Ziel, in erster Linie die Arbeit des Instituts f\u00fcr Psychoanalyse und Psychotherapie e.V. zu unterst\u00fctzen, zu begleiten und zu f\u00f6rdern, das Institut bei der Wahrnehmung seiner Interessen in der \u00d6ffentlichkeit zu unterst\u00fctzen und psychisch bed\u00fcrftigen Kindern, Jugendlichen und Erwachsenen durch geeignete Ma\u00dfnahmen therapeutische Hilfe gezielt zu erm\u00f6glichen. Dies soll geschehen&hellip; <a class=\"more-link\" href=\"https:\/\/www.psychoanalyse-duesseldorf.de\/?page_id=242\"><span class=\"screen-reader-text\">F\u00f6rderverein<\/span> weiterlesen<\/a><\/p>\n","protected":false},"author":1,"featured_media":0,"parent":19,"menu_order":10,"comment_status":"closed","ping_status":"closed","template":"","meta":{"footnotes":""},"class_list":["post-242","page","type-page","status-publish","hentry","entry"],"_links":{"self":[{"href":"https:\/\/www.psychoanalyse-duesseldorf.de\/index.php?rest_route=\/wp\/v2\/pages\/242","targetHints":{"allow":["GET"]}}],"collection":[{"href":"https:\/\/www.psychoanalyse-duesseldorf.de\/index.php?rest_route=\/wp\/v2\/pages"}],"about":[{"href":"https:\/\/www.psychoanalyse-duesseldorf.de\/index.php?rest_route=\/wp\/v2\/types\/page"}],"author":[{"embeddable":true,"href":"https:\/\/www.psychoanalyse-duesseldorf.de\/index.php?rest_route=\/wp\/v2\/users\/1"}],"replies":[{"embeddable":true,"href":"https:\/\/www.psychoanalyse-duesseldorf.de\/index.php?rest_route=%2Fwp%2Fv2%2Fcomments&post=242"}],"version-history":[{"count":7,"href":"https:\/\/www.psychoanalyse-duesseldorf.de\/index.php?rest_route=\/wp\/v2\/pages\/242\/revisions"}],"predecessor-version":[{"id":4920,"href":"https:\/\/www.psychoanalyse-duesseldorf.de\/index.php?rest_route=\/wp\/v2\/pages\/242\/revisions\/4920"}],"up":[{"embeddable":true,"href":"https:\/\/www.psychoanalyse-duesseldorf.de\/index.php?rest_route=\/wp\/v2\/pages\/19"}],"wp:attachment":[{"href":"https:\/\/www.psychoanalyse-duesseldorf.de\/index.php?rest_route=%2Fwp%2Fv2%2Fmedia&parent=242"}],"curies":[{"name":"wp","href":"https:\/\/api.w.org\/{rel}","templated":true}]}}