{"id":238,"date":"2016-12-29T09:18:02","date_gmt":"2016-12-29T08:18:02","guid":{"rendered":"http:\/\/psychoanalyse-duesseldorf.de.w020562b.kasserver.com\/cms\/cms\/?page_id=238"},"modified":"2024-05-14T14:21:23","modified_gmt":"2024-05-14T12:21:23","slug":"filmclub","status":"publish","type":"page","link":"https:\/\/www.psychoanalyse-duesseldorf.de\/?page_id=238","title":{"rendered":"Filmclub"},"content":{"rendered":"\n<div class=\"wp-block-columns tw-cols-card tw-cols-card-shadow is-layout-flex wp-container-core-columns-is-layout-d0b3c9c8 wp-block-columns-is-layout-flex\">\n<div class=\"wp-block-column is-layout-flow wp-block-column-is-layout-flow\" style=\"--col-width:100%;flex-basis:100%\">\n<div class=\"wp-block-group\"><div class=\"wp-block-group__inner-container is-layout-constrained wp-block-group-is-layout-constrained\">\n<p>Die Akademie f\u00fcr Psychoanalyse und Psychosomatik zeigt in der BLACK BOX &#8211; Kino im Filmtheater (Schulstr. 4, 40213 D\u00fcsseldorf) regelm\u00e4\u00dfig ausgew\u00e4hlte Filme. Der Kommentar einer Psychoanalytikerin\/eines Psychoanalytikers wird begleitet von einer filmtheoretischen Einf\u00fchrung und abgerundet durch eine engagierte Diskussion mit dem Filmpublikum.<\/p>\n\n\n\n<p>Moderation: Prof. Dr. phil. Dirk Blothner und Dr. phil. Beate West-Leuer<\/p>\n\n\n\n<p><strong>Kartenreservierung unter Tel.: +49 211 899 22 32<\/strong><\/p>\n\n\n\n<div class=\"wp-block-group has-subtle-background-color has-background\"><div class=\"wp-block-group__inner-container is-layout-constrained wp-block-group-is-layout-constrained\">\n<p class=\"has-large-font-size\">Die n\u00e4chsten Titel und Termine des Filmprogramms:<\/p>\n\n\n\n<p> <a href=\"http:\/\/www.psychoanalyse-und-film.de\/\">www.psychoanalyse-und-film.de<\/a><\/p>\n<\/div><\/div>\n<\/div><\/div>\n<\/div>\n<\/div>\n","protected":false},"excerpt":{"rendered":"<p>Die Akademie f\u00fcr Psychoanalyse und Psychosomatik zeigt in der BLACK BOX &#8211; Kino im Filmtheater (Schulstr. 4, 40213 D\u00fcsseldorf) regelm\u00e4\u00dfig ausgew\u00e4hlte Filme. Der Kommentar einer Psychoanalytikerin\/eines Psychoanalytikers wird begleitet von einer filmtheoretischen Einf\u00fchrung und abgerundet durch eine engagierte Diskussion mit dem Filmpublikum. Moderation: Prof. Dr. phil. Dirk Blothner und Dr. phil. Beate West-Leuer Kartenreservierung unter&hellip; <a class=\"more-link\" href=\"https:\/\/www.psychoanalyse-duesseldorf.de\/?page_id=238\"><span class=\"screen-reader-text\">Filmclub<\/span> weiterlesen<\/a><\/p>\n","protected":false},"author":1,"featured_media":0,"parent":40,"menu_order":6,"comment_status":"closed","ping_status":"closed","template":"","meta":{"footnotes":""},"class_list":["post-238","page","type-page","status-publish","hentry","entry"],"_links":{"self":[{"href":"https:\/\/www.psychoanalyse-duesseldorf.de\/index.php?rest_route=\/wp\/v2\/pages\/238","targetHints":{"allow":["GET"]}}],"collection":[{"href":"https:\/\/www.psychoanalyse-duesseldorf.de\/index.php?rest_route=\/wp\/v2\/pages"}],"about":[{"href":"https:\/\/www.psychoanalyse-duesseldorf.de\/index.php?rest_route=\/wp\/v2\/types\/page"}],"author":[{"embeddable":true,"href":"https:\/\/www.psychoanalyse-duesseldorf.de\/index.php?rest_route=\/wp\/v2\/users\/1"}],"replies":[{"embeddable":true,"href":"https:\/\/www.psychoanalyse-duesseldorf.de\/index.php?rest_route=%2Fwp%2Fv2%2Fcomments&post=238"}],"version-history":[{"count":4,"href":"https:\/\/www.psychoanalyse-duesseldorf.de\/index.php?rest_route=\/wp\/v2\/pages\/238\/revisions"}],"predecessor-version":[{"id":4567,"href":"https:\/\/www.psychoanalyse-duesseldorf.de\/index.php?rest_route=\/wp\/v2\/pages\/238\/revisions\/4567"}],"up":[{"embeddable":true,"href":"https:\/\/www.psychoanalyse-duesseldorf.de\/index.php?rest_route=\/wp\/v2\/pages\/40"}],"wp:attachment":[{"href":"https:\/\/www.psychoanalyse-duesseldorf.de\/index.php?rest_route=%2Fwp%2Fv2%2Fmedia&parent=238"}],"curies":[{"name":"wp","href":"https:\/\/api.w.org\/{rel}","templated":true}]}}