{"id":226,"date":"2016-12-29T09:10:01","date_gmt":"2016-12-29T08:10:01","guid":{"rendered":"http:\/\/psychoanalyse-duesseldorf.de.w020562b.kasserver.com\/cms\/cms\/?page_id=226"},"modified":"2024-05-31T16:46:56","modified_gmt":"2024-05-31T14:46:56","slug":"arbeitsgruppen","status":"publish","type":"page","link":"https:\/\/www.psychoanalyse-duesseldorf.de\/?page_id=226","title":{"rendered":"Arbeitsgruppen"},"content":{"rendered":"\n<div class=\"wp-block-columns alignwide is-layout-flex wp-container-core-columns-is-layout-d0b3c9c8 wp-block-columns-is-layout-flex\">\n<div class=\"wp-block-column is-layout-flow wp-block-column-is-layout-flow\">\n<div class=\"wp-block-columns tw-cols-card tw-cols-card-shadow is-layout-flex wp-container-core-columns-is-layout-d0b3c9c8 wp-block-columns-is-layout-flex\">\n<div class=\"wp-block-column is-layout-flow wp-block-column-is-layout-flow\" style=\"--col-width:100%;flex-basis:100%\">\n<div class=\"wp-block-group\"><div class=\"wp-block-group__inner-container is-layout-constrained wp-block-group-is-layout-constrained\">\n<h2 class=\"wp-block-heading has-h-3-font-size\">AG Tiefenpsychologisch fundierte Psychotherapie<\/h2>\n\n\n\n<p><strong>Augustin-Moretti \/ Mudrich<\/strong><\/p>\n\n\n\n<p>Schwerpunkt der Arbeitsgruppe ist es, anhand von Fallmaterial und Literatur die eigenen theoretischen und behandlungspraktischen Konzepte tiefenpsychologisch fundierten Arbeitens mit Kolleg_innen zu diskutieren und auf diese Weise zu &#8222;sch\u00e4rfen&#8220;.<\/p>\n\n\n\n<p><strong>H\u00f6rerkreis:<\/strong> Mitglieder des IPD sowie niedergelassene Kolleg_innen<\/p>\n\n\n\n<p>Information zu Terminen und aktuellen Diskussionsthemen sowie Anmeldung bitte unter <a href=\"mailto:friederike.augustin-moretti@t-online.de\">friederike.augustin-moretti@t-online.de<\/a><\/p>\n<\/div><\/div>\n<\/div>\n<\/div>\n\n\n\n<div class=\"wp-block-columns tw-cols-card tw-cols-card-shadow is-layout-flex wp-container-core-columns-is-layout-d0b3c9c8 wp-block-columns-is-layout-flex\">\n<div class=\"wp-block-column is-layout-flow wp-block-column-is-layout-flow\" style=\"--col-width:100%;flex-basis:100%\">\n<div class=\"wp-block-group\"><div class=\"wp-block-group__inner-container is-layout-constrained wp-block-group-is-layout-constrained\">\n<p class=\"has-h-3-font-size\">Ethik AG<\/p>\n\n\n\n<p>Johanna Althaus, Silvana Buchheim, Werner Einig, Roswitha Huber-Schaffrath, Ingeborg Lackinger Karger, Verena Sanders, Andrea Schleu<\/p>\n\n\n\n<p>Wir m\u00f6chten einladen zum offenen Austausch \u00fcber ethische Fragen in und rund um die Psychotherapie. Eigentlich begegnen uns in unserer t\u00e4glichen Praxis ethische Fragen, auch wenn wir sie manchmal gar nicht als solche erkennen m\u00f6gen. Gerade in der psychoanalytischen und psychodynamischen Arbeit ist es wichtig, dass wir unsere Sensibilit\u00e4t und unseren F\u00fchl- und Denkraum offen halten und die Dynamiken dort auch in Worte fassen k\u00f6nnen.<\/p>\n\n\n\n<p><strong>H\u00f6rerkreis:<\/strong> Mitglieder des IPD und Kandidat_innen<\/p>\n\n\n\n<p>Information zu Terminen und aktuellen Diskussionsthemen sowie Anmeldung bitte unter <a href=\"mailto:schleu.a@gmail.com\">schleu.a@gmail.com<\/a><\/p>\n<\/div><\/div>\n<\/div>\n<\/div>\n<\/div>\n\n\n\n<div class=\"wp-block-column is-layout-flow wp-block-column-is-layout-flow\">\n<div class=\"wp-block-columns tw-cols-card tw-cols-card-shadow is-layout-flex wp-container-core-columns-is-layout-d0b3c9c8 wp-block-columns-is-layout-flex\">\n<div class=\"wp-block-column is-layout-flow wp-block-column-is-layout-flow\" style=\"--col-width:100%;flex-basis:100%\">\n<div class=\"wp-block-group\"><div class=\"wp-block-group__inner-container is-layout-constrained wp-block-group-is-layout-constrained\">\n<p class=\"has-h-3-font-size\">Forum NFIP<\/p>\n\n\n\n<p><strong>Mudrich \/ Schleu<\/strong><\/p>\n\n\n\n<p>Wir diskutieren anhand von eigenen Erfahrungen, Texten und Fallbeispielen, was wir tats\u00e4chlich tun, wenn wir psychoanalytisch arbeiten und m\u00f6chten dar\u00fcber in einen Austausch kommen, mit welchen impliziten und expliziten Konzepten wir an unsere Behandlungen herangehen. Ziel ist es, uns innerhalb des IPD, das Teil des Netzwerks Freie Institute f\u00fcr Psychoanalyse und Psychotherapie (NFIP) ist, \u00fcber den &#8222;common ground&#8220; unserer Behandlungs- und Ausbildungspraxis zu verst\u00e4ndigen.<\/p>\n\n\n\n<p><strong>H\u00f6rerkreis:<\/strong> Mitglieder des IPD und Kandidat_innen<\/p>\n\n\n\n<p>Information zu Terminen und aktuellen Diskussionsthemen sowie Anmeldung bitte unter <a href=\"mailto:b.mudrich@posteo.de\">b.mudrich@posteo.de<\/a><\/p>\n<\/div><\/div>\n<\/div>\n<\/div>\n\n\n\n<div class=\"wp-block-columns tw-cols-card tw-cols-card-shadow is-layout-flex wp-container-core-columns-is-layout-d0b3c9c8 wp-block-columns-is-layout-flex\">\n<div class=\"wp-block-column is-layout-flow wp-block-column-is-layout-flow\" style=\"--col-width:100%;flex-basis:100%\">\n<div class=\"wp-block-group\"><div class=\"wp-block-group__inner-container is-layout-constrained wp-block-group-is-layout-constrained\">\n<p class=\"has-h-3-font-size\">AG Psychoanalyse lehren<\/p>\n\n\n\n<p>Die AG trifft sich in unregelm\u00e4\u00dfigen Abst\u00e4nden, um die didaktischen Fertigkeiten und Haltungen von uns als Dozierende zu reflektieren und anzureichern. Ferner verstehen wir uns als Intervisionsgruppe zur Planung von Seminaren.<\/p>\n\n\n\n<p>Jeder Dozierende im Co-Teaching sollte zumindest eine Seminarvorbereitung in der AG vorstellen, um ein kollegiales Feedback zu erhalten. Auf Wunsch bieten wir auch eine Unterrichtsbegleitung an.<\/p>\n\n\n\n<p><strong>H\u00f6rerkreis:<\/strong> Dozent_innen des Instituts \u2013 insbesondere auch die im Co-Teaching-Status<\/p>\n\n\n\n<p>Anmeldungen zur Vorstellung einer Seminarplanung und Termininformationen bei Andr\u00e9 Karger unter <a href=\"mailto:karger@uni-duesseldorf.de\">karger@uni-duesseldorf.de<\/a> und Bettina Mudrich <a href=\"mailto:b.mudrich@posteo.de\">b.mudrich@posteo.de<\/a><\/p>\n<\/div><\/div>\n<\/div>\n<\/div>\n<\/div>\n<\/div>\n","protected":false},"excerpt":{"rendered":"<p>AG Tiefenpsychologisch fundierte Psychotherapie Augustin-Moretti \/ Mudrich Schwerpunkt der Arbeitsgruppe ist es, anhand von Fallmaterial und Literatur die eigenen theoretischen und behandlungspraktischen Konzepte tiefenpsychologisch fundierten Arbeitens mit Kolleg_innen zu diskutieren und auf diese Weise zu &#8222;sch\u00e4rfen&#8220;. H\u00f6rerkreis: Mitglieder des IPD sowie niedergelassene Kolleg_innen Information zu Terminen und aktuellen Diskussionsthemen sowie Anmeldung bitte unter friederike.augustin-moretti@t-online.de Ethik&hellip; <a class=\"more-link\" href=\"https:\/\/www.psychoanalyse-duesseldorf.de\/?page_id=226\"><span class=\"screen-reader-text\">Arbeitsgruppen<\/span> weiterlesen<\/a><\/p>\n","protected":false},"author":1,"featured_media":0,"parent":19,"menu_order":5,"comment_status":"closed","ping_status":"closed","template":"","meta":{"footnotes":""},"class_list":["post-226","page","type-page","status-publish","hentry","entry"],"_links":{"self":[{"href":"https:\/\/www.psychoanalyse-duesseldorf.de\/index.php?rest_route=\/wp\/v2\/pages\/226","targetHints":{"allow":["GET"]}}],"collection":[{"href":"https:\/\/www.psychoanalyse-duesseldorf.de\/index.php?rest_route=\/wp\/v2\/pages"}],"about":[{"href":"https:\/\/www.psychoanalyse-duesseldorf.de\/index.php?rest_route=\/wp\/v2\/types\/page"}],"author":[{"embeddable":true,"href":"https:\/\/www.psychoanalyse-duesseldorf.de\/index.php?rest_route=\/wp\/v2\/users\/1"}],"replies":[{"embeddable":true,"href":"https:\/\/www.psychoanalyse-duesseldorf.de\/index.php?rest_route=%2Fwp%2Fv2%2Fcomments&post=226"}],"version-history":[{"count":12,"href":"https:\/\/www.psychoanalyse-duesseldorf.de\/index.php?rest_route=\/wp\/v2\/pages\/226\/revisions"}],"predecessor-version":[{"id":4877,"href":"https:\/\/www.psychoanalyse-duesseldorf.de\/index.php?rest_route=\/wp\/v2\/pages\/226\/revisions\/4877"}],"up":[{"embeddable":true,"href":"https:\/\/www.psychoanalyse-duesseldorf.de\/index.php?rest_route=\/wp\/v2\/pages\/19"}],"wp:attachment":[{"href":"https:\/\/www.psychoanalyse-duesseldorf.de\/index.php?rest_route=%2Fwp%2Fv2%2Fmedia&parent=226"}],"curies":[{"name":"wp","href":"https:\/\/api.w.org\/{rel}","templated":true}]}}