{"id":217,"date":"2016-12-29T08:53:58","date_gmt":"2016-12-29T07:53:58","guid":{"rendered":"http:\/\/psychoanalyse-duesseldorf.de.w020562b.kasserver.com\/cms\/cms\/?page_id=217"},"modified":"2024-04-23T10:59:53","modified_gmt":"2024-04-23T08:59:53","slug":"wolfgang-woeller","status":"publish","type":"page","link":"https:\/\/www.psychoanalyse-duesseldorf.de\/?page_id=217","title":{"rendered":"Wolfgang W\u00f6ller"},"content":{"rendered":"\n<div class=\"wp-block-columns tw-cols-card tw-cols-card-shadow is-layout-flex wp-container-core-columns-is-layout-d0b3c9c8 wp-block-columns-is-layout-flex\">\n<div class=\"wp-block-column is-layout-flow wp-block-column-is-layout-flow\" style=\"--col-width:100%;flex-basis:100%\">\n<div class=\"wp-block-group\"><div class=\"wp-block-group__inner-container is-layout-constrained wp-block-group-is-layout-constrained\">\n<p class=\"has-h-3-font-size\">B\u00fccher<\/p>\n\n\n\n<p class=\"has-text-align-left\">Herzog W, Kruse J, W\u00f6ller W (im Druck). Psychosomatik. Erkennen \u2013 Erkl\u00e4ren \u2013 Behandeln. Stuttgart: Thieme.<\/p>\n\n\n\n<p class=\"has-text-align-left\">Reddemann L, W\u00f6ller W (im Druck) Komplexe posttraumatische Belastungsst\u00f6rung. G\u00f6ttingen: Hogrefe.<\/p>\n\n\n\n<p class=\"has-text-align-left\">W\u00f6ller W (2014). Bindungstrauma und Borderline-St\u00f6rung. Stuttgart: Schattauer.<\/p>\n\n\n\n<p class=\"has-text-align-left\">W\u00f6ller W, Kruse J (Hrsg) (2014). Tiefenpsychologisch fundierte Psychotherapie. Basisbuch und Praxisleitfaden. 4. Aufl. Stuttgart: Schattauer.<\/p>\n\n\n\n<p class=\"has-text-align-left\">W\u00f6ller W (2013). Trauma und Pers\u00f6nlichkeitsst\u00f6rungen. Ressourcenbasierte psychodynamische Therapie. 2. Auflage. Stuttgart: Schattauer.<\/p>\n\n\n\n<p class=\"has-text-align-left\">Flatten G, Gast U, Hofmann A, Knaevelsrud C, Lampe A, Liebermann P, Maercker A, Reddemann L, W\u00f6ller W (2013). Posttraumatische Belastungsst\u00f6rung. S3-Leitlinie und Quellentexte. Stuttgart: Schattauer.<\/p>\n<\/div><\/div>\n<\/div>\n<\/div>\n\n\n\n<div class=\"wp-block-columns tw-cols-card tw-cols-card-shadow is-layout-flex wp-container-core-columns-is-layout-d0b3c9c8 wp-block-columns-is-layout-flex\">\n<div class=\"wp-block-column is-layout-flow wp-block-column-is-layout-flow\" style=\"--col-width:100%;flex-basis:100%\">\n<div class=\"wp-block-group\"><div class=\"wp-block-group__inner-container is-layout-constrained wp-block-group-is-layout-constrained\">\n<p class=\"has-h-3-font-size\">Zeitschriftenartikel<\/p>\n\n\n\n<p class=\"has-text-align-left\">W\u00f6ller W (2016). Assoziationsmodell als drittes psychodynamisches Therapiemodell neben dem Konflikt- und Strukturmodell? Psychotherapeut 61: 66-71<\/p>\n\n\n\n<p class=\"has-text-align-left\">W\u00f6ller W (2016). Der ausreichend gute Therapeut. Psychotherapeut 61: 105-109<\/p>\n\n\n\n<p class=\"has-text-align-left\">Reddemann L, W\u00f6ller W (2015). Psychodynamische Verfahren. In: Seidler GH, Freyberger HJ, Maercker A (Hrsg). Handbuch der Psychotraumatologie. 2. Auflage. Stuttgart: Klett-Cotta.<\/p>\n\n\n\n<p class=\"has-text-align-left\">Kruse J, W\u00f6ller W (2015). Verbesserung von Interaktionserfahrungen im Kontext der psychodynamischen Psychotherapie. In: Rief W, Henningsen P (Hrsg). Psychosomatik und Verhaltensmedizin. Stuttgart: Schattauer.<\/p>\n\n\n\n<p class=\"has-text-align-left\">Pape W, W\u00f6ller W (2015). Niedrig dosiertes Naltrexon in der Behandlung dissoziativer Symptome. Nervenarzt; 86: 346-351<\/p>\n\n\n\n<p class=\"has-text-align-left\">W\u00f6ller W (2015). Neuere psychodynamische Theorien und Modelle zu Traumfolgest\u00f6rungen. In: Egle UT, Joraschky P, Lampe A, Seiffge-Krenke I, Cierpka M (Hrsg). Sexueller Missbrauch, Misshandlung, Vernachl\u00e4ssigung. Erkennung, Therapie und Pr\u00e4vention der Folgen fr\u00fcher Stresserfahrungen. 4., \u00fcberarbeitete und erweiterte Auflage. Stuttgart: Schattauer.<\/p>\n\n\n\n<p class=\"has-text-align-left\">W\u00f6ller W (2015). Ressourcenorientierte Psychotherapie. \u00c4rztliche Psychotherapie 4: 190-191.<\/p>\n\n\n\n<p class=\"has-text-align-left\">W\u00f6ller W (2014). Sexuelle Traumatisierung. Psychodynamische Aspekte. PiD \u2013 Psychotherapie im Dialog; 15(01): 22-26<\/p>\n\n\n\n<p class=\"has-text-align-left\">W\u00f6ller W (2014). Depersonalisierung. In: Mertens W (Hrsg). Handbuch psychoanalytischer Grundbegriffe. 4. Aufl. Stuttgart: Kohlhammer; 160-161.<\/p>\n\n\n\n<p class=\"has-text-align-left\">Schleu A, Schreiber-Willnow K, W\u00f6ller W (Hrsg) (2014). Verwickeln und Entwickeln. Ethische Fragen in der Psychotherapie. Frankfurt: VAS-Verlag<\/p>\n\n\n\n<p class=\"has-text-align-left\">Joksimovic L, W\u00f6ller W, Kunzke W (2013). Pharmakotherapeutische Interventionen in der Psychotherapie von schweren Traumafolgest\u00f6rungen: Grunds\u00e4tzliche \u00dcberlegungen anhand einer Fallstudie. Z Psychosom Med Psychother 59, 378\u2013384.<\/p>\n\n\n\n<p class=\"has-text-align-left\">W\u00f6ller W (2013). Tiefenpsychologisch fundierte Psychotherapie &#8211; Ein Adoptivkind der Psychoanalyse? Agora. Sonderheft 30. Jubil\u00e4um des Instituts f\u00fcr Psychoanalyse und Psychotherapie D\u00fcsseldorf e.V., 34-37.<\/p>\n\n\n\n<p class=\"has-text-align-left\">W\u00f6ller W (2012). Geleitwort zur 3. Auflage. In: Eschenr\u00f6der CT, Wilhelm-G\u00f6\u00dfling C (Hrsg). Energetische Psychotherapie \u2013 integrativ. 3. Auflage. T\u00fcbingen: dgvt-Verlag; 7-8.<\/p>\n\n\n\n<p class=\"has-text-align-left\">W\u00f6ller W, Leichenring F, Lewke F, Kruse J (2012). Psychodynamic psychotherapy for posttraumatic stress disorder related to childhood abuse \u2013 Principles for a treatment manual. Bulletin of the Menninger Clinic 76: 69-93.<\/p>\n\n\n\n<p class=\"has-text-align-left\">W\u00f6ller W (2012). Geleitwort I. In: Trautmann-Voigt S, Voigt B: Grammatik der K\u00f6rpersprache. Ein integratives Lehr- und Arbeitsbuch zum Embodiment. 2. Auflage. Stuttgart: Schattauer.<\/p>\n\n\n\n<p class=\"has-text-align-left\">W\u00f6ller W (2012). Integration von EMDR in die Psychodynamische Therapie. EMDRIA-Rundbrief Nr. 25: 22-32.<\/p>\n\n\n\n<p class=\"has-text-align-left\">Tress W, W\u00f6ller, W, Kruse J (2011). Pers\u00f6nlichkeitsst\u00f6rungen. In: Adler RH, Herzog W, Joraschky P, K\u00f6hle K, Langewitz W, S\u00f6llner W, Wesiak W (Hrsg). Uexk\u00fcll \u2013 Psychosomatische Medizin. Theoretische Medizin und klinische Medizin. 7., komplett \u00fcberarbeitete Auflage; 712-723<\/p>\n\n\n\n<p class=\"has-text-align-left\">Flatten G, Gast U, Hofmann A, Knaevelsruf C, Lampe A, Liebermann P, Maercker A, Reddemann L, W\u00f6ller W (2011). S3-Leitlinie Posttraumatische Belastungsst\u00f6rung ICD-10: F43.1. Trauma &amp; Gewalt; 5: 202-2011<\/p>\n\n\n\n<p class=\"has-text-align-left\">Reddemann L, W\u00f6ller W (2011). Psychodynamische Verfahren. In: Seidler GH, Freyberger HJ, Maercker A (Hrsg). Handbuch der Psychotraumatologie. Stuttgart: Klett-Cotta.<\/p>\n\n\n\n<p class=\"has-text-align-left\">Joksimovic L, W\u00f6ller W, Happ M, Tress W, Kruse J (2011). Gruppentherapeutische Interventionen bei traumatisierten Fl\u00fcchtlingen. Gruppenpsychother Gruppendynamik; 47: 192 \u2013 210.<\/p>\n\n\n\n<p class=\"has-text-align-left\">W\u00f6ller W, Kruse J (2011). Psychodynamische Psychotherapieverfahren. In: Senf W, Broda M (Hrsg). Praxis der Psychotherapie. 5. Auflage. Stuttgart: Thieme; 191-198.<\/p>\n\n\n\n<p class=\"has-text-align-left\">W\u00f6ller, W. (2010). Gruppenpsychotherapie bei traumatisierten Patienten. Editorial. Gruppenpsychotherapie und Gruppendynamik 46: 1-3<\/p>\n\n\n\n<p class=\"has-text-align-left\">W\u00f6ller, W. (2010). Gruppenpsychotherapie bei traumatisierten Patienten \u2013 Konzepte und Stand der Forschung. Gruppenpsychotherapie und Gruppendynamik 46, 4-21<\/p>\n\n\n\n<p class=\"has-text-align-left\">W\u00f6ller W (2010). Therapiekonzeption f\u00fcr traumatisierte Patienten mit schweren Pers\u00f6nlichkeitsst\u00f6rungen. Psychotherapeut 10: 6-11<\/p>\n<\/div><\/div>\n<\/div>\n<\/div>\n","protected":false},"excerpt":{"rendered":"<p>B\u00fccher Herzog W, Kruse J, W\u00f6ller W (im Druck). Psychosomatik. Erkennen \u2013 Erkl\u00e4ren \u2013 Behandeln. Stuttgart: Thieme. Reddemann L, W\u00f6ller W (im Druck) Komplexe posttraumatische Belastungsst\u00f6rung. G\u00f6ttingen: Hogrefe. W\u00f6ller W (2014). Bindungstrauma und Borderline-St\u00f6rung. Stuttgart: Schattauer. W\u00f6ller W, Kruse J (Hrsg) (2014). Tiefenpsychologisch fundierte Psychotherapie. Basisbuch und Praxisleitfaden. 4. Aufl. Stuttgart: Schattauer. W\u00f6ller W (2013).&hellip; <a class=\"more-link\" href=\"https:\/\/www.psychoanalyse-duesseldorf.de\/?page_id=217\"><span class=\"screen-reader-text\">Wolfgang W\u00f6ller<\/span> weiterlesen<\/a><\/p>\n","protected":false},"author":1,"featured_media":0,"parent":187,"menu_order":14,"comment_status":"closed","ping_status":"closed","template":"","meta":{"footnotes":""},"class_list":["post-217","page","type-page","status-publish","hentry","entry"],"_links":{"self":[{"href":"https:\/\/www.psychoanalyse-duesseldorf.de\/index.php?rest_route=\/wp\/v2\/pages\/217","targetHints":{"allow":["GET"]}}],"collection":[{"href":"https:\/\/www.psychoanalyse-duesseldorf.de\/index.php?rest_route=\/wp\/v2\/pages"}],"about":[{"href":"https:\/\/www.psychoanalyse-duesseldorf.de\/index.php?rest_route=\/wp\/v2\/types\/page"}],"author":[{"embeddable":true,"href":"https:\/\/www.psychoanalyse-duesseldorf.de\/index.php?rest_route=\/wp\/v2\/users\/1"}],"replies":[{"embeddable":true,"href":"https:\/\/www.psychoanalyse-duesseldorf.de\/index.php?rest_route=%2Fwp%2Fv2%2Fcomments&post=217"}],"version-history":[{"count":3,"href":"https:\/\/www.psychoanalyse-duesseldorf.de\/index.php?rest_route=\/wp\/v2\/pages\/217\/revisions"}],"predecessor-version":[{"id":4330,"href":"https:\/\/www.psychoanalyse-duesseldorf.de\/index.php?rest_route=\/wp\/v2\/pages\/217\/revisions\/4330"}],"up":[{"embeddable":true,"href":"https:\/\/www.psychoanalyse-duesseldorf.de\/index.php?rest_route=\/wp\/v2\/pages\/187"}],"wp:attachment":[{"href":"https:\/\/www.psychoanalyse-duesseldorf.de\/index.php?rest_route=%2Fwp%2Fv2%2Fmedia&parent=217"}],"curies":[{"name":"wp","href":"https:\/\/api.w.org\/{rel}","templated":true}]}}