{"id":213,"date":"2016-12-29T08:51:11","date_gmt":"2016-12-29T07:51:11","guid":{"rendered":"http:\/\/psychoanalyse-duesseldorf.de.w020562b.kasserver.com\/cms\/cms\/?page_id=213"},"modified":"2024-09-06T07:34:39","modified_gmt":"2024-09-06T05:34:39","slug":"andrea-schleu","status":"publish","type":"page","link":"https:\/\/www.psychoanalyse-duesseldorf.de\/?page_id=213","title":{"rendered":"Andrea Schleu"},"content":{"rendered":"\n<div class=\"wp-block-columns tw-cols-card tw-cols-card-shadow is-layout-flex wp-container-core-columns-is-layout-d0b3c9c8 wp-block-columns-is-layout-flex\">\n<div class=\"wp-block-column is-layout-flow wp-block-column-is-layout-flow\" style=\"--col-width:100%;flex-basis:100%\">\n<div class=\"wp-block-group\"><div class=\"wp-block-group__inner-container is-layout-constrained wp-block-group-is-layout-constrained\">\n<p>Schleu A, Strau\u00df B, Hrg (2024) Grenzverletzungen in der Psychotherapie. Ein interdisziplin\u00e4rer Diskurs zum institutionellen Umgang mit Machtmissbrauch. Gie\u00dfen: Psychosozial-Verlag<\/p>\n\n\n\n<p>Schleu A (2024) Die eigene Krankheit des Psychotherapeuten, Forum der Psychoanalyse, <a href=\"https:\/\/doi.org\/10.1007\/s00451-024-00529-z\" target=\"_blank\" rel=\"noreferrer noopener\">https:\/\/doi.org\/10.1007\/s00451-024-00529-z<\/a><\/p>\n\n\n\n<p>Tr\u00fcbel E, Schleu A,\u00b7Ehlers J P (2023) Grenzverletzungen in Lehrtherapien \u2013 Was k\u00f6nnen wir aus Beschwerden \u00fcber Schweigepflichtverletzungen lernen? Die Psychotherapie 2: 116-122<\/p>\n\n\n\n<p>Renzikowski J, Schleu A, Thorwart J (10.2022) Die strafrechtliche Verj\u00e4hrung bei \u00a7 174c StGB. Sexueller Missbrauch unter Ausnutzung eines Behandlungs-, Beratungs- oder Betreuungsverh\u00e4ltnisses. Neue Zeitschrift f\u00fcr Strafrecht<\/p>\n\n\n\n<p>Schleu A (2023) Irrungen und Wirrungen \u2013 Machtmissbrauch in der Psychotherapie. In: Weism\u00fcller C, Franz M, Akademie f\u00fcr Psychoanalyse und Psychosomatik D\u00fcsseldorf e. V. (Hrg.): Wirre Welten \u2013 Klare Welten. Zur Produktion von Verwirrung. Beitr\u00e4ge zum Tag der Akademie f\u00fcr Psychoanalyse und Psychosomatik D\u00fcsseldorf e. V. 09.07.2022. Peras Verlag, D\u00fcsseldorf: 19-50<\/p>\n\n\n\n<p>Schleu A (2022) Erotische-Ver(w)irrungen-oder-Machtmissbrauch. In: Franz M &amp; Karger A (Hrg): M\u00e4nnliche Erotik. Vandenhoeck &amp; Ruprecht Verlag, G\u00f6ttingen: 75-100<\/p>\n\n\n\n<p>Schleu A (2022) Grenzverletzungen in der Psychotherapie. Beratungsarbeit des Ethikverein e.V. als Hilfestellung f\u00fcr alle Beteiligten und Beitrag zur Professionalisierung in der Psychotherapie, Trauma &amp; Gewalt, 16: 4-15<\/p>\n\n\n\n<p>Schleu A (2022) Scheiternde Behandlungen und verwundete Psychotherapeuten. In: W\u00f6ller W, Psychodynamische Psychotherapie. Lehrbuch der ressourcenorientierten Praxis. Schattauer Verlag, Stuttgart<\/p>\n\n\n\n<p>Schleu A (2021) Umgang mit Grenzverletzungen. Professionelle Standards und ethische Fragen in der Psychotherapie. Reihe: Psychotherapie: Praxis. Springer<\/p>\n\n\n\n<p>Frenzl D, Gawlytta R, Schleu A, Strau\u00df B (2020). (Kunst)Fehler in der Psychotherapie \u2013 Eine&nbsp;Pilotstudie zur Erfassung von Fehlverhalten in der Psychotherapie aus TherapeutInnensicht.&nbsp;Psychotherapeut 65(6): 475-486<\/p>\n\n\n\n<p>Schleu A (2020) Grenzverletzung oder gar Missbrauch &#8211; und nun?. Psychotherapie in Politik und Praxis 1\/2020: 12-13<\/p>\n\n\n\n<p>Schleu A (2019) Patientenbeschwerden \u00fcber Psychotherapie \u2013 und warum wir uns damit besch\u00e4ftigen sollten. In: Brunner J, Steger F (Hrg) Ethik in der Psychotherapie. Kohlhammer-Verlag, Stuttgart: 95-108<\/p>\n\n\n\n<p>Gawlytta R, Schwartze D, Sch\u00f6nherr D, Schleu A, Strau\u00df B (2019) Unerw\u00fcnschte Ereignisse durch unsachgem\u00e4\u00df durchgef\u00fchrte Psychotherapie. Eine Pilotstudie zum Inventar zur Erfassung von Kunstfehlern und Kunstfehlerfolgen in der Psychotherapie (IKKIP). Psychiat Prax 46: 460-467<\/p>\n\n\n\n<p>Kontny L, Stuhler H, Schleu A, Strau\u00df B (2019) Komplexit\u00e4t doppelter Beziehungsangebote. Psychotherapeut&nbsp;64\u20116:&nbsp;463\u2011469<\/p>\n\n\n\n<p>Stuhler H, Kontny L, Schleu A, Strau\u00df B (2019) Von schleichenden Grenzverletzungen zu sexuellem Missbrauch in Psychotherapien. Systematische Auswertung von Patientenberichten. Psychotherapeut 64-6: 470-475<\/p>\n\n\n\n<p>Schleu A (2019) Spektrum von Grenz- und Abstinenzverletzungen in Psychotherapien. Psychotherapeut 64-6: 455-462<\/p>\n\n\n\n<p>Schleu A (2019) Wichtige ethische Aspekte in psychotherapeutischen Behandlungen und ihre kritische Betrachtung. Psychotherapeut 2\/2019: 175-176<\/p>\n\n\n\n<p>Gutmann T, Tibone G, Schleu A, Thorwart J (2019): Sexueller Missbrauch in der Psychotherapie. Notwendige Diskussion der Perspektiven von Juristen und Psychotherapeuten. Medizinrecht&nbsp;37: 14\u201125<\/p>\n\n\n\n<p>Schleu A (2018) Risikofaktor Psychotherapeut. PTT \u2013 Pers\u00f6nlichkeitsst\u00f6rungen Heft&nbsp;22: 279-293<\/p>\n\n\n\n<p>Schleu A (2018) Empathieversagen und Grenzverletzungen in der Psychotherapie von komplex traumatisierten Patienten. Ergebnisse der Arbeit des Ethikvereins e. V. Trauma &amp; Gewalt&nbsp;12: 308-321<\/p>\n\n\n\n<p>Schwartze D, Schleu A, Strauss B (2018) Grenzverletzungen und Grenz\u00fcberschreitungen als Ursache unerw\u00fcnschter Effekte in der Psychotherapie. Psychother Psych Med 2018; 68(08): e32<\/p>\n\n\n\n<p>Schleu A, Hillebrand V, Kaczmarek-Nitsch S, Strau\u00df B (2018) Patientenbeschwerden \u00fcber psychotherapeutische Behandlungen. In: Linden M, Strau\u00df B (Hrg) Risiken und Nebenwirkungen von Psychotherapie. Erfassung, Bew\u00e4ltigung, Risikovermeidung. 2.&nbsp;aktualisierte Aufl. 2018. MWV Medizinisch-Wissenschaftliche Verlagsgesellschaft, Berlin. Seite&nbsp;87-104<\/p>\n\n\n\n<p>Schleu A, Gast U (2018) Sch\u00e4digung in der Psychotherapie durch Grenzverletzungen und Empathieversagen. In: Schellong J, Epple F, Weidner K (Hrg.) Praxisbuch Psychotraumatologie. Georg Thieme Verlag, Stuttgart: 272-276<\/p>\n\n\n\n<p>Schleu A, Thorwart J (2018) Zeitlosigkeit als Verf\u00fchrung. In: Unruh B, Moeslein-Teising I, Walz\u2011Pawlita S (Hrg) (2018) Rebellion gegen die Endlichkeit. Eine Publikation der DGPT. Bibliothek der Psychoanalyse. Psychosozial-Verlag, Gie\u00dfen: 157-173<\/p>\n\n\n\n<p>Schleu A, Tibone G, Gutmann T, Thorwart J (2018): Sexueller Missbrauch in der Psychotherapie: Notwendige Diskussion der Perspektiven von Psychotherapeuten und Juristen. Psychotherapeutenjournal 1\/2018: 11-19<\/p>\n\n\n\n<p>Schleu&nbsp;A, (2017) Das Ringen um Grenzen in Psychotherapie und Psychoanalyse. In:&nbsp;Unruh&nbsp;B,&nbsp;Moeslein-Teising I, Walz-Pawlita S (Hrg) Grenzen; Bibliothek der Psychoanalyse; Psychosozial-Verlag, Gie\u00dfen. Seite 168\u2011183<\/p>\n\n\n\n<p>Franke P, Schleu A, Hillebrand V, Welther M, Strau\u00df B (2016) Beschwerden \u00fcber Fehlverhalten in der Psychotherapie, Teil 1. Quantitative und qualitative Analyse der Dokumentation des Vereins Ethik in der Psychotherapie 2006 2015. Psychotherapeut 61: 507-515<\/p>\n\n\n\n<p>Welther M, Hillebrand V, Schleu A, Franke P, Strau\u00df B (2016) Beschwerden \u00fcber Fehlverhalten in der Psychotherapie, Teil 2. Ziele, Ergebnis und Entwicklungsm\u00f6glichkeiten von Aufkl\u00e4rungs- und \u00d6ffentlichkeitsarbeit. Psychotherapeut 61: 516\u2013523<\/p>\n\n\n\n<p class=\"has-text-align-left\">Schleu, A., Thorwart J., (2016) Grenz\u00fcberschreitungen und Grenzverletzungen unter den Augen von Supervisoren, Psychotherapeut 61:153-160<\/p>\n\n\n\n<p class=\"has-text-align-left\">Schleu A, Hillebrand V (2015) Grenzverletzungen in der Psychotherapie und ihre Pr\u00e4vention.<br>In: Egle U, Joraschky P, Lampe A, Seiffge-Krenke I, Cierpka M (Hrsg.) Sexueller Missbrauch, Misshandlung, Vernachl\u00e4ssigung. Erkennung, Therapie und Pr\u00e4vention der Folgen fr\u00fcher Stresserfahrungen.<br>Schattauer, Stuttgart. S. 764 \u2013 776<\/p>\n\n\n\n<p class=\"has-text-align-left\">Schleu A, Gutmann T (2015) Zivilrechtlicher Vergleich nach sexueller Grenzverletzung in der Psychotherapie. Psychotherapeut 60: 239 \u2013 244<\/p>\n\n\n\n<p class=\"has-text-align-left\">Schleu A (2015) Fehler und Grenzverletzungen in der Psychotherapie. Ziel: Standards und Transparenz. D\u00c4B Jg. 112 Heft 1\u20132: 16 \u2013 17<\/p>\n\n\n\n<p class=\"has-text-align-left\">Schleu A (2014) Wenn Psychotherapien entglitten sind. \u00dcber den professionellen Umgang mit Verwicklungen und Grenz\u00fcberschreitungen. In: Schleu A, Schreiber-Willnow K, W\u00f6ller W (Hrsg.) Verwickeln und Entwickeln \u2013 Ethische Fragen in der Psychotherapie. VAS, Bad Homburg. S. 39-58<\/p>\n\n\n\n<p class=\"has-text-align-left\">Schleu A (2014) Sexuelle \u00dcbergriffe in der Psychotherapie. Pr\u00e4vention, Beratung und L\u00f6sungsans\u00e4tze. Psychotherapie im Dialog 15 (01): 54-57<\/p>\n\n\n\n<p class=\"has-text-align-left\">Schleu A, Hillebrand V, Kaczmarek S, Strau\u00df B (2013) Patientenbeschwerden \u00fcber psychotherapeutische Behandlungen. In: Linden M, Strau\u00df B (Hrsg.), Risiken und Nebenwirkungen von Psychotherapie. Erfassung, Bew\u00e4ltigung, Risikovermeidung. MWV, Berlin. S. 87-103<\/p>\n\n\n\n<p class=\"has-text-align-left\">Schleu, A., Hillebrand, V., Kaczmarek, S., Strau\u00df, B.: Patientenbeschwerden bei negativen Therapiefolgen. In: M. Linden, B. Strau\u00df, (Hrsg.): Risiken und Nebenwirkungen von Psychotherapie.<br>Medizinisch Wissenschaftliche Verlagsgesellschaft, Berlin, 2013, S. 87-104.<\/p>\n<\/div><\/div>\n<\/div>\n<\/div>\n","protected":false},"excerpt":{"rendered":"<p>Schleu A, Strau\u00df B, Hrg (2024) Grenzverletzungen in der Psychotherapie. Ein interdisziplin\u00e4rer Diskurs zum institutionellen Umgang mit Machtmissbrauch. Gie\u00dfen: Psychosozial-Verlag Schleu A (2024) Die eigene Krankheit des Psychotherapeuten, Forum der Psychoanalyse, https:\/\/doi.org\/10.1007\/s00451-024-00529-z Tr\u00fcbel E, Schleu A,\u00b7Ehlers J P (2023) Grenzverletzungen in Lehrtherapien \u2013 Was k\u00f6nnen wir aus Beschwerden \u00fcber Schweigepflichtverletzungen lernen? Die Psychotherapie 2: 116-122&hellip; <a class=\"more-link\" href=\"https:\/\/www.psychoanalyse-duesseldorf.de\/?page_id=213\"><span class=\"screen-reader-text\">Andrea Schleu<\/span> weiterlesen<\/a><\/p>\n","protected":false},"author":1,"featured_media":0,"parent":187,"menu_order":12,"comment_status":"closed","ping_status":"closed","template":"","meta":{"footnotes":""},"class_list":["post-213","page","type-page","status-publish","hentry","entry"],"_links":{"self":[{"href":"https:\/\/www.psychoanalyse-duesseldorf.de\/index.php?rest_route=\/wp\/v2\/pages\/213","targetHints":{"allow":["GET"]}}],"collection":[{"href":"https:\/\/www.psychoanalyse-duesseldorf.de\/index.php?rest_route=\/wp\/v2\/pages"}],"about":[{"href":"https:\/\/www.psychoanalyse-duesseldorf.de\/index.php?rest_route=\/wp\/v2\/types\/page"}],"author":[{"embeddable":true,"href":"https:\/\/www.psychoanalyse-duesseldorf.de\/index.php?rest_route=\/wp\/v2\/users\/1"}],"replies":[{"embeddable":true,"href":"https:\/\/www.psychoanalyse-duesseldorf.de\/index.php?rest_route=%2Fwp%2Fv2%2Fcomments&post=213"}],"version-history":[{"count":4,"href":"https:\/\/www.psychoanalyse-duesseldorf.de\/index.php?rest_route=\/wp\/v2\/pages\/213\/revisions"}],"predecessor-version":[{"id":5113,"href":"https:\/\/www.psychoanalyse-duesseldorf.de\/index.php?rest_route=\/wp\/v2\/pages\/213\/revisions\/5113"}],"up":[{"embeddable":true,"href":"https:\/\/www.psychoanalyse-duesseldorf.de\/index.php?rest_route=\/wp\/v2\/pages\/187"}],"wp:attachment":[{"href":"https:\/\/www.psychoanalyse-duesseldorf.de\/index.php?rest_route=%2Fwp%2Fv2%2Fmedia&parent=213"}],"curies":[{"name":"wp","href":"https:\/\/api.w.org\/{rel}","templated":true}]}}