{"id":208,"date":"2016-12-29T08:48:06","date_gmt":"2016-12-29T07:48:06","guid":{"rendered":"http:\/\/psychoanalyse-duesseldorf.de.w020562b.kasserver.com\/cms\/cms\/?page_id=208"},"modified":"2024-04-23T10:45:35","modified_gmt":"2024-04-23T08:45:35","slug":"bernd-nitzschke","status":"publish","type":"page","link":"https:\/\/www.psychoanalyse-duesseldorf.de\/?page_id=208","title":{"rendered":"Bernd Nitzschke"},"content":{"rendered":"\n<div class=\"wp-block-columns tw-cols-card tw-cols-card-shadow is-layout-flex wp-container-core-columns-is-layout-d0b3c9c8 wp-block-columns-is-layout-flex\">\n<div class=\"wp-block-column is-layout-flow wp-block-column-is-layout-flow\" style=\"--col-width:100%;flex-basis:100%\">\n<div class=\"wp-block-group\"><div class=\"wp-block-group__inner-container is-layout-constrained wp-block-group-is-layout-constrained\">\n<p class=\"has-h-3-font-size\">B\u00fccher<\/p>\n\n\n\n<p class=\"has-text-align-left\">Roland Kaufhold, Bernd Nitzschke: (Hg.): Psychoanalyse \u2013 Texte zur Sozialforschung 16, 2012, Heft 1 \u2013 Schwerpunktthema: J\u00fcdische Identit\u00e4ten in Deutschland nach dem Holocaust. Pabst Science Publishers (Lengerich). 2012<\/p>\n\n\n\n<p class=\"has-text-align-left\">Nitzschke, B. (Hg.): Die Psychoanalyse Sigmund Freuds. Konzepte und Begriffe. VS-Verlag (Wiesbaden). 2011<\/p>\n\n\n\n<p class=\"has-text-align-left\">Felber, W. G\u00f6tz von Olenhusen, A., Heuer, G. M., Nitzschke, B. (Hg.): Otto Gross, Psychoanalyse und Expressionismus. 7. Internationaler Otto Gross Kongress Dresden, 3. bis 5. Oktober 2008. Marburg (LiteraturWissenschaft.de). 2010<\/p>\n\n\n\n<p class=\"has-text-align-left\">Karl Fallend\/Bernd Nitzschke (Hg.): Der \u201cFall\u201d Wilhelm Reich. Beitr\u00e4ge zum Verh\u00e4ltnis von Psychoanalyse und Politik. Erstausgabe: Suhrkamp Verlag, Frankfurt a. M. (1997; vergriffen). Neuausgabe: Psychosozialverlag, Giessen (2002).<\/p>\n<\/div><\/div>\n<\/div>\n<\/div>\n\n\n\n<div class=\"wp-block-columns tw-cols-card tw-cols-card-shadow is-layout-flex wp-container-core-columns-is-layout-d0b3c9c8 wp-block-columns-is-layout-flex\">\n<div class=\"wp-block-column is-layout-flow wp-block-column-is-layout-flow\" style=\"--col-width:100%;flex-basis:100%\">\n<div class=\"wp-block-group\"><div class=\"wp-block-group__inner-container is-layout-constrained wp-block-group-is-layout-constrained\">\n<p class=\"has-h-3-font-size\">Wissenschaftliche Aufs\u00e4tze <\/p>\n\n\n\n<p class=\"has-text-align-left\">Bernd Nitzschke: Vom Umgang mit Fremden &amp; Fremdem \u2013 Dargestellt an Beispiel des Films \u201eJagdszenen aus Niederbayern\u201c von Peter Fleischmann nach dem gleichnamigen B\u00fchnenst\u00fcck von Martin Sperr. Werkblatt \u2013 Zeitschrift f\u00fcr Psychoanalyse und Gesellschaftskritik 33, Heft 1, 2016, S. 43-54.<\/p>\n\n\n\n<p class=\"has-text-align-left\">Bernd Nitzschke: Sieg oder Niederlage? Die Einsamkeit des Langstreckenl\u00e4ufers. \u00dcber einen Film von Tony Richardson. Psychoanalyse \u2013 Texte zur Sozialforschung 19, 2015, S. 279-286.#<\/p>\n\n\n\n<p class=\"has-text-align-left\">Bernd Nitzschke: Zweierlei Heimat. \u00dcber einen Raub\u00fcberfall in Hessen 1822 und einen Film, der anderthalb Jahrhunderte danach gedreht wurde. Volker Schl\u00f6ndorff zum 75. Geburtstag. Werkblatt \u2013 Zeitschrift f\u00fcr Psychoanalyse und Gesellschaftskritik 31, Heft 2, 2014, S. 271-278.<\/p>\n\n\n\n<p class=\"has-text-align-left\">Bernd Nitzschke: \u201eWir und der Tod\u201c \u2013 hundert Jahre sp\u00e4ter. Ein Nachtrag zu einem Vortrag Sigmund Freuds aus dem Ersten Weltkrieg. In: H. Hierdeis (Hg.).: Wie h\u00e4ltst du\u2019s mit dem Tod? Erfahrungen und Reflexionen in der Psychoanalyse. G\u00f6ttingen (Vandenhoeck &amp; Ruprecht) 2014, S. 56-75.<\/p>\n\n\n\n<p class=\"has-text-align-left\">Bernd Nitzschke: Verrat und Verleumdung an Wilhelm Reich oder Die Rettung der Psychoanalyse unter Hitler \u2013 Psychoanalyse und Nationalsozialismus vor und nach 1945. In: R. Vogt (Hg.): Verleumdung und Verrat. Dissoziative St\u00f6rungen bei schwer traumatisierten Menschen als Folge von Vertrauensbr\u00fcchen. Kr\u00f6ning (Asanger) 2014, S. 36-51.<\/p>\n\n\n\n<p class=\"has-text-align-left\">Bernd Nitzschke: Es [Stichwortartikel]. In: W. Mertens (Hg.): Handbuch psychoanalytischer Grundbegriffe. 4., \u00fcberarbeitete und erweiterte Auflage. Stuttgart (Kohlhammer) 2014, S. 234-240.<\/p>\n\n\n\n<p class=\"has-text-align-left\">Bernd Nitzschke: [Stichwortartikel] Stekel, Wilhelm. In: Neue Deutsche Biographie. Hg. von der Historischen Kommission bei der Bayerischen Akademie der Wissenschaften. Bd. 25. Berlin (Duncker &amp; Humbolt) 2013, S. 235f.<\/p>\n\n\n\n<p class=\"has-text-align-left\">Bernd Nitzschke: Intelligenz und Mut in der Genderperspektive. In: Boothe, B., Riecher-R\u00f6ssler, A. (Hg.): Frauen in Psychotherapie. Grundlagen \u2013 St\u00f6rungsbilder \u2013 Behandlungskonzepte. Stuttgart (Schattauer) 2013, S. 458-470.<\/p>\n\n\n\n<p class=\"has-text-align-left\">Bernd Nitzschke: Die Psychoanalyse in der NS-Zeit. Ein Wendepunkt mit Folgen. Agora \u2013 D\u00fcsseldorfer Beitr\u00e4ge zu Psychoanalyse und Gesellschaft 19 (Heft 21), 2013, S. 17-21.<\/p>\n\n\n\n<p class=\"has-text-align-left\">Bernd Nitzschke: \u00dcber Machtstrukturen und Machtverh\u00e4ltnisse in psychoanalytischen Institutionen. Dargestellt am Beispiel der Geschichte der Psychoanalyse unter Hitler und der Aufbereitung dieser Geschichte nach 1945. In: Bruder, K.-J., Bialluch, C., Lemke, B. (Hg.): Sozialpsychologie des Kapitalismus \u2013 heute. Zur Aktualit\u00e4t Peter Br\u00fcckners. Giessen (Psychosozial-Verlag), 2013, S. 117-130.<\/p>\n\n\n\n<p class=\"has-text-align-left\">Bernd Nitzschke: D\u00e4monen lassen mit sich reden. Geschichte der Psychologie \u2013 Psychoanalyse. Gehirn &amp; Geist. Basiswissen 1, 2012, S. 40-45.<br>Bernd Nitzschke: Affektregulation und Begrenzung der W\u00fcnsche: \u201eKulturarbeit etwa wie die Trockenlegung der Zuydersee\u201c. Anmerkungen zu Freud und Fechner. In: Boothe, B., Cremonini, A., Kohler, G. (Hg.): Psychische Regulierung, kollektive Praxis und der Raum der Gr\u00fcnde. W\u00fcrzburg (K\u00f6nigshausen &amp; Neumann) 2012, S. 245-265.<\/p>\n\n\n\n<p class=\"has-text-align-left\">Bernd Nitzschke: Psychoanalyse und Nationalsozialismus. Verbot oder Anpassung? Bruch oder Kontinuit\u00e4t? Phase 2 \u2013 Zeitschrift gegen die Realit\u00e4t, Nr. 41 \/ 2012, S. 16-21.<\/p>\n\n\n\n<p class=\"has-text-align-left\">Bernd Nitzschke: Es [Stichwortartikel]. In: Niemeyer, C. (Hg.): Nietzsche-Lexikon, 2. Aufl. Darmstadt (Wissenschaftliche Buchgesellschaft) 2011, S. 101f.<\/p>\n\n\n\n<p class=\"has-text-align-left\">Bernd Nitzschke: Beigel, Hugo Georg(e). \u00d6sterreichisches Biographisches Lexikon ab 1815 (2. \u00fcberarbeitete Auflage \u2013 online). Wien (Verlag der \u00d6sterreichischen Akademie der Wissenschaften) 2011. Zugriff unter: <a href=\"https:\/\/www.biographien.ac.at\/oebl?frames=yes\">https:\/\/www.biographien.ac.at\/oebl?frames=yes<\/a><\/p>\n\n\n\n<p class=\"has-text-align-left\">Bernd Nitzschke: Psychoanalytiker, Paradiessucher, Revolution\u00e4r Otto Gross. Auf dem Weg in den Abgrund die Freiheit und das Gl\u00fcck vor Augen. Werkblatt \u2013 Zeitschrift f\u00fcr Psychoanalyse und Gesellschaftskritik 28 (Heft 66) 2011, S. 104-118.<\/p>\n\n\n\n<p class=\"has-text-align-left\">Bernd Nitzschke: Solution and Salvation. Daniel Paul Schreber\u2019s \u201cCultivation of Femininity\u201d. European Journal of Psychoanalysis 31, 2010 (Nr. II), p. 121-140.<\/p>\n<\/div><\/div>\n<\/div>\n<\/div>\n\n\n\n<div class=\"wp-block-columns tw-cols-card tw-cols-card-shadow is-layout-flex wp-container-core-columns-is-layout-d0b3c9c8 wp-block-columns-is-layout-flex\">\n<div class=\"wp-block-column is-layout-flow wp-block-column-is-layout-flow\" style=\"--col-width:100%;flex-basis:100%\">\n<div class=\"wp-block-group\"><div class=\"wp-block-group__inner-container is-layout-constrained wp-block-group-is-layout-constrained\">\n<p class=\"has-h-3-font-size\">Buchbesprechungen <\/p>\n\n\n\n<p class=\"has-text-align-left\">Bernd Nitzschke: [Rezension] Hale Usak-Sahin: Psychoanalyse in der T\u00fcrkei. Eine historische und aktuelle Spurensuche. Gie\u00dfen 2013. Psyche 70, 2016, S. 381-384.<\/p>\n\n\n\n<p class=\"has-text-align-left\">Bernd Nitzschke: [Rezension]Brigitte Boothe (Hg.): Wenn doch nur \u2013 ach h\u00e4tt\u2019 ich blo\u00df. Die Anatomie des Wunsches. Z\u00fcrich 2013. texte \u2013 psychoanalyse. \u00e4sthetik. kulturkritik 2015 (Heft 3), S. 76-79.<\/p>\n\n\n\n<p class=\"has-text-align-left\">Bernd Nitzschke: [Rezension] Sigmund Freud, Oskar Pfister: Briefwechsel 1909-1939 (hrsg. von I. Noth in Verbindung mit C. Morgenthaler). Z\u00fcrich 2014. literaturkritik.de 2015 (Nr. 3). Aufruf unter: <a href=\"https:\/\/www.literaturkritik.de\/public\/rezension.php?rez_id=20331&amp;ausgabe=201503\">https:\/\/www.literaturkritik.de\/public\/rezension.php?rez_id=20331&amp;ausgabe=201503<\/a><\/p>\n\n\n\n<p class=\"has-text-align-left\">Bernd Nitzschke: Verliebt, verlobt, verzweifelt: Ein Buchessay zum zweiten Band der Brautbriefe von Sigmund Freud und Martha Bernays. psychosozial 37 (Nr. 138\/Heft IV), 2014, S. 137-142.<\/p>\n\n\n\n<p class=\"has-text-align-left\">Bernd Nitzschke: [Rezension] Helmut Dahmer: Libido und Gesellschaft. Studien \u00fcber die Freudsche Linke. Dritte, erweiterte Auflage. M\u00fcnster 2012. Psyche 68, 2014, S. 162-175.<\/p>\n\n\n\n<p class=\"has-text-align-left\">Bernd Nitzschke: [Rezension] Andreas Peglau: Unpolitische Wissenschaft? Wilhelm Reich und die Psychoanalyse im Nationalsozialismus. Giessen 2013. Psyche 68, 2014, S. 162-175.<\/p>\n\n\n\n<p class=\"has-text-align-left\">Bernd Nitzschke: [Rezension] Sigmund Freud, Martha Bernays: Die Brautbriefe, Band 2. Unser \u201eRoman in Fortsetzungen\u201c. Juli 1883-Dezember 1883 (hg. von Gerhard Fichtner, Ilse Grubrich-Simitis und Albrecht Hirschm\u00fcller). Frankfurt a. M. 2013. S\u00fcddeutsche Zeitung, 20.11.2013, S. 14.<\/p>\n\n\n\n<p class=\"has-text-align-left\">\u201eBernd Nitzschke: [Film-Rezension] <em>Der Fall Wilhelm Reich<\/em>, \u00d6sterreich 2012, Regie: Antonin Svoboda, unter dem Titel: Sag mir, wo die Blumenkinder sind. Wo sind sie geblieben? Klaus Maria Brandauer spielt in Antonin Svobodas Film \u00fcber Wilhelm Reich endlich den Mann, in den er sich schon in den 1960er Jahren verknallte. Zugriff unter: <a href=\"https:\/\/www.literaturkritik.de\/public\/rezension.php?rez_id=18608\">https:\/\/www.literaturkritik.de\/public\/rezension.php?rez_id=18608<\/a>.<\/p>\n\n\n\n<p class=\"has-text-align-left\">Bernd Nitzschke: [Rezension] Oliver Decker: Der Warenk\u00f6rper. Zur Sozialpsychologie der Medizin. Springe 2011. Psyche 67, 2013, S. 802-804.<\/p>\n\n\n\n<p class=\"has-text-align-left\">Bernd Nitzschke: [Rezension] Aichhorn, T. (Hg.): August Aichhorn. Pionier der psychoanalytischen Sozialarbeit. Wien 2011. Werkblatt \u2013 Zeitschrift f\u00fcr Psychoanalyse und Gesellschaftskritik 29, Heft 1, 2012, S. 116-123.<\/p>\n\n\n\n<p class=\"has-text-align-left\">Bernd Nitzschke: [Rezension] Vinnai, G.: Wunschwelten und Opferzusammenh\u00e4nge. Zur analytischen Sozialpsychologie der westlichen Kultur. M\u00fcnster 2011. Werkblatt \u2013 Zeitschrift f\u00fcr Psychoanalyse und Gesellschaftskritik 29, Heft 1, 2012, S. 116-123<\/p>\n\n\n\n<p class=\"has-text-align-left\">Bernd Nitzschke: Klein, E., Knapp-Lackinger, A., Zeug, M. (Hg.): \u201eWas ist denn das Wesen vom Es?\u201c Triebtheoretische Betrachtungen. Festschrift f\u00fcr Vera Ligeti. Wien 2011. Werkblatt \u2013 Zeitschrift f\u00fcr Psychoanalyse und Gesellschaftskritik 29, Heft 1, 2012, S. 116-123.<\/p>\n\n\n\n<p class=\"has-text-align-left\">Bernd Nitzschke: Clark-Lowes, F.: Freud\u2019s Apostle. Wilhelm Stekel and the Early History of Psychoanalysis. Authors OnLine, Gamlingay 2010. literaturkritik.de 2012. Zugriff unter: <a href=\"https:\/\/literaturkritik.de\/public\/rezension.php?rez_id=17205\">https:\/\/literaturkritik.de\/public\/rezension.php?rez_id=17205<\/a>.<\/p>\n\n\n\n<p class=\"has-text-align-left\">Bernd Nitzschke: [Rezension] Sigmund Freud, Nikolaj J. Ossipow: Briefwechsel 1921-1929 (hg. von Eugenia Fischer, Ren\u00e9 Fischer, Hans-Heinrich Otto und Hans-Joachim Rothe). Franfurt a. M. 2009. Psyche 65, 2011, S. 572-574.<\/p>\n\n\n\n<p class=\"has-text-align-left\">Bernd Nitzschke: [Rezension] Sigmund Freud, Martha Bernays: Die Brautbriefe, Band 1. Sei mein, wie ich mir\u2019s denke. Juni 1882-Juli 1883 (hg. von Gerhard Fichtner, Ilse Grubrich-Simitis und Albrecht Hirschm\u00fcller). Frankfurt a. M. 2011. DIE ZEIT, 26. 05. 2011.<\/p>\n\n\n\n<p class=\"has-text-align-left\">Bernd Nitzschke: \u201eHalbjude\u201c oder ganzer Mensch? \u00dcber fremdbestimmte und selbst gew\u00e4hlte Identit\u00e4t. Ein Buchessay zu Karl von Motesiczky und zum Verein \u201eDer halbe Stern\u201c. [Rothl\u00e4nder, C.: Karl Motesichky, 1904-1943. Eine biographische Rekonstruktion. Wien 2010; Gensch, B., Grabowsky, S. (Hg.): Der halbe Stern. Verfolgungsgeschichte und Identit\u00e4tsproblematik von Personen und Familien teilj\u00fcdischer Herkunft. Gie\u00dfen 2009]. psychosozial 34 (Nr.125\/Heft III), 2011, S. 113-118.<\/p>\n\n\n\n<p class=\"has-text-align-left\">Bernd Nitzschke: \u201eIch bin sehr erfreut, mich zu \u00fcberzeugen, da\u00df meine Paladine, Sie. Ferenczi, Rank [\u2026] immer fundamentale Dinge anpacken.\u201c Ein Buchessay zum Briefwechsel Sigmund Freuds mit Karl Abraham. [Sigmund Freud, Karl Abraham: Briefwechsel 1907-1925. Vollst\u00e4ndige Ausgabe. 2 Bde; hg. von Ernst Falzeder und Ludger M. Hermanns.. Wien 2009]. psychosozial 34 (Nr.123\/Heft I), 2011, S. 119-125.<\/p>\n\n\n\n<p class=\"has-text-align-left\">Bernd Nitzschke: Sigmund Freud: Unterde\u00df halten wir zusammen. Briefe an die Kinder. Berlin 2010. DIE ZEIT, 27.05.2010.<\/p>\n<\/div><\/div>\n<\/div>\n<\/div>\n","protected":false},"excerpt":{"rendered":"<p>B\u00fccher Roland Kaufhold, Bernd Nitzschke: (Hg.): Psychoanalyse \u2013 Texte zur Sozialforschung 16, 2012, Heft 1 \u2013 Schwerpunktthema: J\u00fcdische Identit\u00e4ten in Deutschland nach dem Holocaust. Pabst Science Publishers (Lengerich). 2012 Nitzschke, B. (Hg.): Die Psychoanalyse Sigmund Freuds. Konzepte und Begriffe. VS-Verlag (Wiesbaden). 2011 Felber, W. G\u00f6tz von Olenhusen, A., Heuer, G. M., Nitzschke, B. (Hg.): Otto&hellip; <a class=\"more-link\" href=\"https:\/\/www.psychoanalyse-duesseldorf.de\/?page_id=208\"><span class=\"screen-reader-text\">Bernd Nitzschke<\/span> weiterlesen<\/a><\/p>\n","protected":false},"author":1,"featured_media":0,"parent":187,"menu_order":10,"comment_status":"closed","ping_status":"closed","template":"","meta":{"footnotes":""},"class_list":["post-208","page","type-page","status-publish","hentry","entry"],"_links":{"self":[{"href":"https:\/\/www.psychoanalyse-duesseldorf.de\/index.php?rest_route=\/wp\/v2\/pages\/208","targetHints":{"allow":["GET"]}}],"collection":[{"href":"https:\/\/www.psychoanalyse-duesseldorf.de\/index.php?rest_route=\/wp\/v2\/pages"}],"about":[{"href":"https:\/\/www.psychoanalyse-duesseldorf.de\/index.php?rest_route=\/wp\/v2\/types\/page"}],"author":[{"embeddable":true,"href":"https:\/\/www.psychoanalyse-duesseldorf.de\/index.php?rest_route=\/wp\/v2\/users\/1"}],"replies":[{"embeddable":true,"href":"https:\/\/www.psychoanalyse-duesseldorf.de\/index.php?rest_route=%2Fwp%2Fv2%2Fcomments&post=208"}],"version-history":[{"count":2,"href":"https:\/\/www.psychoanalyse-duesseldorf.de\/index.php?rest_route=\/wp\/v2\/pages\/208\/revisions"}],"predecessor-version":[{"id":4322,"href":"https:\/\/www.psychoanalyse-duesseldorf.de\/index.php?rest_route=\/wp\/v2\/pages\/208\/revisions\/4322"}],"up":[{"embeddable":true,"href":"https:\/\/www.psychoanalyse-duesseldorf.de\/index.php?rest_route=\/wp\/v2\/pages\/187"}],"wp:attachment":[{"href":"https:\/\/www.psychoanalyse-duesseldorf.de\/index.php?rest_route=%2Fwp%2Fv2%2Fmedia&parent=208"}],"curies":[{"name":"wp","href":"https:\/\/api.w.org\/{rel}","templated":true}]}}