{"id":189,"date":"2016-12-29T08:34:09","date_gmt":"2016-12-29T07:34:09","guid":{"rendered":"http:\/\/psychoanalyse-duesseldorf.de.w020562b.kasserver.com\/cms\/cms\/?page_id=189"},"modified":"2024-04-23T09:57:54","modified_gmt":"2024-04-23T07:57:54","slug":"petra-adler-corman","status":"publish","type":"page","link":"https:\/\/www.psychoanalyse-duesseldorf.de\/?page_id=189","title":{"rendered":"Petra Adler-Corman"},"content":{"rendered":"\n<div class=\"wp-block-columns tw-cols-card tw-cols-card-shadow is-layout-flex wp-container-core-columns-is-layout-d0b3c9c8 wp-block-columns-is-layout-flex\">\n<div class=\"wp-block-column is-layout-flow wp-block-column-is-layout-flow\" style=\"--col-width:100%;flex-basis:100%\">\n<div class=\"wp-block-group\"><div class=\"wp-block-group__inner-container is-layout-constrained wp-block-group-is-layout-constrained\">\n<p class=\"has-text-align-left\"><strong>Petra Adler-Corman<\/strong> \/Christine R\u00f6pke, Helene Timmermann (Hrsg.) (2018). Psychoanalytische Leitlinien der Kinder- und Jugendlichen-Psychotherapie. Brandes &amp; Apsel<\/p>\n\n\n\n<p class=\"has-text-align-left\">Adler-Corman, Petra (2016). &#8222;Das Herz im Irrgarten&#8220;. Kinder- und Jugendlichen-Psychotherapie, 47 (2), 237-251<\/p>\n\n\n\n<p class=\"has-text-align-left\">Seiffge-Krenke,I., Dietrich, H., <strong>Adler-Corman, P.,<\/strong> Timmermann, H., Rathgeber, M., Winter, S., R\u00f6pke, C. (2014). Die Konfliktachse der OPD-KJ-2, Ein Fallbuch f\u00fcr die klinische Arbeit, G\u00f6ttingen:Vandenhoeck&amp;Ruprecht<\/p>\n\n\n\n<p class=\"has-text-align-left\">Seiffge-Krenke, I., <strong>Adler-Corman, P.<\/strong>, Dietrich, H., Rahtgeber, M., R\u00f6pke, C., Timmermann, H., Winter. Achse Konflikt, 307 -319, in: S. Resch,F., Romer, G. ,Schmeck,K. (Hrsg.). Arbeitskreis OPD-KJ-2 ) (2013). Operationalisierte Psychodynamische Diagnostik im Kindes- und Jugendalter. Grundlagen und Manual. Bern: Huber<\/p>\n\n\n\n<p class=\"has-text-align-left\">Adler-Corman,P., Bossert, Hendrikoff,K., H\u00fcller,T.,L\u00fcdemann,G., R\u00f6pke C. (2013). Leitlinie der VAKJP-Depression im Kindes und Jugendalter, Analytische Kinder- und Jugendlichenpsychotherapie , 159, 441-492 , Brandes&amp;Apsel<\/p>\n\n\n\n<p class=\"has-text-align-left\">Adler-Corman, Petra (2012). &#8222;Ich dachte, ich bleibe bei dir, bis ich gro\u00df bin&#8220;. Kinderanalyse, 20 (4), 305-318<\/p>\n<\/div><\/div>\n<\/div>\n<\/div>\n","protected":false},"excerpt":{"rendered":"<p>Petra Adler-Corman \/Christine R\u00f6pke, Helene Timmermann (Hrsg.) (2018). Psychoanalytische Leitlinien der Kinder- und Jugendlichen-Psychotherapie. Brandes &amp; Apsel Adler-Corman, Petra (2016). &#8222;Das Herz im Irrgarten&#8220;. Kinder- und Jugendlichen-Psychotherapie, 47 (2), 237-251 Seiffge-Krenke,I., Dietrich, H., Adler-Corman, P., Timmermann, H., Rathgeber, M., Winter, S., R\u00f6pke, C. (2014). Die Konfliktachse der OPD-KJ-2, Ein Fallbuch f\u00fcr die klinische Arbeit, G\u00f6ttingen:Vandenhoeck&amp;Ruprecht&hellip; <a class=\"more-link\" href=\"https:\/\/www.psychoanalyse-duesseldorf.de\/?page_id=189\"><span class=\"screen-reader-text\">Petra Adler-Corman<\/span> weiterlesen<\/a><\/p>\n","protected":false},"author":1,"featured_media":0,"parent":187,"menu_order":1,"comment_status":"closed","ping_status":"closed","template":"","meta":{"footnotes":""},"class_list":["post-189","page","type-page","status-publish","hentry","entry"],"_links":{"self":[{"href":"https:\/\/www.psychoanalyse-duesseldorf.de\/index.php?rest_route=\/wp\/v2\/pages\/189","targetHints":{"allow":["GET"]}}],"collection":[{"href":"https:\/\/www.psychoanalyse-duesseldorf.de\/index.php?rest_route=\/wp\/v2\/pages"}],"about":[{"href":"https:\/\/www.psychoanalyse-duesseldorf.de\/index.php?rest_route=\/wp\/v2\/types\/page"}],"author":[{"embeddable":true,"href":"https:\/\/www.psychoanalyse-duesseldorf.de\/index.php?rest_route=\/wp\/v2\/users\/1"}],"replies":[{"embeddable":true,"href":"https:\/\/www.psychoanalyse-duesseldorf.de\/index.php?rest_route=%2Fwp%2Fv2%2Fcomments&post=189"}],"version-history":[{"count":2,"href":"https:\/\/www.psychoanalyse-duesseldorf.de\/index.php?rest_route=\/wp\/v2\/pages\/189\/revisions"}],"predecessor-version":[{"id":4299,"href":"https:\/\/www.psychoanalyse-duesseldorf.de\/index.php?rest_route=\/wp\/v2\/pages\/189\/revisions\/4299"}],"up":[{"embeddable":true,"href":"https:\/\/www.psychoanalyse-duesseldorf.de\/index.php?rest_route=\/wp\/v2\/pages\/187"}],"wp:attachment":[{"href":"https:\/\/www.psychoanalyse-duesseldorf.de\/index.php?rest_route=%2Fwp%2Fv2%2Fmedia&parent=189"}],"curies":[{"name":"wp","href":"https:\/\/api.w.org\/{rel}","templated":true}]}}