{"id":133,"date":"2016-12-28T18:20:38","date_gmt":"2016-12-28T17:20:38","guid":{"rendered":"http:\/\/psychoanalyse-duesseldorf.de.w020562b.kasserver.com\/cms\/cms\/?page_id=133"},"modified":"2025-09-29T21:04:51","modified_gmt":"2025-09-29T19:04:51","slug":"behandlung-von-kindern-und-jugendlichen","status":"publish","type":"page","link":"https:\/\/www.psychoanalyse-duesseldorf.de\/?page_id=133","title":{"rendered":"Zur Behandlung von Kindern und Jugendlichen"},"content":{"rendered":"\n<div class=\"wp-block-columns alignwide tw-cols-card tw-cols-card-shadow is-layout-flex wp-container-core-columns-is-layout-d0b3c9c8 wp-block-columns-is-layout-flex\">\n<div class=\"wp-block-column is-layout-flow wp-block-column-is-layout-flow\" style=\"--col-width:100%;flex-basis:100%\">\n<h2 class=\"wp-block-heading has-text-align-center has-white-color has-text-color has-background has-link-color has-h-3-font-size wp-elements-0d6f63445ecb117006a9de4b4690d2d9\" style=\"background-color:#891039\">Aktuell bieten wir keine neuen Aus- und Weiterbildungspl\u00e4tze an<\/h2>\n<\/div>\n<\/div>\n\n\n\n<div class=\"wp-block-columns alignwide is-layout-flex wp-container-core-columns-is-layout-d0b3c9c8 wp-block-columns-is-layout-flex\">\n<div class=\"wp-block-column is-layout-flow wp-block-column-is-layout-flow\">\n<div class=\"wp-block-columns tw-cols-card tw-cols-card-shadow is-layout-flex wp-container-core-columns-is-layout-d0b3c9c8 wp-block-columns-is-layout-flex\">\n<div class=\"wp-block-column is-layout-flow wp-block-column-is-layout-flow\" style=\"--col-width:100%;flex-basis:100%\">\n<div class=\"wp-block-group\"><div class=\"wp-block-group__inner-container is-layout-constrained wp-block-group-is-layout-constrained\">\n<h2 class=\"wp-block-heading has-h-3-font-size\">Staatlich anerkannte Ausbildung zur\/zum Kinder-und Jugendlichenpsychotherapeutin\/en<\/h2>\n\n\n\n<p> Die KJP-Abteilung des IPD verf\u00fcgt \u00fcber die Zulassung zur psychodynamischen Ausbildung f\u00fcr Kinder, Jugendliche und junge Erwachsene. Die Absolventen und Absolventinnen verf\u00fcgen mit dem Abschluss sowohl \u00fcber die tiefenpsychologische wie \u00fcber die analytische Approbation als KJ-Psychotherapeutin\/en. Danach k\u00f6nnen Sie in Kliniken oder in eigener Praxis selbstst\u00e4ndig behandeln. Psychotherapeutische Leistungen werden von den gesetzlichen und privaten Krankenkassen \u00fcbernommen.<\/p>\n\n\n\n<p>Die KJP-Abteilung am IPD besteht seit 1993 und verf\u00fcgt somit \u00fcber einen gro\u00dfen Erfahrungsschatz in der psychotherapeutischen Ausbildung.<\/p>\n\n\n\n<p>Mit ausreichend vielen Behandlungsr\u00e4umen unter einem Dach des IPD bieten wir eine hervorragende Infrastruktur, die durch Seminarr\u00e4ume und eine Bibliothek komplettiert wird.<\/p>\n<\/div><\/div>\n<\/div>\n<\/div>\n\n\n\n<div class=\"wp-block-columns tw-cols-card tw-cols-card-shadow is-layout-flex wp-container-core-columns-is-layout-d0b3c9c8 wp-block-columns-is-layout-flex\">\n<div class=\"wp-block-column is-layout-flow wp-block-column-is-layout-flow\">\n<figure class=\"wp-block-image size-full\"><img loading=\"lazy\" decoding=\"async\" width=\"1024\" height=\"683\" src=\"https:\/\/www.psychoanalyse-duesseldorf.de\/cms\/wp-content\/uploads\/2024\/04\/IPD_139_im_Gespraech_1.jpg\" alt=\"\" class=\"wp-image-4384\" srcset=\"https:\/\/www.psychoanalyse-duesseldorf.de\/cms\/wp-content\/uploads\/2024\/04\/IPD_139_im_Gespraech_1.jpg 1024w, https:\/\/www.psychoanalyse-duesseldorf.de\/cms\/wp-content\/uploads\/2024\/04\/IPD_139_im_Gespraech_1-300x200.jpg 300w, https:\/\/www.psychoanalyse-duesseldorf.de\/cms\/wp-content\/uploads\/2024\/04\/IPD_139_im_Gespraech_1-768x512.jpg 768w\" sizes=\"auto, (max-width: 1024px) 100vw, 1024px\" \/><\/figure>\n<\/div>\n<\/div>\n<\/div>\n\n\n\n<div class=\"wp-block-column is-layout-flow wp-block-column-is-layout-flow\">\n<div class=\"wp-block-columns tw-cols-card tw-cols-card-shadow is-layout-flex wp-container-core-columns-is-layout-d0b3c9c8 wp-block-columns-is-layout-flex\">\n<div class=\"wp-block-column is-layout-flow wp-block-column-is-layout-flow\" style=\"--col-width:100%;flex-basis:100%\">\n<div class=\"wp-block-group alignwide\"><div class=\"wp-block-group__inner-container is-layout-constrained wp-block-group-is-layout-constrained\">\n<div class=\"wp-block-group\"><div class=\"wp-block-group__inner-container is-layout-constrained wp-block-group-is-layout-constrained\">\n<h2 class=\"wp-block-heading has-text-align-left has-h-3-font-size\">Ausbildungsverlauf zur\/zum Kinder- und Jugendlichen Therapeutin\/en<\/h2>\n\n\n\n<p>Die Ausbildung gem\u00e4\u00df \u00a7 5 PsychThG dauert mind. 5 Jahre und gliedert sich in einen theoretischen und einen praktischen Teil:<\/p>\n\n\n\n<p>Der theoretische Teil umfasst 700 Std. in Form von Vorlesungen, Seminaren und \u00dcbungen.<\/p>\n\n\n\n<p>Der praktische Teil besteht aus mindestens 300 Std. Selbsterfahrung in Form von Lehranalyse, Gruppenanalyse und Selbsterfahrung im Spiel. Au\u00dferdem aus einer S\u00e4uglingsbeobachtung, einem Anamnesepraktikum, der Durchf\u00fchrung eigener Therapien und deren Supervision, sowie der Ableistung eines Psychiatriepraktikums.<\/p>\n\n\n\n<p>Bevor die Ausbildung mit einer staatlichen Pr\u00fcfung abgeschlossen werden kann, muss ein instituts\u00f6ffentliches Fallkolloquium erfolgen.<\/p>\n\n\n\n<p>Das Kolloquium wird von zwei selbst gew\u00e4hlten Supervisorinnen geleitet, die \u00fcber den Erfolg entscheiden.<\/p>\n\n\n\n<p>Danach k\u00f6nnen die Ausbildungsteilnehmer_innen mit Zustimmung des AWA bei dem Landespr\u00fcfungsamt des Landes NRW einen Antrag auf Zulassung zur Pr\u00fcfung stellen. Das Landespr\u00fcfungsamt entscheidet nach der Pr\u00fcfung der Voraussetzungen \u00fcber die Zulassung zur staatlichen Pr\u00fcfung. Es bestellt in Absprache mit der Ausbildungsst\u00e4tte die Pr\u00fcfungskommission und regelt die Ladung zu den Pr\u00fcfungsterminen.<\/p>\n\n\n\n<p>Mit dem Bestehen der Pr\u00fcfung wird vom Innenministerium des Landes NRW eine Approbation erteilt, die zum Eintrag ins Arztregister berechtigt.<\/p>\n<\/div><\/div>\n<\/div><\/div>\n<\/div>\n<\/div>\n<\/div>\n<\/div>\n\n\n\n<div class=\"wp-block-columns alignwide is-layout-flex wp-container-core-columns-is-layout-d0b3c9c8 wp-block-columns-is-layout-flex\">\n<div class=\"wp-block-column is-layout-flow wp-block-column-is-layout-flow\">\n<div class=\"wp-block-columns tw-cols-card tw-cols-card-shadow is-layout-flex wp-container-core-columns-is-layout-d0b3c9c8 wp-block-columns-is-layout-flex\">\n<div class=\"wp-block-column is-layout-flow wp-block-column-is-layout-flow\" style=\"--col-width:100%;flex-basis:100%\">\n<div class=\"wp-block-group alignwide\"><div class=\"wp-block-group__inner-container is-layout-constrained wp-block-group-is-layout-constrained\">\n<div class=\"wp-block-group\"><div class=\"wp-block-group__inner-container is-layout-constrained wp-block-group-is-layout-constrained\">\n<h2 class=\"wp-block-heading has-h-3-font-size\">Ansprechpartner f\u00fcr Fragen rund um die S\u00e4uglingsbeobachtung :<\/h2>\n\n\n\n<p>Dipl.-P\u00e4d. Petra Adler-Corman (VAKJP\/DPG\/DGIP)<br>Freiligrathstr. 27<br>40479 D\u00fcsseldorf<br>Tel: 0211 \/ 40 37 45<br>E-Mail: adler-corman@t-online.de<\/p>\n\n\n\n<p>Dipl.-Soz. P\u00e4d. Gabriele Engelhardt (VAKJP)<br>Sankt-Hubertus-Ring 48<br>40589 D\u00fcsseldorf<br>Tel: 0211 \/ 23 92 04 88<br>E-Mail: <a href=\"mailto:engelhardt-praxis@web.de\">engelhardt-praxis@web.de<\/a><\/p>\n\n\n\n<p>Thomas Hartmann (VAKJP)<br>Graf-Bernadotte-Str. 34<br>45133 Essen<br>Tel: 0201 \/ 17 00 268<br>E-Mail: <a href=\"mailto:praxis.thomashartmann@t-online.de\">praxis.thomashartmann@t-online.de<\/a><\/p>\n<\/div><\/div>\n<\/div><\/div>\n<\/div>\n<\/div>\n<\/div>\n\n\n\n<div class=\"wp-block-column is-layout-flow wp-block-column-is-layout-flow\">\n<div class=\"wp-block-columns tw-cols-card tw-cols-card-shadow is-layout-flex wp-container-core-columns-is-layout-d0b3c9c8 wp-block-columns-is-layout-flex\">\n<div class=\"wp-block-column is-layout-flow wp-block-column-is-layout-flow\" style=\"--col-width:100%;flex-basis:100%\">\n<figure class=\"wp-block-image size-full\"><img loading=\"lazy\" decoding=\"async\" width=\"1024\" height=\"683\" src=\"https:\/\/www.psychoanalyse-duesseldorf.de\/cms\/wp-content\/uploads\/2022\/09\/IPD_127_Sandkasten_2.jpg\" alt=\"\" class=\"wp-image-3809\" srcset=\"https:\/\/www.psychoanalyse-duesseldorf.de\/cms\/wp-content\/uploads\/2022\/09\/IPD_127_Sandkasten_2.jpg 1024w, https:\/\/www.psychoanalyse-duesseldorf.de\/cms\/wp-content\/uploads\/2022\/09\/IPD_127_Sandkasten_2-300x200.jpg 300w, https:\/\/www.psychoanalyse-duesseldorf.de\/cms\/wp-content\/uploads\/2022\/09\/IPD_127_Sandkasten_2-768x512.jpg 768w\" sizes=\"auto, (max-width: 1024px) 100vw, 1024px\" \/><\/figure>\n<\/div>\n<\/div>\n<\/div>\n<\/div>\n","protected":false},"excerpt":{"rendered":"<p>Aktuell bieten wir keine neuen Aus- und Weiterbildungspl\u00e4tze an Staatlich anerkannte Ausbildung zur\/zum Kinder-und Jugendlichenpsychotherapeutin\/en Die KJP-Abteilung des IPD verf\u00fcgt \u00fcber die Zulassung zur psychodynamischen Ausbildung f\u00fcr Kinder, Jugendliche und junge Erwachsene. Die Absolventen und Absolventinnen verf\u00fcgen mit dem Abschluss sowohl \u00fcber die tiefenpsychologische wie \u00fcber die analytische Approbation als KJ-Psychotherapeutin\/en. Danach k\u00f6nnen Sie in&hellip; <a class=\"more-link\" href=\"https:\/\/www.psychoanalyse-duesseldorf.de\/?page_id=133\"><span class=\"screen-reader-text\">Zur Behandlung von Kindern und Jugendlichen<\/span> weiterlesen<\/a><\/p>\n","protected":false},"author":1,"featured_media":0,"parent":34,"menu_order":2,"comment_status":"closed","ping_status":"closed","template":"","meta":{"footnotes":""},"class_list":["post-133","page","type-page","status-publish","hentry","entry"],"_links":{"self":[{"href":"https:\/\/www.psychoanalyse-duesseldorf.de\/index.php?rest_route=\/wp\/v2\/pages\/133","targetHints":{"allow":["GET"]}}],"collection":[{"href":"https:\/\/www.psychoanalyse-duesseldorf.de\/index.php?rest_route=\/wp\/v2\/pages"}],"about":[{"href":"https:\/\/www.psychoanalyse-duesseldorf.de\/index.php?rest_route=\/wp\/v2\/types\/page"}],"author":[{"embeddable":true,"href":"https:\/\/www.psychoanalyse-duesseldorf.de\/index.php?rest_route=\/wp\/v2\/users\/1"}],"replies":[{"embeddable":true,"href":"https:\/\/www.psychoanalyse-duesseldorf.de\/index.php?rest_route=%2Fwp%2Fv2%2Fcomments&post=133"}],"version-history":[{"count":29,"href":"https:\/\/www.psychoanalyse-duesseldorf.de\/index.php?rest_route=\/wp\/v2\/pages\/133\/revisions"}],"predecessor-version":[{"id":5266,"href":"https:\/\/www.psychoanalyse-duesseldorf.de\/index.php?rest_route=\/wp\/v2\/pages\/133\/revisions\/5266"}],"up":[{"embeddable":true,"href":"https:\/\/www.psychoanalyse-duesseldorf.de\/index.php?rest_route=\/wp\/v2\/pages\/34"}],"wp:attachment":[{"href":"https:\/\/www.psychoanalyse-duesseldorf.de\/index.php?rest_route=%2Fwp%2Fv2%2Fmedia&parent=133"}],"curies":[{"name":"wp","href":"https:\/\/api.w.org\/{rel}","templated":true}]}}