{"id":1314,"date":"2018-10-30T07:20:23","date_gmt":"2018-10-30T06:20:23","guid":{"rendered":"http:\/\/psychoanalyse-duesseldorf.de.w020562b.kasserver.com\/cms\/?page_id=1314"},"modified":"2025-08-19T23:26:39","modified_gmt":"2025-08-19T21:26:39","slug":"satzung","status":"publish","type":"page","link":"https:\/\/www.psychoanalyse-duesseldorf.de\/?page_id=1314","title":{"rendered":"Satzung"},"content":{"rendered":"\n<div class=\"wp-block-columns alignwide is-layout-flex wp-container-core-columns-is-layout-d0b3c9c8 wp-block-columns-is-layout-flex\">\n<div class=\"wp-block-column is-layout-flow wp-block-column-is-layout-flow\">\n<div class=\"wp-block-columns tw-cols-card tw-cols-card-shadow is-layout-flex wp-container-core-columns-is-layout-d0b3c9c8 wp-block-columns-is-layout-flex\">\n<div class=\"wp-block-column is-layout-flow wp-block-column-is-layout-flow\" style=\"--col-width:100%;flex-basis:100%\">\n<p>Der Verein f\u00fchrt den Namen <strong>Institut f\u00fcr Psychoanalyse und Psychotherapie D\u00fcsseldorf e. V. (IPD)<\/strong> in Zusammenarbeit mit der Klinik und dem Klinischen Institut f\u00fcr Psychosomatische Medizin und Psychotherapie der Heinrich-Heine-Universit\u00e4t D\u00fcsseldorf.<\/p>\n\n\n\n<p>Das IPD hat die Aufgabe, auf dem Gebiet der Psychoanalyse und Psychotherapie die Ausbildung zu Psychologischen Psychotherapeut_innen und zu Kinder- und Jugendlichen-Psychotherapeut_innen entsprechend dem Psychotherapeutengesetz (PsychThG) sowie die Weiterbildung von \u00c4rzt_innen und Psychotherapeut_innen im Bereich Psychoanalyse und Psychotherapie entsprechend den Weiterbildungsrichtlinien der \u00c4rztekammer Nordrhein und der Psychotherapeutenkammer NRW zu gew\u00e4hrleisten.<\/p>\n\n\n\n<p>Es hat ebenfalls die Aufgabe, die Weiterbildung von \u00c4rzt_innen und Psychotherapeut_innen nach den Richtlinien der Deutschen Gesellschaft f\u00fcr Psychoanalyse, Psychotherapie, Psychosomatik und Tiefenpsychologie e.V. (DGPT) zu vermitteln, die Weiterbildung zu Analytischen Kinder- und Jugendlichen-Psychotherapeut_innen nach den Grundanforderungen der Sektion Ausbildung der Vereinigung f\u00fcr analytische und tiefenpsychologische Kinder- und Jugendlichen-Psychotherapie in Deutschland (VAKJP) sowie die Fortbildung f\u00fcr Mitglieder und Angeh\u00f6rige anderer akademischer Berufe im Bereich der Psychoanalyse und Psychotherapie.<\/p>\n\n\n\n<p>Dazu bietet das IPD Lehrg\u00e4nge und Lehrveranstaltungen sowie in seinen Ambulanzen praktische Psychotherapieausbildung an und organisiert Vortr\u00e4ge und Ver\u00f6ffentlichungen.<\/p>\n\n\n\n<p>Zu den Aufgaben des Vereins geh\u00f6ren ferner die Durchf\u00fchrung und F\u00f6rderung medizinisch-psychologischer Forschung, insbesondere im Grundlagen- und Anwendungsbereich der Psychoanalyse.<\/p>\n<\/div>\n<\/div>\n<\/div>\n\n\n\n<div class=\"wp-block-column is-layout-flow wp-block-column-is-layout-flow\">\n<div class=\"wp-block-columns tw-cols-card tw-cols-card-shadow is-layout-flex wp-container-core-columns-is-layout-d0b3c9c8 wp-block-columns-is-layout-flex\">\n<div class=\"wp-block-column is-layout-flow wp-block-column-is-layout-flow\" style=\"--col-width:100%;flex-basis:100%\">\n<div class=\"wp-block-group\"><div class=\"wp-block-group__inner-container is-layout-constrained wp-block-group-is-layout-constrained\">\n<div class=\"wp-block-group has-subtle-background-color has-background\"><div class=\"wp-block-group__inner-container is-layout-constrained wp-block-group-is-layout-constrained\">\n<p class=\"has-text-align-center has-large-font-size\">Die Satzung finden Sie hier<\/p>\n\n\n\n<div class=\"wp-block-buttons is-content-justification-center is-layout-flex wp-container-core-buttons-is-layout-a89b3969 wp-block-buttons-is-layout-flex\">\n<div class=\"wp-block-button\"><a class=\"wp-block-button__link has-white-color has-text-color has-background has-link-color wp-element-button\" href=\"https:\/\/www.psychoanalyse-duesseldorf.de\/cms\/wp-content\/uploads\/2025\/08\/2024-11-11-Satzung-IPD.pdf\" style=\"background-color:#891039\" target=\"_blank\" rel=\"noreferrer noopener\">Download<\/a><\/div>\n<\/div>\n<\/div><\/div>\n<\/div><\/div>\n<\/div>\n<\/div>\n\n\n\n<div class=\"wp-block-columns tw-cols-card tw-cols-card-shadow is-layout-flex wp-container-core-columns-is-layout-d0b3c9c8 wp-block-columns-is-layout-flex\">\n<div class=\"wp-block-column is-layout-flow wp-block-column-is-layout-flow\">\n<figure class=\"wp-block-image size-full\"><img loading=\"lazy\" decoding=\"async\" width=\"1024\" height=\"683\" src=\"https:\/\/www.psychoanalyse-duesseldorf.de\/cms\/wp-content\/uploads\/2024\/04\/IPD_424_Blumen_6.jpg\" alt=\"\" class=\"wp-image-4355\" srcset=\"https:\/\/www.psychoanalyse-duesseldorf.de\/cms\/wp-content\/uploads\/2024\/04\/IPD_424_Blumen_6.jpg 1024w, https:\/\/www.psychoanalyse-duesseldorf.de\/cms\/wp-content\/uploads\/2024\/04\/IPD_424_Blumen_6-300x200.jpg 300w, https:\/\/www.psychoanalyse-duesseldorf.de\/cms\/wp-content\/uploads\/2024\/04\/IPD_424_Blumen_6-768x512.jpg 768w\" sizes=\"auto, (max-width: 1024px) 100vw, 1024px\" \/><\/figure>\n<\/div>\n<\/div>\n<\/div>\n<\/div>\n","protected":false},"excerpt":{"rendered":"<p>Der Verein f\u00fchrt den Namen Institut f\u00fcr Psychoanalyse und Psychotherapie D\u00fcsseldorf e. V. (IPD) in Zusammenarbeit mit der Klinik und dem Klinischen Institut f\u00fcr Psychosomatische Medizin und Psychotherapie der Heinrich-Heine-Universit\u00e4t D\u00fcsseldorf. Das IPD hat die Aufgabe, auf dem Gebiet der Psychoanalyse und Psychotherapie die Ausbildung zu Psychologischen Psychotherapeut_innen und zu Kinder- und Jugendlichen-Psychotherapeut_innen entsprechend dem&hellip; <a class=\"more-link\" href=\"https:\/\/www.psychoanalyse-duesseldorf.de\/?page_id=1314\"><span class=\"screen-reader-text\">Satzung<\/span> weiterlesen<\/a><\/p>\n","protected":false},"author":1,"featured_media":0,"parent":19,"menu_order":1,"comment_status":"closed","ping_status":"closed","template":"","meta":{"footnotes":""},"class_list":["post-1314","page","type-page","status-publish","hentry","entry"],"_links":{"self":[{"href":"https:\/\/www.psychoanalyse-duesseldorf.de\/index.php?rest_route=\/wp\/v2\/pages\/1314","targetHints":{"allow":["GET"]}}],"collection":[{"href":"https:\/\/www.psychoanalyse-duesseldorf.de\/index.php?rest_route=\/wp\/v2\/pages"}],"about":[{"href":"https:\/\/www.psychoanalyse-duesseldorf.de\/index.php?rest_route=\/wp\/v2\/types\/page"}],"author":[{"embeddable":true,"href":"https:\/\/www.psychoanalyse-duesseldorf.de\/index.php?rest_route=\/wp\/v2\/users\/1"}],"replies":[{"embeddable":true,"href":"https:\/\/www.psychoanalyse-duesseldorf.de\/index.php?rest_route=%2Fwp%2Fv2%2Fcomments&post=1314"}],"version-history":[{"count":31,"href":"https:\/\/www.psychoanalyse-duesseldorf.de\/index.php?rest_route=\/wp\/v2\/pages\/1314\/revisions"}],"predecessor-version":[{"id":5237,"href":"https:\/\/www.psychoanalyse-duesseldorf.de\/index.php?rest_route=\/wp\/v2\/pages\/1314\/revisions\/5237"}],"up":[{"embeddable":true,"href":"https:\/\/www.psychoanalyse-duesseldorf.de\/index.php?rest_route=\/wp\/v2\/pages\/19"}],"wp:attachment":[{"href":"https:\/\/www.psychoanalyse-duesseldorf.de\/index.php?rest_route=%2Fwp%2Fv2%2Fmedia&parent=1314"}],"curies":[{"name":"wp","href":"https:\/\/api.w.org\/{rel}","templated":true}]}}