{"id":109,"date":"2016-12-28T17:53:37","date_gmt":"2016-12-28T16:53:37","guid":{"rendered":"http:\/\/psychoanalyse-duesseldorf.de.w020562b.kasserver.com\/cms\/cms\/?page_id=109"},"modified":"2024-07-19T15:28:37","modified_gmt":"2024-07-19T13:28:37","slug":"allgemeine-hinweise","status":"publish","type":"page","link":"https:\/\/www.psychoanalyse-duesseldorf.de\/?page_id=109","title":{"rendered":"Allgemeine Hinweise"},"content":{"rendered":"\n<div class=\"wp-block-columns alignwide is-layout-flex wp-container-core-columns-is-layout-d0b3c9c8 wp-block-columns-is-layout-flex\">\n<div class=\"wp-block-column is-layout-flow wp-block-column-is-layout-flow\">\n<div class=\"wp-block-columns tw-cols-card tw-cols-card-shadow is-layout-flex wp-container-core-columns-is-layout-d0b3c9c8 wp-block-columns-is-layout-flex\">\n<div class=\"wp-block-column is-layout-flow wp-block-column-is-layout-flow\" style=\"--col-width:100%;flex-basis:100%\">\n<div class=\"wp-block-group\"><div class=\"wp-block-group__inner-container is-layout-constrained wp-block-group-is-layout-constrained\">\n<h3 class=\"wp-block-heading\">Anmeldeprocedere f\u00fcr Gasth\u00f6rer_innen am IPD<\/h3>\n\n\n\n<ul class=\"wp-block-list\">\n<li>Bitte melden Sie sich unbedingt bis sp\u00e4testens 10 Tage vor dem 1. Termin per Mail und unter Angabe Ihrer Telefonnummer bei den Dozent_innen an, wenn Sie als Gasth\u00f6rer_in oder externe\/r Teilnehmer_in im Rahmen der Kooperation mit den DGPT-\/AKJP-Instituten an einem Seminar teilnehmen wollen.<\/li>\n\n\n\n<li>Die Veranstaltungen \u201ef\u00fcr alle H\u00f6rer_innen\u201c sind f\u00fcr Gasth\u00f6rer_innen unabh\u00e4ngig vom Stand der Ausbildung zug\u00e4nglich.<\/li>\n\n\n\n<li><strong>Alle Kandidat_innen<\/strong> des IPD melden sich bitte \u00fcber den Link an, den Sie vom Sekretariat erhalten haben.<br>Nur wenn Sie sich wegen eines Referates oder einer Fallvorstellung direkt mit der\/dem Dozent_in abstimmen m\u00f6chten, senden Sie eine Mail an die Dozent_innen. Bitte bei der Anmeldung einer Fallvorstellung im KTS angeben (ebenfalls \u00fcber den Link), wenn Patient_innen zwischen 17-22 Jahren vorgestellt werden, damit diese f\u00fcr beide Abteilungen angerechnet werden k\u00f6nnen.<\/li>\n\n\n\n<li>Da bei den einzelnen Seminarank\u00fcndigungen die Literaturangaben nur zum Teil aufgef\u00fchrt werden, erfragen Sie diese bitte bei den Dozent_innen und kl\u00e4ren, wie Sie Zugang zu den Literaturstellen bekommen.<\/li>\n<\/ul>\n\n\n\n<h3 class=\"wp-block-heading\">Kontaktdaten<\/h3>\n\n\n\n<ul class=\"wp-block-list\">\n<li><strong>der Lehrenden<\/strong> finden Sie \u00fcber diesen <a href=\"https:\/\/www.psychoanalyse-duesseldorf.de\/cms\/?page_id=3777\">Link<\/a> oder unter \u201e\u00dcber uns\u201c<\/li>\n\n\n\n<li><strong>der Kandidat_innen <\/strong>finden Mitglieder\/Kandidat_innen im internen Bereich der Homepage<\/li>\n<\/ul>\n<\/div><\/div>\n<\/div>\n<\/div>\n<\/div>\n\n\n\n<div class=\"wp-block-column is-layout-flow wp-block-column-is-layout-flow\">\n<div class=\"wp-block-columns tw-cols-card tw-cols-card-shadow is-layout-flex wp-container-core-columns-is-layout-d0b3c9c8 wp-block-columns-is-layout-flex\">\n<div class=\"wp-block-column is-layout-flow wp-block-column-is-layout-flow\" style=\"--col-width:100%;flex-basis:100%\">\n<div class=\"wp-block-group\"><div class=\"wp-block-group__inner-container is-layout-constrained wp-block-group-is-layout-constrained\">\n<figure class=\"wp-block-image size-full\"><img loading=\"lazy\" decoding=\"async\" width=\"1024\" height=\"683\" src=\"https:\/\/www.psychoanalyse-duesseldorf.de\/cms\/wp-content\/uploads\/2022\/09\/IPD_431_Blumen_8.jpg\" alt=\"\" class=\"wp-image-3814\" srcset=\"https:\/\/www.psychoanalyse-duesseldorf.de\/cms\/wp-content\/uploads\/2022\/09\/IPD_431_Blumen_8.jpg 1024w, https:\/\/www.psychoanalyse-duesseldorf.de\/cms\/wp-content\/uploads\/2022\/09\/IPD_431_Blumen_8-300x200.jpg 300w, https:\/\/www.psychoanalyse-duesseldorf.de\/cms\/wp-content\/uploads\/2022\/09\/IPD_431_Blumen_8-768x512.jpg 768w\" sizes=\"auto, (max-width: 1024px) 100vw, 1024px\" \/><\/figure>\n<\/div><\/div>\n<\/div>\n<\/div>\n\n\n\n<div class=\"wp-block-columns tw-cols-card tw-cols-card-shadow is-layout-flex wp-container-core-columns-is-layout-d0b3c9c8 wp-block-columns-is-layout-flex\">\n<div class=\"wp-block-column is-layout-flow wp-block-column-is-layout-flow\" style=\"--col-width:100%;flex-basis:100%\">\n<div class=\"wp-block-group\"><div class=\"wp-block-group__inner-container is-layout-constrained wp-block-group-is-layout-constrained\">\n<h3 class=\"wp-block-heading\">Zuordnungsschl\u00fcssel<\/h3>\n\n\n\n<div class=\"wp-block-group has-subtle-background-color has-background\"><div class=\"wp-block-group__inner-container is-layout-constrained wp-block-group-is-layout-constrained\">\n<p class=\"has-text-align-center has-large-font-size\">Zuordnung nach dem Gegenstandskatalog f\u00fcr die schriftlichen Pr\u00fcfungen nach dem Psychotherapeutengesetz<\/p>\n\n\n\n<div class=\"wp-block-buttons is-content-justification-center is-layout-flex wp-container-core-buttons-is-layout-a89b3969 wp-block-buttons-is-layout-flex\">\n<div class=\"wp-block-button is-style-fill\"><a class=\"wp-block-button__link has-white-color has-text-color has-background has-link-color wp-element-button\" href=\"https:\/\/www.psychoanalyse-duesseldorf.de\/cms\/wp-content\/uploads\/2024\/05\/Zuordnungsschluessel-Gegenstandskatalog-Psychotherapeutengesetz.pdf\" style=\"background-color:#891039\" target=\"_blank\" rel=\"noreferrer noopener\">Download<\/a><\/div>\n<\/div>\n<\/div><\/div>\n\n\n\n<div style=\"height:16px\" aria-hidden=\"true\" class=\"wp-block-spacer\"><\/div>\n\n\n\n<div class=\"wp-block-group has-subtle-background-color has-background\"><div class=\"wp-block-group__inner-container is-layout-constrained wp-block-group-is-layout-constrained\">\n<p class=\"has-text-align-center has-large-font-size\">Theoretisches Lehrprogramm der DGPT<\/p>\n\n\n\n<p class=\"has-text-align-center\">Die r\u00f6mischen Ziffern im Kursprogramm weisen auf die Bereiche hin, die im Rahmen des DGPT-Lehrprogramms angerechnet werden.<\/p>\n\n\n\n<div class=\"wp-block-buttons is-content-justification-center is-layout-flex wp-container-core-buttons-is-layout-a89b3969 wp-block-buttons-is-layout-flex\">\n<div class=\"wp-block-button\"><a class=\"wp-block-button__link has-white-color has-text-color has-background has-link-color wp-element-button\" href=\"https:\/\/www.psychoanalyse-duesseldorf.de\/cms\/wp-content\/uploads\/2024\/05\/Zuordnungsschluessel-DGPT.pdf\" style=\"background-color:#891039\" target=\"_blank\" rel=\"noreferrer noopener\">Download<\/a><\/div>\n<\/div>\n<\/div><\/div>\n\n\n\n<div style=\"height:16px\" aria-hidden=\"true\" class=\"wp-block-spacer\"><\/div>\n\n\n\n<div class=\"wp-block-group has-subtle-background-color has-background\"><div class=\"wp-block-group__inner-container is-layout-constrained wp-block-group-is-layout-constrained\">\n<p class=\"has-text-align-center has-large-font-size\">Die Geb\u00fchrenordnung finden Sie hier<\/p>\n\n\n\n<div class=\"wp-block-buttons is-content-justification-center is-layout-flex wp-container-core-buttons-is-layout-a89b3969 wp-block-buttons-is-layout-flex\">\n<div class=\"wp-block-button\"><a class=\"wp-block-button__link has-white-color has-text-color has-background has-link-color wp-element-button\" href=\"https:\/\/www.psychoanalyse-duesseldorf.de\/cms\/wp-content\/uploads\/2024\/05\/Gebuehren.pdf\" style=\"background-color:#891039\" target=\"_blank\" rel=\"noreferrer noopener\">Download<\/a><\/div>\n<\/div>\n<\/div><\/div>\n<\/div><\/div>\n<\/div>\n<\/div>\n<\/div>\n<\/div>\n","protected":false},"excerpt":{"rendered":"<p>Anmeldeprocedere f\u00fcr Gasth\u00f6rer_innen am IPD Kontaktdaten Zuordnungsschl\u00fcssel Zuordnung nach dem Gegenstandskatalog f\u00fcr die schriftlichen Pr\u00fcfungen nach dem Psychotherapeutengesetz Theoretisches Lehrprogramm der DGPT Die r\u00f6mischen Ziffern im Kursprogramm weisen auf die Bereiche hin, die im Rahmen des DGPT-Lehrprogramms angerechnet werden. Die Geb\u00fchrenordnung finden Sie hier<\/p>\n","protected":false},"author":1,"featured_media":0,"parent":40,"menu_order":8,"comment_status":"closed","ping_status":"closed","template":"","meta":{"footnotes":""},"class_list":["post-109","page","type-page","status-publish","hentry","entry"],"_links":{"self":[{"href":"https:\/\/www.psychoanalyse-duesseldorf.de\/index.php?rest_route=\/wp\/v2\/pages\/109","targetHints":{"allow":["GET"]}}],"collection":[{"href":"https:\/\/www.psychoanalyse-duesseldorf.de\/index.php?rest_route=\/wp\/v2\/pages"}],"about":[{"href":"https:\/\/www.psychoanalyse-duesseldorf.de\/index.php?rest_route=\/wp\/v2\/types\/page"}],"author":[{"embeddable":true,"href":"https:\/\/www.psychoanalyse-duesseldorf.de\/index.php?rest_route=\/wp\/v2\/users\/1"}],"replies":[{"embeddable":true,"href":"https:\/\/www.psychoanalyse-duesseldorf.de\/index.php?rest_route=%2Fwp%2Fv2%2Fcomments&post=109"}],"version-history":[{"count":9,"href":"https:\/\/www.psychoanalyse-duesseldorf.de\/index.php?rest_route=\/wp\/v2\/pages\/109\/revisions"}],"predecessor-version":[{"id":5079,"href":"https:\/\/www.psychoanalyse-duesseldorf.de\/index.php?rest_route=\/wp\/v2\/pages\/109\/revisions\/5079"}],"up":[{"embeddable":true,"href":"https:\/\/www.psychoanalyse-duesseldorf.de\/index.php?rest_route=\/wp\/v2\/pages\/40"}],"wp:attachment":[{"href":"https:\/\/www.psychoanalyse-duesseldorf.de\/index.php?rest_route=%2Fwp%2Fv2%2Fmedia&parent=109"}],"curies":[{"name":"wp","href":"https:\/\/api.w.org\/{rel}","templated":true}]}}